{"id":1819,"date":"2021-02-22T17:19:48","date_gmt":"2021-02-22T17:19:48","guid":{"rendered":"https:\/\/lerkilsbatvarv.se\/?page_id=1819"},"modified":"2021-03-06T19:58:49","modified_gmt":"2021-03-06T19:58:49","slug":"nya-batar","status":"publish","type":"page","link":"https:\/\/lerkilsbatvarv.se\/en\/nya-batar\/","title":{"rendered":"Nya b\u00e5tar"},"content":{"rendered":"<div data-elementor-type=\"wp-page\" data-elementor-id=\"1819\" class=\"elementor elementor-1819\">\n\t\t\t\t\t\t<section class=\"elementor-section elementor-top-section elementor-element elementor-element-7b99348 elementor-section-full_width elementor-section-height-default elementor-section-height-default\" data-id=\"7b99348\" data-element_type=\"section\" data-settings=\"{&quot;background_background&quot;:&quot;classic&quot;}\">\n\t\t\t\t\t\t\t<div class=\"elementor-background-overlay\"><\/div>\n\t\t\t\t\t\t\t<div class=\"elementor-container elementor-column-gap-default\">\n\t\t\t\t\t<div class=\"elementor-column elementor-col-100 elementor-top-column elementor-element elementor-element-8388f14\" data-id=\"8388f14\" data-element_type=\"column\">\n\t\t\t<div class=\"elementor-widget-wrap elementor-element-populated\">\n\t\t\t\t\t\t<div class=\"elementor-element elementor-element-8a7bfc1 elementor-widget elementor-widget-heading\" data-id=\"8a7bfc1\" data-element_type=\"widget\" data-widget_type=\"heading.default\">\n\t\t\t\t<div class=\"elementor-widget-container\">\n\t\t\t<h2 class=\"elementor-heading-title elementor-size-default\">NYA B\u00c5TAR<\/h2>\t\t<\/div>\n\t\t\t\t<\/div>\n\t\t\t\t\t<\/div>\n\t\t<\/div>\n\t\t\t\t\t<\/div>\n\t\t<\/section>\n\t\t\t\t<section class=\"elementor-section elementor-top-section elementor-element elementor-element-0804492 elementor-section-boxed elementor-section-height-default elementor-section-height-default\" data-id=\"0804492\" data-element_type=\"section\" data-settings=\"{&quot;background_background&quot;:&quot;classic&quot;}\">\n\t\t\t\t\t\t<div class=\"elementor-container elementor-column-gap-default\">\n\t\t\t\t\t<div class=\"elementor-column elementor-col-33 elementor-top-column elementor-element elementor-element-6500b44\" data-id=\"6500b44\" data-element_type=\"column\">\n\t\t\t<div class=\"elementor-widget-wrap elementor-element-populated\">\n\t\t\t\t\t\t<div class=\"elementor-element elementor-element-81347fd elementor-widget elementor-widget-image\" data-id=\"81347fd\" data-element_type=\"widget\" data-widget_type=\"image.default\">\n\t\t\t\t<div class=\"elementor-widget-container\">\n\t\t\t\t\t\t\t\t\t\t\t\t\t\t<a href=\"https:\/\/lerkilsbatvarv.se\/en\/askeladden\/\">\n\t\t\t\t\t\t\t<img fetchpriority=\"high\" decoding=\"async\" width=\"677\" height=\"452\" src=\"https:\/\/lerkilsbatvarv.se\/wp-content\/uploads\/Askeladden.jpg\" class=\"attachment-large size-large wp-image-4723\" alt=\"Askeladden\" srcset=\"https:\/\/lerkilsbatvarv.se\/wp-content\/uploads\/Askeladden.jpg 677w, https:\/\/lerkilsbatvarv.se\/wp-content\/uploads\/Askeladden-300x200.jpg 300w, https:\/\/lerkilsbatvarv.se\/wp-content\/uploads\/Askeladden-600x401.jpg 600w\" sizes=\"(max-width: 677px) 100vw, 677px\" \/>\t\t\t\t\t\t\t\t<\/a>\n\t\t\t\t\t\t\t\t\t\t\t\t\t<\/div>\n\t\t\t\t<\/div>\n\t\t\t\t<div class=\"elementor-element elementor-element-dab3b07 elementor-widget elementor-widget-image\" data-id=\"dab3b07\" data-element_type=\"widget\" data-widget_type=\"image.default\">\n\t\t\t\t<div class=\"elementor-widget-container\">\n\t\t\t\t\t\t\t\t\t\t\t\t\t\t<a href=\"https:\/\/lerkilsbatvarv.se\/en\/flipper\/\">\n\t\t\t\t\t\t\t<img decoding=\"async\" width=\"676\" height=\"455\" src=\"https:\/\/lerkilsbatvarv.se\/wp-content\/uploads\/Flipper.jpg\" class=\"attachment-large size-large wp-image-4726\" alt=\"Flipper\" srcset=\"https:\/\/lerkilsbatvarv.se\/wp-content\/uploads\/Flipper.jpg 676w, https:\/\/lerkilsbatvarv.se\/wp-content\/uploads\/Flipper-300x202.jpg 300w, https:\/\/lerkilsbatvarv.se\/wp-content\/uploads\/Flipper-600x404.jpg 600w\" sizes=\"(max-width: 676px) 100vw, 676px\" \/>\t\t\t\t\t\t\t\t<\/a>\n\t\t\t\t\t\t\t\t\t\t\t\t\t<\/div>\n\t\t\t\t<\/div>\n\t\t\t\t\t<\/div>\n\t\t<\/div>\n\t\t\t\t<div class=\"elementor-column elementor-col-33 elementor-top-column elementor-element elementor-element-88f0bda\" data-id=\"88f0bda\" data-element_type=\"column\">\n\t\t\t<div class=\"elementor-widget-wrap elementor-element-populated\">\n\t\t\t\t\t\t<div class=\"elementor-element elementor-element-fca7535 elementor-widget elementor-widget-image\" data-id=\"fca7535\" data-element_type=\"widget\" data-widget_type=\"image.default\">\n\t\t\t\t<div class=\"elementor-widget-container\">\n\t\t\t\t\t\t\t\t\t\t\t\t\t\t<a href=\"https:\/\/lerkilsbatvarv.se\/en\/bella\/\">\n\t\t\t\t\t\t\t<img decoding=\"async\" width=\"538\" height=\"363\" src=\"https:\/\/lerkilsbatvarv.se\/wp-content\/uploads\/Bella-1.jpg\" class=\"attachment-large size-large wp-image-4759\" alt=\"Bella\" srcset=\"https:\/\/lerkilsbatvarv.se\/wp-content\/uploads\/Bella-1.jpg 538w, https:\/\/lerkilsbatvarv.se\/wp-content\/uploads\/Bella-1-300x202.jpg 300w\" sizes=\"(max-width: 538px) 100vw, 538px\" \/>\t\t\t\t\t\t\t\t<\/a>\n\t\t\t\t\t\t\t\t\t\t\t\t\t<\/div>\n\t\t\t\t<\/div>\n\t\t\t\t<div class=\"elementor-element elementor-element-f36aed0 elementor-widget elementor-widget-image\" data-id=\"f36aed0\" data-element_type=\"widget\" data-widget_type=\"image.default\">\n\t\t\t\t<div class=\"elementor-widget-container\">\n\t\t\t\t\t\t\t\t\t\t\t\t\t\t<a href=\"https:\/\/lerkilsbatvarv.se\/en\/quicksilver-2\/\">\n\t\t\t\t\t\t\t<img loading=\"lazy\" decoding=\"async\" width=\"678\" height=\"453\" src=\"https:\/\/lerkilsbatvarv.se\/wp-content\/uploads\/Quicksilver.jpg\" class=\"attachment-large size-large wp-image-4727\" alt=\"Quicksilver\" srcset=\"https:\/\/lerkilsbatvarv.se\/wp-content\/uploads\/Quicksilver.jpg 678w, https:\/\/lerkilsbatvarv.se\/wp-content\/uploads\/Quicksilver-300x200.jpg 300w, https:\/\/lerkilsbatvarv.se\/wp-content\/uploads\/Quicksilver-600x401.jpg 600w\" sizes=\"(max-width: 678px) 100vw, 678px\" \/>\t\t\t\t\t\t\t\t<\/a>\n\t\t\t\t\t\t\t\t\t\t\t\t\t<\/div>\n\t\t\t\t<\/div>\n\t\t\t\t\t<\/div>\n\t\t<\/div>\n\t\t\t\t<div class=\"elementor-column elementor-col-33 elementor-top-column elementor-element elementor-element-1f60c82\" data-id=\"1f60c82\" data-element_type=\"column\">\n\t\t\t<div class=\"elementor-widget-wrap elementor-element-populated\">\n\t\t\t\t\t\t<div class=\"elementor-element elementor-element-6669091 elementor-widget elementor-widget-image\" data-id=\"6669091\" data-element_type=\"widget\" data-widget_type=\"image.default\">\n\t\t\t\t<div class=\"elementor-widget-container\">\n\t\t\t\t\t\t\t\t\t\t\t\t\t\t<a href=\"https:\/\/lerkilsbatvarv.se\/en\/falcon\/\">\n\t\t\t\t\t\t\t<img loading=\"lazy\" decoding=\"async\" width=\"542\" height=\"367\" src=\"https:\/\/lerkilsbatvarv.se\/wp-content\/uploads\/Falcon-2.jpg\" class=\"attachment-large size-large wp-image-4763\" alt=\"Falcon\" srcset=\"https:\/\/lerkilsbatvarv.se\/wp-content\/uploads\/Falcon-2.jpg 542w, https:\/\/lerkilsbatvarv.se\/wp-content\/uploads\/Falcon-2-300x203.jpg 300w\" sizes=\"(max-width: 542px) 100vw, 542px\" \/>\t\t\t\t\t\t\t\t<\/a>\n\t\t\t\t\t\t\t\t\t\t\t\t\t<\/div>\n\t\t\t\t<\/div>\n\t\t\t\t<div class=\"elementor-element elementor-element-ebdd1d2 elementor-widget elementor-widget-image\" data-id=\"ebdd1d2\" data-element_type=\"widget\" data-widget_type=\"image.default\">\n\t\t\t\t<div class=\"elementor-widget-container\">\n\t\t\t\t\t\t\t\t\t\t\t\t\t\t<a href=\"https:\/\/lerkilsbatvarv.se\/en\/ryds\/\">\n\t\t\t\t\t\t\t<img loading=\"lazy\" decoding=\"async\" width=\"539\" height=\"359\" src=\"https:\/\/lerkilsbatvarv.se\/wp-content\/uploads\/Ryds-3.jpg\" class=\"attachment-large size-large wp-image-4758\" alt=\"Ryds\" srcset=\"https:\/\/lerkilsbatvarv.se\/wp-content\/uploads\/Ryds-3.jpg 539w, https:\/\/lerkilsbatvarv.se\/wp-content\/uploads\/Ryds-3-300x200.jpg 300w\" sizes=\"(max-width: 539px) 100vw, 539px\" \/>\t\t\t\t\t\t\t\t<\/a>\n\t\t\t\t\t\t\t\t\t\t\t\t\t<\/div>\n\t\t\t\t<\/div>\n\t\t\t\t\t<\/div>\n\t\t<\/div>\n\t\t\t\t\t<\/div>\n\t\t<\/section>\n\t\t\t\t<section class=\"elementor-section elementor-top-section elementor-element elementor-element-35f5638 elementor-section-boxed elementor-section-height-default elementor-section-height-default\" data-id=\"35f5638\" data-element_type=\"section\" data-settings=\"{&quot;background_background&quot;:&quot;classic&quot;}\">\n\t\t\t\t\t\t<div class=\"elementor-container elementor-column-gap-default\">\n\t\t\t\t\t<div class=\"elementor-column elementor-col-100 elementor-top-column elementor-element elementor-element-07219b9\" data-id=\"07219b9\" data-element_type=\"column\">\n\t\t\t<div class=\"elementor-widget-wrap elementor-element-populated\">\n\t\t\t\t\t\t<div class=\"elementor-element elementor-element-f672c78 elementor-align-right elementor-widget elementor-widget-button\" data-id=\"f672c78\" data-element_type=\"widget\" data-widget_type=\"button.default\">\n\t\t\t\t<div class=\"elementor-widget-container\">\n\t\t\t\t\t<div class=\"elementor-button-wrapper\">\n\t\t\t<a class=\"elementor-button elementor-button-link elementor-size-sm\" href=\"https:\/\/lerkilsbatvarv.se\/en\/gummibatar\/\">\n\t\t\t\t\t\t<span class=\"elementor-button-content-wrapper\">\n\t\t\t\t\t\t<span class=\"elementor-button-text\">VI HAR \u00c4VEN GUMMIB\u00c5TAR >><\/span>\n\t\t<\/span>\n\t\t\t\t\t<\/a>\n\t\t<\/div>\n\t\t\t\t<\/div>\n\t\t\t\t<\/div>\n\t\t\t\t\t<\/div>\n\t\t<\/div>\n\t\t\t\t\t<\/div>\n\t\t<\/section>\n\t\t\t\t<\/div>","protected":false},"excerpt":{"rendered":"<p>NYA B\u00c5TAR VI HAR \u00c4VEN GUMMIB\u00c5TAR >><\/p>","protected":false},"author":1,"featured_media":0,"parent":0,"menu_order":0,"comment_status":"closed","ping_status":"closed","template":"","meta":{"site-sidebar-layout":"no-sidebar","site-content-layout":"page-builder","ast-global-header-display":"","ast-main-header-display":"","ast-hfb-above-header-display":"","ast-hfb-below-header-display":"","ast-hfb-mobile-header-display":"","site-post-title":"disabled","ast-breadcrumbs-content":"","ast-featured-img":"disabled","footer-sml-layout":"","theme-transparent-header-meta":"enabled","adv-header-id-meta":"","stick-header-meta":"","header-above-stick-meta":"","header-main-stick-meta":"","header-below-stick-meta":"","footnotes":""},"class_list":["post-1819","page","type-page","status-publish","hentry"],"_links":{"self":[{"href":"https:\/\/lerkilsbatvarv.se\/en\/wp-json\/wp\/v2\/pages\/1819","targetHints":{"allow":["GET"]}}],"collection":[{"href":"https:\/\/lerkilsbatvarv.se\/en\/wp-json\/wp\/v2\/pages"}],"about":[{"href":"https:\/\/lerkilsbatvarv.se\/en\/wp-json\/wp\/v2\/types\/page"}],"author":[{"embeddable":true,"href":"https:\/\/lerkilsbatvarv.se\/en\/wp-json\/wp\/v2\/users\/1"}],"replies":[{"embeddable":true,"href":"https:\/\/lerkilsbatvarv.se\/en\/wp-json\/wp\/v2\/comments?post=1819"}],"version-history":[{"count":61,"href":"https:\/\/lerkilsbatvarv.se\/en\/wp-json\/wp\/v2\/pages\/1819\/revisions"}],"predecessor-version":[{"id":5392,"href":"https:\/\/lerkilsbatvarv.se\/en\/wp-json\/wp\/v2\/pages\/1819\/revisions\/5392"}],"wp:attachment":[{"href":"https:\/\/lerkilsbatvarv.se\/en\/wp-json\/wp\/v2\/media?parent=1819"}],"curies":[{"name":"wp","href":"https:\/\/api.w.org\/{rel}","templated":true}]}}