{"id":3961,"date":"2021-02-27T18:37:03","date_gmt":"2021-02-27T18:37:03","guid":{"rendered":"https:\/\/lerkilsbatvarv.se\/?page_id=3961"},"modified":"2021-03-06T20:02:23","modified_gmt":"2021-03-06T20:02:23","slug":"askeladden","status":"publish","type":"page","link":"https:\/\/lerkilsbatvarv.se\/en\/askeladden\/","title":{"rendered":"ASKELADDEN"},"content":{"rendered":"<div data-elementor-type=\"wp-page\" data-elementor-id=\"3961\" class=\"elementor elementor-3961\">\n\t\t\t\t\t\t<section class=\"elementor-section elementor-top-section elementor-element elementor-element-7b99348 elementor-section-full_width elementor-section-height-default elementor-section-height-default\" data-id=\"7b99348\" data-element_type=\"section\" data-settings=\"{&quot;background_background&quot;:&quot;classic&quot;}\">\n\t\t\t\t\t\t\t<div class=\"elementor-background-overlay\"><\/div>\n\t\t\t\t\t\t\t<div class=\"elementor-container elementor-column-gap-default\">\n\t\t\t\t\t<div class=\"elementor-column elementor-col-100 elementor-top-column elementor-element elementor-element-8388f14\" data-id=\"8388f14\" data-element_type=\"column\">\n\t\t\t<div class=\"elementor-widget-wrap elementor-element-populated\">\n\t\t\t\t\t\t<div class=\"elementor-element elementor-element-8a7bfc1 elementor-widget elementor-widget-heading\" data-id=\"8a7bfc1\" data-element_type=\"widget\" data-widget_type=\"heading.default\">\n\t\t\t\t<div class=\"elementor-widget-container\">\n\t\t\t<h2 class=\"elementor-heading-title elementor-size-default\">ASKELADDEN<\/h2>\t\t<\/div>\n\t\t\t\t<\/div>\n\t\t\t\t\t<\/div>\n\t\t<\/div>\n\t\t\t\t\t<\/div>\n\t\t<\/section>\n\t\t\t\t<section class=\"elementor-section elementor-top-section elementor-element elementor-element-5b5614c elementor-section-boxed elementor-section-height-default elementor-section-height-default\" data-id=\"5b5614c\" data-element_type=\"section\" data-settings=\"{&quot;background_background&quot;:&quot;classic&quot;}\">\n\t\t\t\t\t\t<div class=\"elementor-container elementor-column-gap-default\">\n\t\t\t\t\t<div class=\"elementor-column elementor-col-100 elementor-top-column elementor-element elementor-element-95abf5a\" data-id=\"95abf5a\" data-element_type=\"column\">\n\t\t\t<div class=\"elementor-widget-wrap\">\n\t\t\t\t\t\t\t<\/div>\n\t\t<\/div>\n\t\t\t\t\t<\/div>\n\t\t<\/section>\n\t\t\t\t<\/div>","protected":false},"excerpt":{"rendered":"<p>ASKELADDEN Askeladden C61 Bow Rider Fakta L\u00e4ngd: 6,10 m. Bredd: 2,25 m. Vikt: 980 Kg. Antal pers: 7 st. Max motor: 200 hk. &#8212; Relaterade&hellip; Askeladden C61 Center Console Fakta L\u00e4ngd: 6,10 m. Bredd: 2,25 m. Vikt: 950 kg. Antal pers: 7 st. Max motor: 200 hk. Tillbeh\u00f6r: Ladda&hellip; Askeladden C61 Cruiser Fakta L\u00e4ngd: 6,10 &hellip;<\/p>\n<p class=\"read-more\"> <a class=\"\" href=\"https:\/\/lerkilsbatvarv.se\/en\/askeladden\/\"> <span class=\"screen-reader-text\">ASKELADDEN<\/span> Read More &raquo;<\/a><\/p>","protected":false},"author":1,"featured_media":0,"parent":0,"menu_order":0,"comment_status":"closed","ping_status":"closed","template":"","meta":{"site-sidebar-layout":"no-sidebar","site-content-layout":"page-builder","ast-global-header-display":"","ast-main-header-display":"","ast-hfb-above-header-display":"","ast-hfb-below-header-display":"","ast-hfb-mobile-header-display":"","site-post-title":"disabled","ast-breadcrumbs-content":"","ast-featured-img":"disabled","footer-sml-layout":"","theme-transparent-header-meta":"enabled","adv-header-id-meta":"","stick-header-meta":"","header-above-stick-meta":"","header-main-stick-meta":"","header-below-stick-meta":"","footnotes":""},"class_list":["post-3961","page","type-page","status-publish","hentry"],"_links":{"self":[{"href":"https:\/\/lerkilsbatvarv.se\/en\/wp-json\/wp\/v2\/pages\/3961","targetHints":{"allow":["GET"]}}],"collection":[{"href":"https:\/\/lerkilsbatvarv.se\/en\/wp-json\/wp\/v2\/pages"}],"about":[{"href":"https:\/\/lerkilsbatvarv.se\/en\/wp-json\/wp\/v2\/types\/page"}],"author":[{"embeddable":true,"href":"https:\/\/lerkilsbatvarv.se\/en\/wp-json\/wp\/v2\/users\/1"}],"replies":[{"embeddable":true,"href":"https:\/\/lerkilsbatvarv.se\/en\/wp-json\/wp\/v2\/comments?post=3961"}],"version-history":[{"count":55,"href":"https:\/\/lerkilsbatvarv.se\/en\/wp-json\/wp\/v2\/pages\/3961\/revisions"}],"predecessor-version":[{"id":5422,"href":"https:\/\/lerkilsbatvarv.se\/en\/wp-json\/wp\/v2\/pages\/3961\/revisions\/5422"}],"wp:attachment":[{"href":"https:\/\/lerkilsbatvarv.se\/en\/wp-json\/wp\/v2\/media?parent=3961"}],"curies":[{"name":"wp","href":"https:\/\/api.w.org\/{rel}","templated":true}]}}