{"id":4044,"date":"2021-02-27T21:06:05","date_gmt":"2021-02-27T21:06:05","guid":{"rendered":"https:\/\/lerkilsbatvarv.se\/?page_id=4044"},"modified":"2021-03-06T19:59:59","modified_gmt":"2021-03-06T19:59:59","slug":"falcon","status":"publish","type":"page","link":"https:\/\/lerkilsbatvarv.se\/en\/falcon\/","title":{"rendered":"FALCON"},"content":{"rendered":"<div data-elementor-type=\"wp-page\" data-elementor-id=\"4044\" class=\"elementor elementor-4044\">\n\t\t\t\t\t\t<section class=\"elementor-section elementor-top-section elementor-element elementor-element-7b99348 elementor-section-full_width elementor-section-height-default elementor-section-height-default\" data-id=\"7b99348\" data-element_type=\"section\" data-settings=\"{&quot;background_background&quot;:&quot;classic&quot;}\">\n\t\t\t\t\t\t\t<div class=\"elementor-background-overlay\"><\/div>\n\t\t\t\t\t\t\t<div class=\"elementor-container elementor-column-gap-default\">\n\t\t\t\t\t<div class=\"elementor-column elementor-col-100 elementor-top-column elementor-element elementor-element-8388f14\" data-id=\"8388f14\" data-element_type=\"column\">\n\t\t\t<div class=\"elementor-widget-wrap elementor-element-populated\">\n\t\t\t\t\t\t<div class=\"elementor-element elementor-element-8a7bfc1 elementor-widget elementor-widget-heading\" data-id=\"8a7bfc1\" data-element_type=\"widget\" data-widget_type=\"heading.default\">\n\t\t\t\t<div class=\"elementor-widget-container\">\n\t\t\t<h2 class=\"elementor-heading-title elementor-size-default\">FALCON<\/h2>\t\t<\/div>\n\t\t\t\t<\/div>\n\t\t\t\t\t<\/div>\n\t\t<\/div>\n\t\t\t\t\t<\/div>\n\t\t<\/section>\n\t\t\t\t<section class=\"elementor-section elementor-top-section elementor-element elementor-element-5b5614c elementor-section-boxed elementor-section-height-default elementor-section-height-default\" data-id=\"5b5614c\" data-element_type=\"section\" data-settings=\"{&quot;background_background&quot;:&quot;classic&quot;}\">\n\t\t\t\t\t\t<div class=\"elementor-container elementor-column-gap-default\">\n\t\t\t\t\t<div class=\"elementor-column elementor-col-100 elementor-top-column elementor-element elementor-element-95abf5a\" data-id=\"95abf5a\" data-element_type=\"column\">\n\t\t\t<div class=\"elementor-widget-wrap\">\n\t\t\t\t\t\t\t<\/div>\n\t\t<\/div>\n\t\t\t\t\t<\/div>\n\t\t<\/section>\n\t\t\t\t<\/div>","protected":false},"excerpt":{"rendered":"<p>FALCON Falcon BR 5 Fakta L\u00e4ngd: 5,43 m Bredd: 2,05 m. Vikt: 630 kg. Antal pers: 6 st Max motor: 80 hk. Falcon BR 6 Fakta L\u00e4ngd: 5,94 m Bredd: 2,19 m Vikt: 840 kg. Antal pers: 7 st. Max motor: 115 hk. Falcon BR 7 Fakta L\u00e4ngd: 6,51 m Bredd: 2,34 m. Vikt: 1060 &hellip;<\/p>\n<p class=\"read-more\"> <a class=\"\" href=\"https:\/\/lerkilsbatvarv.se\/en\/falcon\/\"> <span class=\"screen-reader-text\">FALCON<\/span> Read More &raquo;<\/a><\/p>","protected":false},"author":1,"featured_media":0,"parent":0,"menu_order":0,"comment_status":"closed","ping_status":"closed","template":"","meta":{"site-sidebar-layout":"no-sidebar","site-content-layout":"page-builder","ast-global-header-display":"","ast-main-header-display":"","ast-hfb-above-header-display":"","ast-hfb-below-header-display":"","ast-hfb-mobile-header-display":"","site-post-title":"disabled","ast-breadcrumbs-content":"","ast-featured-img":"disabled","footer-sml-layout":"","theme-transparent-header-meta":"enabled","adv-header-id-meta":"","stick-header-meta":"","header-above-stick-meta":"","header-main-stick-meta":"","header-below-stick-meta":"","footnotes":""},"class_list":["post-4044","page","type-page","status-publish","hentry"],"_links":{"self":[{"href":"https:\/\/lerkilsbatvarv.se\/en\/wp-json\/wp\/v2\/pages\/4044","targetHints":{"allow":["GET"]}}],"collection":[{"href":"https:\/\/lerkilsbatvarv.se\/en\/wp-json\/wp\/v2\/pages"}],"about":[{"href":"https:\/\/lerkilsbatvarv.se\/en\/wp-json\/wp\/v2\/types\/page"}],"author":[{"embeddable":true,"href":"https:\/\/lerkilsbatvarv.se\/en\/wp-json\/wp\/v2\/users\/1"}],"replies":[{"embeddable":true,"href":"https:\/\/lerkilsbatvarv.se\/en\/wp-json\/wp\/v2\/comments?post=4044"}],"version-history":[{"count":22,"href":"https:\/\/lerkilsbatvarv.se\/en\/wp-json\/wp\/v2\/pages\/4044\/revisions"}],"predecessor-version":[{"id":5407,"href":"https:\/\/lerkilsbatvarv.se\/en\/wp-json\/wp\/v2\/pages\/4044\/revisions\/5407"}],"wp:attachment":[{"href":"https:\/\/lerkilsbatvarv.se\/en\/wp-json\/wp\/v2\/media?parent=4044"}],"curies":[{"name":"wp","href":"https:\/\/api.w.org\/{rel}","templated":true}]}}