{"id":4363,"date":"2021-03-01T10:30:01","date_gmt":"2021-03-01T10:30:01","guid":{"rendered":"https:\/\/lerkilsbatvarv.se\/?page_id=4363"},"modified":"2021-03-06T19:59:17","modified_gmt":"2021-03-06T19:59:17","slug":"mercruiser","status":"publish","type":"page","link":"https:\/\/lerkilsbatvarv.se\/en\/mercruiser\/","title":{"rendered":"MERCRUISER"},"content":{"rendered":"<div data-elementor-type=\"wp-page\" data-elementor-id=\"4363\" class=\"elementor elementor-4363\">\n\t\t\t\t\t\t<section class=\"elementor-section elementor-top-section elementor-element elementor-element-7b99348 elementor-section-full_width elementor-section-height-default elementor-section-height-default\" data-id=\"7b99348\" data-element_type=\"section\" data-settings=\"{&quot;background_background&quot;:&quot;classic&quot;}\">\n\t\t\t\t\t\t\t<div class=\"elementor-background-overlay\"><\/div>\n\t\t\t\t\t\t\t<div class=\"elementor-container elementor-column-gap-default\">\n\t\t\t\t\t<div class=\"elementor-column elementor-col-100 elementor-top-column elementor-element elementor-element-8388f14\" data-id=\"8388f14\" data-element_type=\"column\">\n\t\t\t<div class=\"elementor-widget-wrap elementor-element-populated\">\n\t\t\t\t\t\t<div class=\"elementor-element elementor-element-8a7bfc1 elementor-widget elementor-widget-heading\" data-id=\"8a7bfc1\" data-element_type=\"widget\" data-widget_type=\"heading.default\">\n\t\t\t\t<div class=\"elementor-widget-container\">\n\t\t\t<h2 class=\"elementor-heading-title elementor-size-default\">MERCRUISER<\/h2>\t\t<\/div>\n\t\t\t\t<\/div>\n\t\t\t\t\t<\/div>\n\t\t<\/div>\n\t\t\t\t\t<\/div>\n\t\t<\/section>\n\t\t\t\t<section class=\"elementor-section elementor-top-section elementor-element elementor-element-5b5614c elementor-section-boxed elementor-section-height-default elementor-section-height-default\" data-id=\"5b5614c\" data-element_type=\"section\" data-settings=\"{&quot;background_background&quot;:&quot;classic&quot;}\">\n\t\t\t\t\t\t<div class=\"elementor-container elementor-column-gap-default\">\n\t\t\t\t\t<div class=\"elementor-column elementor-col-100 elementor-top-column elementor-element elementor-element-95abf5a\" data-id=\"95abf5a\" data-element_type=\"column\">\n\t\t\t<div class=\"elementor-widget-wrap\">\n\t\t\t\t\t\t\t<\/div>\n\t\t<\/div>\n\t\t\t\t\t<\/div>\n\t\t<\/section>\n\t\t\t\t<\/div>","protected":false},"excerpt":{"rendered":"<p>MERCRUISER Mecury Diesel 3,0l Tier 3 TDI 260 Fakta Hk 260 Hk. Br\u00e4nsle: Diesel Mercruiser 3,0 MPI ECT Fakta Hk 135 hk. Br\u00e4nsle: Bensin Mercruiser 3,0 TKS Fakta Hk 135 hk. Br\u00e4nsle: Bensin Mercruiser 350 Mag Fakta Hk 300 Hk. Br\u00e4nsle: Bensin Mercruiser 370 Mag Fakta Hk 320 Hk. Br\u00e4nsle: Bensin Mercruiser 4,3 MPI ECT &hellip;<\/p>\n<p class=\"read-more\"> <a class=\"\" href=\"https:\/\/lerkilsbatvarv.se\/en\/mercruiser\/\"> <span class=\"screen-reader-text\">MERCRUISER<\/span> Read More &raquo;<\/a><\/p>","protected":false},"author":1,"featured_media":0,"parent":0,"menu_order":0,"comment_status":"closed","ping_status":"closed","template":"","meta":{"site-sidebar-layout":"no-sidebar","site-content-layout":"page-builder","ast-global-header-display":"","ast-main-header-display":"","ast-hfb-above-header-display":"","ast-hfb-below-header-display":"","ast-hfb-mobile-header-display":"","site-post-title":"disabled","ast-breadcrumbs-content":"","ast-featured-img":"disabled","footer-sml-layout":"","theme-transparent-header-meta":"enabled","adv-header-id-meta":"","stick-header-meta":"","header-above-stick-meta":"","header-main-stick-meta":"","header-below-stick-meta":"","footnotes":""},"class_list":["post-4363","page","type-page","status-publish","hentry"],"_links":{"self":[{"href":"https:\/\/lerkilsbatvarv.se\/en\/wp-json\/wp\/v2\/pages\/4363","targetHints":{"allow":["GET"]}}],"collection":[{"href":"https:\/\/lerkilsbatvarv.se\/en\/wp-json\/wp\/v2\/pages"}],"about":[{"href":"https:\/\/lerkilsbatvarv.se\/en\/wp-json\/wp\/v2\/types\/page"}],"author":[{"embeddable":true,"href":"https:\/\/lerkilsbatvarv.se\/en\/wp-json\/wp\/v2\/users\/1"}],"replies":[{"embeddable":true,"href":"https:\/\/lerkilsbatvarv.se\/en\/wp-json\/wp\/v2\/comments?post=4363"}],"version-history":[{"count":13,"href":"https:\/\/lerkilsbatvarv.se\/en\/wp-json\/wp\/v2\/pages\/4363\/revisions"}],"predecessor-version":[{"id":5398,"href":"https:\/\/lerkilsbatvarv.se\/en\/wp-json\/wp\/v2\/pages\/4363\/revisions\/5398"}],"wp:attachment":[{"href":"https:\/\/lerkilsbatvarv.se\/en\/wp-json\/wp\/v2\/media?parent=4363"}],"curies":[{"name":"wp","href":"https:\/\/api.w.org\/{rel}","templated":true}]}}