{"id":4672,"date":"2021-03-04T08:04:51","date_gmt":"2021-03-04T08:04:51","guid":{"rendered":"https:\/\/lerkilsbatvarv.se\/?page_id=4672"},"modified":"2021-03-06T20:01:34","modified_gmt":"2021-03-06T20:01:34","slug":"erbjudande","status":"publish","type":"page","link":"https:\/\/lerkilsbatvarv.se\/en\/erbjudande\/","title":{"rendered":"Erbjudande"},"content":{"rendered":"<div data-elementor-type=\"wp-page\" data-elementor-id=\"4672\" class=\"elementor elementor-4672\">\n\t\t\t\t\t\t<section class=\"elementor-section elementor-top-section elementor-element elementor-element-7b99348 elementor-section-full_width elementor-section-height-default elementor-section-height-default\" data-id=\"7b99348\" data-element_type=\"section\" data-settings=\"{&quot;background_background&quot;:&quot;classic&quot;}\">\n\t\t\t\t\t\t\t<div class=\"elementor-background-overlay\"><\/div>\n\t\t\t\t\t\t\t<div class=\"elementor-container elementor-column-gap-default\">\n\t\t\t\t\t<div class=\"elementor-column elementor-col-100 elementor-top-column elementor-element elementor-element-8388f14\" data-id=\"8388f14\" data-element_type=\"column\">\n\t\t\t<div class=\"elementor-widget-wrap elementor-element-populated\">\n\t\t\t\t\t\t<div class=\"elementor-element elementor-element-8a7bfc1 elementor-widget elementor-widget-heading\" data-id=\"8a7bfc1\" data-element_type=\"widget\" data-widget_type=\"heading.default\">\n\t\t\t\t<div class=\"elementor-widget-container\">\n\t\t\t<h2 class=\"elementor-heading-title elementor-size-default\">ERBJUDANDE<\/h2>\t\t<\/div>\n\t\t\t\t<\/div>\n\t\t\t\t\t<\/div>\n\t\t<\/div>\n\t\t\t\t\t<\/div>\n\t\t<\/section>\n\t\t\t\t<section class=\"elementor-section elementor-top-section elementor-element elementor-element-587aea2 elementor-section-boxed elementor-section-height-default elementor-section-height-default\" data-id=\"587aea2\" data-element_type=\"section\">\n\t\t\t\t\t\t<div class=\"elementor-container elementor-column-gap-default\">\n\t\t\t\t\t<div class=\"elementor-column elementor-col-100 elementor-top-column elementor-element elementor-element-086a16e\" data-id=\"086a16e\" data-element_type=\"column\">\n\t\t\t<div class=\"elementor-widget-wrap elementor-element-populated\">\n\t\t\t\t\t\t<div class=\"elementor-element elementor-element-0f56264 elementor-widget elementor-widget-text-editor\" data-id=\"0f56264\" data-element_type=\"widget\" data-widget_type=\"text-editor.default\">\n\t\t\t\t<div class=\"elementor-widget-container\">\n\t\t\t\t\t\t\t<p>Vi har erbjudande p\u00e5 nedanst\u00e5nde b\u00e5tar, se<span style=\"color: #666699;\"><strong><a style=\"color: #666699;\" href=\"https:\/\/lerkilsbatvarv.se\/en\/prislista\/\"> prislista &gt;&gt;<\/a><\/strong><\/span><\/p>\t\t\t\t\t\t<\/div>\n\t\t\t\t<\/div>\n\t\t\t\t\t<\/div>\n\t\t<\/div>\n\t\t\t\t\t<\/div>\n\t\t<\/section>\n\t\t\t\t<section class=\"elementor-section elementor-top-section elementor-element elementor-element-f74ea57 elementor-section-boxed elementor-section-height-default elementor-section-height-default\" data-id=\"f74ea57\" data-element_type=\"section\" data-settings=\"{&quot;background_background&quot;:&quot;classic&quot;}\">\n\t\t\t\t\t\t<div class=\"elementor-container elementor-column-gap-default\">\n\t\t\t\t\t<div class=\"elementor-column elementor-col-100 elementor-top-column elementor-element elementor-element-8f172ea\" data-id=\"8f172ea\" data-element_type=\"column\">\n\t\t\t<div class=\"elementor-widget-wrap\">\n\t\t\t\t\t\t\t<\/div>\n\t\t<\/div>\n\t\t\t\t\t<\/div>\n\t\t<\/section>\n\t\t\t\t<\/div>","protected":false},"excerpt":{"rendered":"<p>ERBJUDANDE Vi har erbjudande p\u00e5 nedanst\u00e5nde b\u00e5tar, se prislista &gt;&gt; BELLA 500 BR Fakta L\u00e4ngd: 5,01 m Bredd: 2,01 m Vikt: 575 kg Antal pers: 6 st Max motor: 80 hk Tillbeh\u00f6r: Ladda&hellip; Bella 550 BR Fakta L\u00e4ngd: 5,53 m. Bredd: 2,15 m. Vikt: 650 kg. Antal pers: 7 st. Max motor: 115 hk. Tillbeh\u00f6r: &hellip;<\/p>\n<p class=\"read-more\"> <a class=\"\" href=\"https:\/\/lerkilsbatvarv.se\/en\/erbjudande\/\"> <span class=\"screen-reader-text\">Erbjudande<\/span> Read More &raquo;<\/a><\/p>","protected":false},"author":1,"featured_media":0,"parent":0,"menu_order":0,"comment_status":"closed","ping_status":"closed","template":"","meta":{"site-sidebar-layout":"no-sidebar","site-content-layout":"page-builder","ast-global-header-display":"","ast-main-header-display":"","ast-hfb-above-header-display":"","ast-hfb-below-header-display":"","ast-hfb-mobile-header-display":"","site-post-title":"disabled","ast-breadcrumbs-content":"","ast-featured-img":"disabled","footer-sml-layout":"","theme-transparent-header-meta":"enabled","adv-header-id-meta":"","stick-header-meta":"","header-above-stick-meta":"","header-main-stick-meta":"","header-below-stick-meta":"","footnotes":""},"class_list":["post-4672","page","type-page","status-publish","hentry"],"_links":{"self":[{"href":"https:\/\/lerkilsbatvarv.se\/en\/wp-json\/wp\/v2\/pages\/4672","targetHints":{"allow":["GET"]}}],"collection":[{"href":"https:\/\/lerkilsbatvarv.se\/en\/wp-json\/wp\/v2\/pages"}],"about":[{"href":"https:\/\/lerkilsbatvarv.se\/en\/wp-json\/wp\/v2\/types\/page"}],"author":[{"embeddable":true,"href":"https:\/\/lerkilsbatvarv.se\/en\/wp-json\/wp\/v2\/users\/1"}],"replies":[{"embeddable":true,"href":"https:\/\/lerkilsbatvarv.se\/en\/wp-json\/wp\/v2\/comments?post=4672"}],"version-history":[{"count":43,"href":"https:\/\/lerkilsbatvarv.se\/en\/wp-json\/wp\/v2\/pages\/4672\/revisions"}],"predecessor-version":[{"id":5413,"href":"https:\/\/lerkilsbatvarv.se\/en\/wp-json\/wp\/v2\/pages\/4672\/revisions\/5413"}],"wp:attachment":[{"href":"https:\/\/lerkilsbatvarv.se\/en\/wp-json\/wp\/v2\/media?parent=4672"}],"curies":[{"name":"wp","href":"https:\/\/api.w.org\/{rel}","templated":true}]}}