{"id":1993,"date":"2021-02-23T14:55:03","date_gmt":"2021-02-23T14:55:03","guid":{"rendered":"https:\/\/lerkilsbatvarv.se\/?post_type=product&#038;p=1993"},"modified":"2021-03-11T13:48:23","modified_gmt":"2021-03-11T13:48:23","slug":"c62-br-16","status":"publish","type":"product","link":"https:\/\/lerkilsbatvarv.se\/en\/product\/c62-br-16\/","title":{"rendered":"Askeladden C61 Bow Rider"},"content":{"rendered":"<h2>Askeladden C61 Bow Rider<\/h2>\n<div class=\"row\">\n<div class=\"col-xs-4\">\n<div class=\"field body\">\n<p>Askeladden C61 Bow Rider \u00e4r ett levande exempel p\u00e5 Askeladdens nya designlinje vars sp\u00e4nnande former och nya materialanv\u00e4ndning har imponerat en samlad b\u00e5tbransch.<\/p>\n<p>Den unika sk\u00e4rml\u00f6sningen, som \u00e4r h\u00e4mtad fr\u00e5n C75 Cruiser, bidrar till att ge b\u00e5ten dess eleganta utseende. Cockpiten \u00e4r utrustad med en sportig f\u00f6rarstol. Co-pilotstolen har en vipprygg som i kombination med en L-formad akterb\u00e4nk ger m\u00e5nga sittplatser \u2013 som alla \u00e4r v\u00e4l skyddade bakom den effektiva vindsk\u00e4rmen. I bogen finns en h\u00e4rlig uteplats som kan g\u00f6ras om till sols\u00e4ng. Akterb\u00e4nken och badplattformen har samma fina, \u00f6ppna l\u00f6sning som hos C61 Center Console.<\/p>\n<p>Med ett h\u00f6grest kapell som \u00e4r dolt i en egen kapellbrunn, kan C61 Bow Rider f\u00f6rvandlas fr\u00e5n en \u00f6ppen solskensb\u00e5t till en st\u00e4ngd allv\u00e4dersb\u00e5t p\u00e5 ett \u00f6gonblick. Skrovdesignen \u00e4r unik. Den bygger p\u00e5 samma plattform som C61 Center Console. Stor fartpotential med f\u00f6rstklassiga sj\u00f6egenskaper och stabilitet. Kort sagt \u00e4r det h\u00e4r en \u00e4kta Askeladden som bygger p\u00e5 mer \u00e4n 100 \u00e5rs erfarenhet.<\/p>\n<\/div>\n<\/div>\n<\/div>","protected":false},"excerpt":{"rendered":"<h3 class=\"field-label\">Fakta<\/h3>\n<div class=\"field facts\">\n<div class=\"row\">\n<div class=\"col-xs-3\">\n<div class=\"field facts_type\">L\u00e4ngd: <span style=\"font-size: 16px;\">6,10 m.<\/span><\/div>\n<\/div>\n<\/div>\n<\/div>\n<div class=\"field facts\">\n<div class=\"row\">\n<div class=\"col-xs-3\">\n<div class=\"field facts_type\">Bredd: <span style=\"font-size: 16px;\">2,25 m.<\/span><\/div>\n<\/div>\n<\/div>\n<\/div>\n<div class=\"field facts\">\n<div class=\"row\">\n<div class=\"col-xs-3\">\n<div class=\"field facts_type\">Vikt: <span style=\"font-size: 16px;\">980 Kg.<\/span><\/div>\n<\/div>\n<\/div>\n<\/div>\n<div class=\"field facts\">\n<div class=\"row\">\n<div class=\"col-xs-3\">\n<div class=\"field facts_type\">Antal pers: <span style=\"font-size: 16px;\">7 st.<\/span><\/div>\n<\/div>\n<\/div>\n<\/div>\n<div class=\"field facts\">\n<div class=\"row\">\n<div class=\"col-xs-3\">\n<div class=\"field facts_type\">Max motor: <span style=\"font-size: 16px;\">200 hk.<\/span><\/div>\n<div>\n<div>&#8212;<\/div>\n<div><strong>Relaterade produkter:<\/strong><\/div>\n<\/div>\n<\/div>\n<\/div>\n<\/div>\n<div class=\"field facts\">\n<div class=\"row\">\n<div class=\"col-xs-3\">\n<div class=\"field facts_type\">Tillbeh\u00f6r:<\/div>\n<\/div>\n<div class=\"col-xs-3\">\n<div class=\"field facts_value\">Ladda ner prislistan h\u00e4r p\u00e5 sidan.<\/div>\n<\/div>\n<\/div>\n<\/div>","protected":false},"featured_media":1994,"comment_status":"open","ping_status":"closed","template":"","meta":{"site-sidebar-layout":"default","site-content-layout":"default","ast-global-header-display":"","ast-main-header-display":"","ast-hfb-above-header-display":"","ast-hfb-below-header-display":"","ast-hfb-mobile-header-display":"","site-post-title":"","ast-breadcrumbs-content":"","ast-featured-img":"","footer-sml-layout":"","theme-transparent-header-meta":"default","adv-header-id-meta":"","stick-header-meta":"","header-above-stick-meta":"","header-main-stick-meta":"","header-below-stick-meta":""},"product_cat":[28,53],"product_tag":[54],"class_list":["post-1993","product","type-product","status-publish","has-post-thumbnail","hentry","product_cat-askeladden","product_cat-bow-rider","product_tag-bow-rider"],"_links":{"self":[{"href":"https:\/\/lerkilsbatvarv.se\/en\/wp-json\/wp\/v2\/product\/1993","targetHints":{"allow":["GET"]}}],"collection":[{"href":"https:\/\/lerkilsbatvarv.se\/en\/wp-json\/wp\/v2\/product"}],"about":[{"href":"https:\/\/lerkilsbatvarv.se\/en\/wp-json\/wp\/v2\/types\/product"}],"replies":[{"embeddable":true,"href":"https:\/\/lerkilsbatvarv.se\/en\/wp-json\/wp\/v2\/comments?post=1993"}],"version-history":[{"count":8,"href":"https:\/\/lerkilsbatvarv.se\/en\/wp-json\/wp\/v2\/product\/1993\/revisions"}],"predecessor-version":[{"id":4982,"href":"https:\/\/lerkilsbatvarv.se\/en\/wp-json\/wp\/v2\/product\/1993\/revisions\/4982"}],"wp:featuredmedia":[{"embeddable":true,"href":"https:\/\/lerkilsbatvarv.se\/en\/wp-json\/wp\/v2\/media\/1994"}],"wp:attachment":[{"href":"https:\/\/lerkilsbatvarv.se\/en\/wp-json\/wp\/v2\/media?parent=1993"}],"wp:term":[{"taxonomy":"product_cat","embeddable":true,"href":"https:\/\/lerkilsbatvarv.se\/en\/wp-json\/wp\/v2\/product_cat?post=1993"},{"taxonomy":"product_tag","embeddable":true,"href":"https:\/\/lerkilsbatvarv.se\/en\/wp-json\/wp\/v2\/product_tag?post=1993"}],"curies":[{"name":"wp","href":"https:\/\/api.w.org\/{rel}","templated":true}]}}