{"id":2018,"date":"2021-02-23T18:56:00","date_gmt":"2021-02-23T18:56:00","guid":{"rendered":"https:\/\/lerkilsbatvarv.se\/?post_type=product&#038;p=2018"},"modified":"2021-03-11T13:45:41","modified_gmt":"2021-03-11T13:45:41","slug":"c62-br-16-2","status":"publish","type":"product","link":"https:\/\/lerkilsbatvarv.se\/en\/product\/c62-br-16-2\/","title":{"rendered":"Askeladden C61 Center Console"},"content":{"rendered":"<h2>Askeladden C61 Center Console<\/h2>\n<div class=\"row\">\n<div class=\"col-xs-4\">\n<div class=\"field body\">\n<p>Askeladden C61 s\u00e4tter \u00e5terigen en helt ny standard f\u00f6r fartfyllda fritidsb\u00e5tar. Askeladden C61 Center Console kombinerar en framtidsinriktad design med enast\u00e5ende sj\u00f6egenskaper och praktiska l\u00f6sningar. Styrkonsolen \u00e4r nyskapande med f\u00f6rstklassigt v\u00e4derskydd, suver\u00e4n ergonomi och design. Gedigen cockpit med hela sju sittplatser, sols\u00e4ngsl\u00f6sning och plats f\u00f6r bord.<\/p>\n<p>Akterd\u00e4cket p\u00e5 Askeladden C61 l\u00e5nar det allra b\u00e4sta fr\u00e5n &#8221;storebror&#8221; C65. \u00d6ppen passage fr\u00e5n cockpiten till den stora badplattformen i aktern &#8221;f\u00f6rl\u00e4nger&#8221; durken och underl\u00e4ttar \u00e5tkomsten utan att man m\u00e5ste kl\u00e4ttra \u00f6ver akterb\u00e4nken. Akterb\u00e4nk med vipprygg. Kan utrustas med ett h\u00f6grest kapell som ligger undanstuvat i en egen brunn. C61 har en banbrytande skrovdesign med konventionellt akterskepp kombinerat med ett spetsigt f\u00f6rskepp. Detta ger en fartpotential p\u00e5 hela 45 knop samt mjuk g\u00e5ng n\u00e4r det g\u00e5r v\u00e5gor. Men det mest sp\u00e4nnande \u00e4r nog \u00e4nd\u00e5 b\u00e5tens utseende. Nya sp\u00e4nnande f\u00e4rger, materialanv\u00e4ndning och l\u00e4ckra detaljer har v\u00e4ckt internationell uppm\u00e4rksamhet.<\/p>\n<\/div>\n<\/div>\n<div class=\"col-xs-2\">\n<div class=\"field image\"><\/div>\n<\/div>\n<\/div>","protected":false},"excerpt":{"rendered":"<h3 class=\"field-label\">Fakta<\/h3>\n<div class=\"field facts\">\n<div class=\"row\">\n<div class=\"col-xs-3\">\n<div class=\"field facts_type\">L\u00e4ngd: <span style=\"font-size: 16px;\">6,10 m.<\/span><\/div>\n<\/div>\n<\/div>\n<\/div>\n<div class=\"field facts\">\n<div class=\"row\">\n<div class=\"col-xs-3\">\n<div class=\"field facts_type\">Bredd: <span style=\"font-size: 16px;\">2,25 m.<\/span><\/div>\n<\/div>\n<\/div>\n<\/div>\n<div class=\"field facts\">\n<div class=\"row\">\n<div class=\"col-xs-3\">\n<div class=\"field facts_type\">Vikt: <span style=\"font-size: 16px;\">950 kg.<\/span><\/div>\n<\/div>\n<\/div>\n<\/div>\n<div class=\"field facts\">\n<div class=\"row\">\n<div class=\"col-xs-3\">\n<div class=\"field facts_type\">Antal pers: <span style=\"font-size: 16px;\">7 st.<\/span><\/div>\n<\/div>\n<\/div>\n<\/div>\n<div class=\"field facts\">\n<div class=\"row\">\n<div class=\"col-xs-3\">\n<div class=\"field facts_type\">Max motor: <span style=\"font-size: 16px;\">200 hk.<\/span><\/div>\n<\/div>\n<\/div>\n<\/div>\n<div class=\"field facts\">\n<div class=\"row\">\n<div class=\"col-xs-3\">\n<div class=\"field facts_type\">Tillbeh\u00f6r:<\/div>\n<\/div>\n<div class=\"col-xs-3\">\n<div class=\"field facts_value\">Ladda ner prislistan h\u00e4r p\u00e5 sidan.<\/div>\n<\/div>\n<\/div>\n<\/div>","protected":false},"featured_media":2025,"comment_status":"open","ping_status":"closed","template":"","meta":{"site-sidebar-layout":"default","site-content-layout":"default","ast-global-header-display":"","ast-main-header-display":"","ast-hfb-above-header-display":"","ast-hfb-below-header-display":"","ast-hfb-mobile-header-display":"","site-post-title":"","ast-breadcrumbs-content":"","ast-featured-img":"","footer-sml-layout":"","theme-transparent-header-meta":"default","adv-header-id-meta":"","stick-header-meta":"","header-above-stick-meta":"","header-main-stick-meta":"","header-below-stick-meta":""},"product_cat":[28,51],"product_tag":[52],"class_list":["post-2018","product","type-product","status-publish","has-post-thumbnail","hentry","product_cat-askeladden","product_cat-styrpulpet-st","product_tag-styrpulpet-st"],"_links":{"self":[{"href":"https:\/\/lerkilsbatvarv.se\/en\/wp-json\/wp\/v2\/product\/2018","targetHints":{"allow":["GET"]}}],"collection":[{"href":"https:\/\/lerkilsbatvarv.se\/en\/wp-json\/wp\/v2\/product"}],"about":[{"href":"https:\/\/lerkilsbatvarv.se\/en\/wp-json\/wp\/v2\/types\/product"}],"replies":[{"embeddable":true,"href":"https:\/\/lerkilsbatvarv.se\/en\/wp-json\/wp\/v2\/comments?post=2018"}],"version-history":[{"count":12,"href":"https:\/\/lerkilsbatvarv.se\/en\/wp-json\/wp\/v2\/product\/2018\/revisions"}],"predecessor-version":[{"id":4024,"href":"https:\/\/lerkilsbatvarv.se\/en\/wp-json\/wp\/v2\/product\/2018\/revisions\/4024"}],"wp:featuredmedia":[{"embeddable":true,"href":"https:\/\/lerkilsbatvarv.se\/en\/wp-json\/wp\/v2\/media\/2025"}],"wp:attachment":[{"href":"https:\/\/lerkilsbatvarv.se\/en\/wp-json\/wp\/v2\/media?parent=2018"}],"wp:term":[{"taxonomy":"product_cat","embeddable":true,"href":"https:\/\/lerkilsbatvarv.se\/en\/wp-json\/wp\/v2\/product_cat?post=2018"},{"taxonomy":"product_tag","embeddable":true,"href":"https:\/\/lerkilsbatvarv.se\/en\/wp-json\/wp\/v2\/product_tag?post=2018"}],"curies":[{"name":"wp","href":"https:\/\/api.w.org\/{rel}","templated":true}]}}