{"id":2042,"date":"2021-02-24T07:00:56","date_gmt":"2021-02-24T07:00:56","guid":{"rendered":"https:\/\/lerkilsbatvarv.se\/?post_type=product&#038;p=2042"},"modified":"2021-03-11T15:06:23","modified_gmt":"2021-03-11T15:06:23","slug":"c62-br-16-3","status":"publish","type":"product","link":"https:\/\/lerkilsbatvarv.se\/en\/product\/c62-br-16-3\/","title":{"rendered":"BELLA 500 BR"},"content":{"rendered":"<h2>Bella 500 BR<\/h2>\n<div class=\"row\">\n<div class=\"col-xs-4\">\n<div class=\"field body\">\n<p>Bella 500 BR Bowrider \u00e4r den minsta modellen i den nya Bella-kollektionen. Trots sin storlek erbjuder b\u00e5ten utm\u00e4rkt anv\u00e4ndbarhet och goda k\u00f6regenskaper f\u00f6r alla typer av b\u00e5tliv. Dess kompakta skrov erbjuder egenskaper som vanligen inte finns i denna storleksklass. Tack vare b\u00e5tens v\u00e4lproportionerade ytterm\u00e5tt och goda passagerarutrymmen \u00e4r den en utm\u00e4rkt stug- och f\u00f6rbindelseb\u00e5t. Dessutom passar nya Bella 500 BR utm\u00e4rkt som f\u00f6rsta b\u00e5t f\u00f6r alla som \u00e4r intresserade av b\u00e5tliv.<\/p>\n<p>Till utseendet \u00e4r Bella 500 BR vackert str\u00f6mlinjeformad och i fr\u00e5ga om k\u00f6regenskaperna \u00e4r den bland de stabilaste och tryggaste b\u00e5tarna i sin storleksklass. Den g\u00e5r l\u00e4tt \u00e4ven med en mindre motor. D\u00e4rf\u00f6r l\u00e4mpar sig Bella 500 BR utm\u00e4rkt som bruksb\u00e5t f\u00f6r hela familjen och kan erbjuda trevligt, tryggt och ekonomiskt b\u00e5tliv.<\/p>\n<p>B\u00e5tens vindruta skyddar mot vind och v\u00e5gst\u00e4nk, och d\u00f6rren i Bowrider-stil \u00f6kar b\u00e5tens anv\u00e4ndbarhet och ergonomi. Bella 500 BR \u00e4r dessutom utrustad med ett l\u00e4ttanv\u00e4nt kapell som skyddar bra mot regn och vind. B\u00e5ten har \u00e4ven m\u00e5nga integrerade stuvutrymmen och fack som hj\u00e4lper dig att placera b\u00e5tutrustningen och bagaget s\u00e5 att det alltid finns bekv\u00e4mt till hands.<\/p>\n<p>Bella 500 BR:s utrustning tillgodoser alla \u00f6nskem\u00e5l hos den kvalitetsmedvetna b\u00e5t\u00e4garen. Bellas extrautrustning och smarta tekniska l\u00f6sningar ger b\u00e5ten de mest innovativa och m\u00e5ngsidiga egenskaperna i sin storleksklass. B\u00e5tens material, f\u00e4rger och former \u00e4r h\u00e4mtade fr\u00e5n dess st\u00f6rre syskon, och de har alla kombinerats till en Bowrider med lysande ergonomi som g\u00f6r b\u00e5tlivet enkelt, roligt och tryggt.<\/p>\n<p>Nya Bella 500 BR \u00e4r modellseriens minsta b\u00e5t, men den har stora egenskaper.<\/p>\n<p>UTRUSTNING12V eluttagankarbox, 3 stB\u00e4rbara br\u00e4nsletankar (2) \u00e1 25 l.DynsatsEldsl\u00e4ckareFenderh\u00e5llareKapellL\u00e4nspump, manuellMuggh\u00e5llareNFB-kabelstyrningOffshore sitsPlats f\u00f6r kartplotterR\u00e4cken\/beslag i syrafast rst st\u00e5lsolb\u00e4ddUSB-laddningsportVitt skrovf\u00e4rg<\/p>\n<\/div>\n<div class=\"field facts\">\n<div class=\"row\">\n<div class=\"col-xs-3\">\n<div class=\"field facts_value\"><\/div>\n<\/div>\n<\/div>\n<\/div>\n<\/div>\n<\/div>","protected":false},"excerpt":{"rendered":"<h3 class=\"field-label\">Fakta<\/h3>\n<div class=\"field facts\">\n<div class=\"row\">\n<div class=\"col-xs-3\">\n<div class=\"field facts_type\">\n<div class=\"field facts\">\n<div class=\"row\">\n<div class=\"col-xs-3\">\n<div class=\"field facts_type\">L\u00e4ngd: <span style=\"font-size: 16px;\">5,01 m<\/span><\/div>\n<\/div>\n<\/div>\n<\/div>\n<div class=\"field facts\">\n<div class=\"row\">\n<div class=\"col-xs-3\">\n<div class=\"field facts_type\">Bredd: <span style=\"font-size: 16px;\">2,01 m<\/span><\/div>\n<\/div>\n<\/div>\n<\/div>\n<div class=\"field facts\">\n<div class=\"row\">\n<div class=\"col-xs-3\">\n<div class=\"field facts_type\">Vikt: <span style=\"font-size: 16px;\">575 kg<\/span><\/div>\n<\/div>\n<\/div>\n<\/div>\n<div class=\"field facts\">\n<div class=\"row\">\n<div class=\"col-xs-3\">\n<div class=\"field facts_type\">Antal pers: <span style=\"font-size: 16px;\">6 st<\/span><\/div>\n<\/div>\n<\/div>\n<\/div>\n<div class=\"field facts\">\n<div class=\"row\">\n<div class=\"col-xs-3\">\n<div class=\"field facts_type\">Max motor: <span style=\"font-size: 16px;\">80 hk<\/span><\/div>\n<\/div>\n<\/div>\n<\/div>\n<div class=\"field facts\">\n<div class=\"row\">\n<div class=\"col-xs-3\">\n<div class=\"field facts_type\">Tillbeh\u00f6r:<\/div>\n<\/div>\n<div class=\"col-xs-3\">\n<div class=\"field facts_value\">Ladda ner v\u00e5r prislista h\u00e4r p\u00e5 sidan.<\/div>\n<\/div>\n<\/div>\n<\/div>\n<\/div>\n<\/div>\n<\/div>\n<\/div>\n<div class=\"field facts\">\n<div class=\"row\">\n<div class=\"col-xs-3\">\n<div class=\"field facts_type\">Tillbeh\u00f6r:<\/div>\n<\/div>\n<div class=\"col-xs-3\">\n<div class=\"field facts_value\">Ladda ner prislistan h\u00e4r p\u00e5 sidan.<\/div>\n<\/div>\n<\/div>\n<\/div>","protected":false},"featured_media":5550,"comment_status":"open","ping_status":"closed","template":"","meta":{"site-sidebar-layout":"default","site-content-layout":"default","ast-global-header-display":"","ast-main-header-display":"","ast-hfb-above-header-display":"","ast-hfb-below-header-display":"","ast-hfb-mobile-header-display":"","site-post-title":"","ast-breadcrumbs-content":"","ast-featured-img":"","footer-sml-layout":"","theme-transparent-header-meta":"default","adv-header-id-meta":"","stick-header-meta":"","header-above-stick-meta":"","header-main-stick-meta":"","header-below-stick-meta":""},"product_cat":[33,45],"product_tag":[54],"class_list":["post-2042","product","type-product","status-publish","has-post-thumbnail","hentry","product_cat-bella","product_cat-erbjudande","product_tag-bow-rider"],"_links":{"self":[{"href":"https:\/\/lerkilsbatvarv.se\/en\/wp-json\/wp\/v2\/product\/2042","targetHints":{"allow":["GET"]}}],"collection":[{"href":"https:\/\/lerkilsbatvarv.se\/en\/wp-json\/wp\/v2\/product"}],"about":[{"href":"https:\/\/lerkilsbatvarv.se\/en\/wp-json\/wp\/v2\/types\/product"}],"replies":[{"embeddable":true,"href":"https:\/\/lerkilsbatvarv.se\/en\/wp-json\/wp\/v2\/comments?post=2042"}],"version-history":[{"count":2,"href":"https:\/\/lerkilsbatvarv.se\/en\/wp-json\/wp\/v2\/product\/2042\/revisions"}],"predecessor-version":[{"id":4658,"href":"https:\/\/lerkilsbatvarv.se\/en\/wp-json\/wp\/v2\/product\/2042\/revisions\/4658"}],"wp:featuredmedia":[{"embeddable":true,"href":"https:\/\/lerkilsbatvarv.se\/en\/wp-json\/wp\/v2\/media\/5550"}],"wp:attachment":[{"href":"https:\/\/lerkilsbatvarv.se\/en\/wp-json\/wp\/v2\/media?parent=2042"}],"wp:term":[{"taxonomy":"product_cat","embeddable":true,"href":"https:\/\/lerkilsbatvarv.se\/en\/wp-json\/wp\/v2\/product_cat?post=2042"},{"taxonomy":"product_tag","embeddable":true,"href":"https:\/\/lerkilsbatvarv.se\/en\/wp-json\/wp\/v2\/product_tag?post=2042"}],"curies":[{"name":"wp","href":"https:\/\/api.w.org\/{rel}","templated":true}]}}