{"id":2067,"date":"2021-02-24T07:29:35","date_gmt":"2021-02-24T07:29:35","guid":{"rendered":"https:\/\/lerkilsbatvarv.se\/?post_type=product&#038;p=2067"},"modified":"2021-03-11T13:35:08","modified_gmt":"2021-03-11T13:35:08","slug":"askeladden-c83-cruiser-tsi","status":"publish","type":"product","link":"https:\/\/lerkilsbatvarv.se\/en\/product\/askeladden-c83-cruiser-tsi\/","title":{"rendered":"Askeladden C83 Cruiser TSI"},"content":{"rendered":"<div class=\"field body\">\n<h2>Askeladden C83 Cruiser TSI.<\/h2>\n<p>Askeladden C83 med utombordsmotorn har fundamentalt f\u00f6r\u00e4ndrat fritidsb\u00e5tmarknaden och nu \u00e5terskapas tidigare b\u00e5tklassiker i en ny och modern skepnad med utombordsrevolutionen som ryggrad.Tack vare l\u00e5ga service- och underh\u00e5llskostnader, god br\u00e4nsleekonomi, milj\u00f6v\u00e4nlighet, komfort och driftss\u00e4kerhet, har b\u00e5tfolket fullt ut accepterat utombordarens f\u00f6rdel framf\u00f6r inombordsmotorn. Detta har lett till en revolution p\u00e5 b\u00e5tmarknaden!Denna revolution ger Askeladden m\u00f6jlighet att \u00e5terskapa klassiska b\u00e5tkoncept som 705 Voyager och Z8 i en ny och modern tappning. Askeladden C83 TSI \u00e4r n\u00e5got helt nytt! Denna b\u00e5tnyhet \u00e4r fullsp\u00e4ckad med ny teknik och g\u00e5r i spetsen f\u00f6r utombordsrevolutionen. Samtidigt blir priset samt drifts- och underh\u00e5llskostnaderna avsev\u00e4rt l\u00e4gre f\u00f6r b\u00e5tfolket, j\u00e4mf\u00f6rt med de gamla klassikerna!<\/p>\n<p>B\u00c5TKONCEPTET C83 CRUISER TSIDetta \u00e4r den perfekta utflyktsb\u00e5ten f\u00f6r upp till tio personer p\u00e5 dagstur, sex personer p\u00e5 helgtur och fyra personer p\u00e5 l\u00e5ngtur. H\u00e4r finns en stor och umg\u00e4ngesv\u00e4nlig sittbrunn, stor badplattform med solplats, solb\u00e4dd i sittbrunnen, ett rej\u00e4lt pentry f\u00f6r helg- och l\u00e5ngturer, sovplats f\u00f6r 4-6 personer under d\u00e4ck samt ett badrum med toalett och dusch<\/p>\n<\/div>\n<div class=\"field facts\">\n<div class=\"row\">\n<div class=\"col-xs-3\">\n<div class=\"field facts_value\"><\/div>\n<\/div>\n<\/div>\n<\/div>","protected":false},"excerpt":{"rendered":"<h3 class=\"field-label\">Fakta<\/h3>\n<div class=\"field facts\">\n<div class=\"row\">\n<div class=\"col-xs-3\">\n<div class=\"field facts_type\">\n<div class=\"field facts\">\n<div class=\"row\">\n<div class=\"col-xs-3\">\n<div class=\"field facts_type\">L\u00e4ngd: <span style=\"font-size: 16px;\">8,30 m.<\/span><\/div>\n<\/div>\n<\/div>\n<\/div>\n<div class=\"field facts\">\n<div class=\"row\">\n<div class=\"col-xs-3\">\n<div class=\"field facts_type\">Bredd: <span style=\"font-size: 16px;\">2,80 m.<\/span><\/div>\n<\/div>\n<\/div>\n<\/div>\n<div class=\"field facts\">\n<div class=\"row\">\n<div class=\"col-xs-3\">\n<div class=\"field facts_type\">Vikt: <span style=\"font-size: 16px;\">2,200 kg.<\/span><\/div>\n<\/div>\n<\/div>\n<\/div>\n<div class=\"field facts\">\n<div class=\"row\">\n<div class=\"col-xs-3\">\n<div class=\"field facts_type\">Antal pers: <span style=\"font-size: 16px;\">10 st.<\/span><\/div>\n<\/div>\n<\/div>\n<\/div>\n<div class=\"field facts\">\n<div class=\"row\">\n<div class=\"col-xs-3\">\n<div class=\"field facts_type\">Max motor: <span style=\"font-size: 16px;\">350 hk.<\/span><\/div>\n<\/div>\n<\/div>\n<\/div>\n<div class=\"field facts\">\n<div class=\"row\">\n<div class=\"col-xs-3\">\n<div class=\"field facts_type\">Tillbeh\u00f6r:<\/div>\n<\/div>\n<div class=\"col-xs-3\">\n<div class=\"field facts_value\">Ladda ner v\u00e5r prislista h\u00e4r p\u00e5 sidan<\/div>\n<\/div>\n<\/div>\n<\/div>\n<\/div>\n<\/div>\n<\/div>\n<\/div>\n<div class=\"field facts\">\n<div class=\"row\">\n<div class=\"col-xs-3\">\n<div class=\"field facts_type\">\n<p>Med Suzukis Duo Prop DF350 ATXX passerar denna b\u00e5t 40 knop med god marginal.<\/p>\n<\/div>\n<\/div>\n<\/div>\n<\/div>","protected":false},"featured_media":5539,"comment_status":"open","ping_status":"closed","template":"","meta":{"site-sidebar-layout":"default","site-content-layout":"default","ast-global-header-display":"","ast-main-header-display":"","ast-hfb-above-header-display":"","ast-hfb-below-header-display":"","ast-hfb-mobile-header-display":"","site-post-title":"","ast-breadcrumbs-content":"","ast-featured-img":"","footer-sml-layout":"","theme-transparent-header-meta":"default","adv-header-id-meta":"","stick-header-meta":"","header-above-stick-meta":"","header-main-stick-meta":"","header-below-stick-meta":""},"product_cat":[28,55],"product_tag":[56],"class_list":["post-2067","product","type-product","status-publish","has-post-thumbnail","hentry","product_cat-askeladden","product_cat-day-cruiser","product_tag-day-cruiser"],"_links":{"self":[{"href":"https:\/\/lerkilsbatvarv.se\/en\/wp-json\/wp\/v2\/product\/2067","targetHints":{"allow":["GET"]}}],"collection":[{"href":"https:\/\/lerkilsbatvarv.se\/en\/wp-json\/wp\/v2\/product"}],"about":[{"href":"https:\/\/lerkilsbatvarv.se\/en\/wp-json\/wp\/v2\/types\/product"}],"replies":[{"embeddable":true,"href":"https:\/\/lerkilsbatvarv.se\/en\/wp-json\/wp\/v2\/comments?post=2067"}],"version-history":[{"count":2,"href":"https:\/\/lerkilsbatvarv.se\/en\/wp-json\/wp\/v2\/product\/2067\/revisions"}],"predecessor-version":[{"id":4011,"href":"https:\/\/lerkilsbatvarv.se\/en\/wp-json\/wp\/v2\/product\/2067\/revisions\/4011"}],"wp:featuredmedia":[{"embeddable":true,"href":"https:\/\/lerkilsbatvarv.se\/en\/wp-json\/wp\/v2\/media\/5539"}],"wp:attachment":[{"href":"https:\/\/lerkilsbatvarv.se\/en\/wp-json\/wp\/v2\/media?parent=2067"}],"wp:term":[{"taxonomy":"product_cat","embeddable":true,"href":"https:\/\/lerkilsbatvarv.se\/en\/wp-json\/wp\/v2\/product_cat?post=2067"},{"taxonomy":"product_tag","embeddable":true,"href":"https:\/\/lerkilsbatvarv.se\/en\/wp-json\/wp\/v2\/product_tag?post=2067"}],"curies":[{"name":"wp","href":"https:\/\/api.w.org\/{rel}","templated":true}]}}