{"id":3275,"date":"2021-02-25T16:36:35","date_gmt":"2021-02-25T16:36:35","guid":{"rendered":"https:\/\/lerkilsbatvarv.se\/?post_type=product&#038;p=3275"},"modified":"2021-03-11T13:24:56","modified_gmt":"2021-03-11T13:24:56","slug":"askeladden-p79-weekend","status":"publish","type":"product","link":"https:\/\/lerkilsbatvarv.se\/en\/product\/askeladden-p79-weekend\/","title":{"rendered":"Askeladden P79 Weekend"},"content":{"rendered":"<h2>ASKELADDEN P79 WEEKEND<\/h2>\n<p>Markerar ett generationsskifte<\/p>\n<p>INFORMATION Askeladden P79Detta \u00e4r en st\u00e4ngd styrhusb\u00e5t som \u00e4r designad f\u00f6r bekv\u00e4ma dagsturer, helgturer och \u00f6vernattningVi har tagit tag i de brister som funnits hos de st\u00e4ngda styrhusb\u00e5tarna i detta avseende och f\u00f6rb\u00e4ttrat konceptet avsev\u00e4rt med innovativa designl\u00f6sningarDenna b\u00e5t \u00e4r ett verkligt alternativ f\u00f6r de traditionella Day Cruiser-kunder som vill ha ett st\u00e4ngt tak och skjutd\u00f6rr i akternSkroven p\u00e5 de traditionella styrhusb\u00e5tarna har i allm\u00e4nhet varit gammaldags, flatbottnade, obekv\u00e4ma och inte s\u00e4rskilt br\u00e4nsleeffektiva.<\/p>\n<p>P79 Weekend har f\u00e5tt ett helt nytt och modernt skrov med tv\u00e5 steg, integrerat motorf\u00e4ste och djupare V-botten, vilket g\u00f6r skrovet betydligt mer komfortabelt, tar bort det mesta av planingstr\u00f6skeln, minskar behovet av motorkraft, \u00f6kar toppfarten och f\u00f6rb\u00e4ttrar br\u00e4nsleekonomin.<\/p>\n<p>Styrhusb\u00e5tarnas akterd\u00e4cksl\u00f6sningar har inte varit s\u00e4rskilt umg\u00e4ngesv\u00e4nliga, saknat kapellgarage s\u00e5 att man kan stuva undan kapellet n\u00e4r solen skiner, haft d\u00e5lig tillg\u00e5ng till badplattformar eller helt saknat en ordentlig badplattform i aktern d\u00e4r man kan sola, bada och \u00e4gna sig \u00e5t vattensport.<\/p>\n<p>Vi har designat ett modernt akterd\u00e4ck fr\u00e5n C-Serien till P79 Weekend<\/p>\n<p>En stor badplattform som l\u00e5ter dig g\u00e5 fr\u00e5n styrbord till babordEn enkel och ergonomisk passage fr\u00e5n akterd\u00e4cket till badplattformenAktersoffa med f\u00e4llbar rygg och solplatsUmg\u00e4ngesv\u00e4nlig sittgruppBord och solb\u00e4ddKapellgarageVattenskidkrokPassagerarkomforten har tidigare pr\u00e4glats av tr\u00e5nga och l\u00e5ga sittgrupper som har minskat komforten v\u00e4sentligt n\u00e4r det funnits fler \u00e4n tv\u00e5 passagerare ombord. Pentryl\u00f6sningarna har varit symboliska och man har knappt ens kunnat laga en kopp kaffe d\u00e4r. F\u00f6rarergonomin har varierat fr\u00e5n acceptabel till direkt d\u00e5lig i de traditionella styrhusb\u00e5tarna.<\/p>\n<p>I nya P79 Weekend sitter alla passagerare bekv\u00e4mt med bra \u00f6verblick. Det g\u00e5r smidigt att tillaga en enkel m\u00e5ltid och f\u00f6raren erbjuds mycket bra sikt och en ergonomiskt utformad f\u00f6rarmilj\u00f6.<\/p>\n<p>F\u00d6RKABIN, STICKKOJ OCH TOALETTUTRYMMEStyrhusb\u00e5tar i denna storleksklass har traditionellt saknat en st\u00e4ngd f\u00f6rkabin med en fungerande d\u00f6rrl\u00f6sning, inte haft n\u00e5gon stickkoj samt haft \u00f6ppna eller tr\u00e5nga toalettl\u00f6sningar som gjort den tillt\u00e4nkta anv\u00e4ndningen av alla dessa faciliteter b\u00e5de mycket begr\u00e4nsad och opraktisk. F\u00f6rkabinerna har ofta varit m\u00f6rka och otrivsamma utan ljussl\u00e4pp fr\u00e5n moderna skrovf\u00f6nster.<\/p>\n<p>I nya P79 Weekend \u00e4r faciliteterna f\u00f6r\u00f6ver avskilda fr\u00e5n dagrummet i styrhuset med en praktisk skjutd\u00f6rr, b\u00e5ten har en stor och rej\u00e4l dubbelkoj f\u00f6r\u00f6ver och en stickkoj med en extra sovplats. Kabinerna \u00e4r ljusa och trivsamma med ljusinsl\u00e4pp fr\u00e5n skrovf\u00f6nster och det st\u00e4ngda toalettutrymmet har tillr\u00e4ckligt med plats och ergonomi f\u00f6r att fungera som det \u00e4r t\u00e4nkt.<\/p>\n<p>P79 WEEKEND PRESTERAR B\u00c4TTRE P\u00c5 ALLA OMR\u00c5DENdesignskrov, komfort och br\u00e4nsleekonomiakterd\u00e4cksl\u00f6sningarstyrhuskomfort och f\u00f6rarergonomipentryl\u00f6sningpilothus och f\u00f6rkabin \u00e4r avgr\u00e4nsadef\u00f6rkabin, stickkoj och toalettutrymme<\/p>","protected":false},"excerpt":{"rendered":"<h3 class=\"field-label\">Fakta<\/h3>\n<div class=\"field facts\">\n<div class=\"row\">\n<div class=\"col-xs-3\">\n<div class=\"field facts_type\">L\u00e4ngd:<\/div>\n<\/div>\n<div class=\"col-xs-3\">\n<div class=\"field facts_value\">7.85 m.<\/div>\n<\/div>\n<\/div>\n<\/div>\n<div class=\"field facts\">\n<div class=\"row\">\n<div class=\"col-xs-3\">\n<div class=\"field facts_type\">Bredd:<\/div>\n<\/div>\n<div class=\"col-xs-3\">\n<div class=\"field facts_value\">2.80 m.<\/div>\n<\/div>\n<\/div>\n<\/div>\n<div class=\"field facts\">\n<div class=\"row\">\n<div class=\"col-xs-3\">\n<div class=\"field facts_type\">Vikt:<\/div>\n<\/div>\n<div class=\"col-xs-3\">\n<div class=\"field facts_value\">2.500 kg.<\/div>\n<\/div>\n<\/div>\n<\/div>\n<div class=\"field facts\">\n<div class=\"row\">\n<div class=\"col-xs-3\">\n<div class=\"field facts_type\">Antal personer<\/div>\n<\/div>\n<div class=\"col-xs-3\">\n<div class=\"field facts_value\">8 st.<\/div>\n<\/div>\n<\/div>\n<\/div>\n<div class=\"field facts\">\n<div class=\"row\">\n<div class=\"col-xs-3\">\n<div class=\"field facts_type\">Max motor:<\/div>\n<\/div>\n<div class=\"col-xs-3\">\n<div class=\"field facts_value\">300 hk.<\/div>\n<\/div>\n<\/div>\n<\/div>\n<div class=\"field facts\">\n<div class=\"row\">\n<div class=\"col-xs-3\">\n<div class=\"field facts_type\">Tillbeh\u00f6r:<\/div>\n<\/div>\n<div class=\"col-xs-3\">\n<div class=\"field facts_value\">Ladda ner v\u00e5r prislista h\u00e4r p\u00e5 sidan.<\/div>\n<\/div>\n<\/div>\n<\/div>","protected":false},"featured_media":2406,"comment_status":"open","ping_status":"closed","template":"","meta":{"site-sidebar-layout":"default","site-content-layout":"default","ast-global-header-display":"","ast-main-header-display":"","ast-hfb-above-header-display":"","ast-hfb-below-header-display":"","ast-hfb-mobile-header-display":"","site-post-title":"","ast-breadcrumbs-content":"","ast-featured-img":"","footer-sml-layout":"","theme-transparent-header-meta":"default","adv-header-id-meta":"","stick-header-meta":"","header-above-stick-meta":"","header-main-stick-meta":"","header-below-stick-meta":""},"product_cat":[28,79],"product_tag":[80],"class_list":["post-3275","product","type-product","status-publish","has-post-thumbnail","hentry","product_cat-askeladden","product_cat-kabinbat","product_tag-kabinbat"],"_links":{"self":[{"href":"https:\/\/lerkilsbatvarv.se\/en\/wp-json\/wp\/v2\/product\/3275","targetHints":{"allow":["GET"]}}],"collection":[{"href":"https:\/\/lerkilsbatvarv.se\/en\/wp-json\/wp\/v2\/product"}],"about":[{"href":"https:\/\/lerkilsbatvarv.se\/en\/wp-json\/wp\/v2\/types\/product"}],"replies":[{"embeddable":true,"href":"https:\/\/lerkilsbatvarv.se\/en\/wp-json\/wp\/v2\/comments?post=3275"}],"version-history":[{"count":2,"href":"https:\/\/lerkilsbatvarv.se\/en\/wp-json\/wp\/v2\/product\/3275\/revisions"}],"predecessor-version":[{"id":3281,"href":"https:\/\/lerkilsbatvarv.se\/en\/wp-json\/wp\/v2\/product\/3275\/revisions\/3281"}],"wp:featuredmedia":[{"embeddable":true,"href":"https:\/\/lerkilsbatvarv.se\/en\/wp-json\/wp\/v2\/media\/2406"}],"wp:attachment":[{"href":"https:\/\/lerkilsbatvarv.se\/en\/wp-json\/wp\/v2\/media?parent=3275"}],"wp:term":[{"taxonomy":"product_cat","embeddable":true,"href":"https:\/\/lerkilsbatvarv.se\/en\/wp-json\/wp\/v2\/product_cat?post=3275"},{"taxonomy":"product_tag","embeddable":true,"href":"https:\/\/lerkilsbatvarv.se\/en\/wp-json\/wp\/v2\/product_tag?post=3275"}],"curies":[{"name":"wp","href":"https:\/\/api.w.org\/{rel}","templated":true}]}}