{"id":3277,"date":"2021-02-25T16:38:26","date_gmt":"2021-02-25T16:38:26","guid":{"rendered":"https:\/\/lerkilsbatvarv.se\/?post_type=product&#038;p=3277"},"modified":"2021-03-11T13:46:19","modified_gmt":"2021-03-11T13:46:19","slug":"askeladden-c76-tsi-cruiser","status":"publish","type":"product","link":"https:\/\/lerkilsbatvarv.se\/en\/product\/askeladden-c76-tsi-cruiser\/","title":{"rendered":"Askeladden C76 TSI Cruiser"},"content":{"rendered":"<h2>Askeladden C76 TSI Cruiser<\/h2>\n<p>C76 TSI Cruiser \u00e4r en helt ny skapelse med en elegant, samtida design kombinerat med utrustning och k\u00f6regenskaper som \u00e4r n\u00e5got alldeles extra.<\/p>\n<p>C76 TSI Cruiser har f\u00e5tt ett specialkonstruerat djupt V-skrov f\u00f6r fart och extra mjuk g\u00e5ng i h\u00e5rd sj\u00f6. Banbrytande TSI-skrovdesign \u2013 Twin Step Infusion Hull Technology. Inredningen i cabinen \u00e4r smakfull med material och f\u00e4rger som har anv\u00e4nts p\u00e5 ett sp\u00e4nnande s\u00e4tt. Hela sju sittplatser &#8221;utomhus&#8221; plus en dubbel sittb\u00e4nk i aktern.<\/p>\n<p>Praktiskt pentry med vask och kokvr\u00e5 samt en sluten f\u00f6rkabin med toalett och \u00f6vernattningsm\u00f6jligheter.<\/p>\n<p>En suver\u00e4n solskensb\u00e5t som kommer att dra till sig beundrande blickar och om det pl\u00f6tsligt skulle b\u00f6rja regna \u00e4r det bara att f\u00e4lla upp det rymliga kapellet, som ligger dolt i en egen brunn.<\/p>\n<p>Enkel ombordstigning i aktern eller f\u00f6ren med gedigna trappsteg och genom \u00f6ppningen i vindskyddet.<\/p>\n<p>Byggd f\u00f6r Suzuki utombordare p\u00e5 upp till 350 hk &#8211; elegant inf\u00e4lld i den stora badplattformen.Med Suzuki DF350 n\u00e5r b\u00e5ten en toppfart p\u00e5 hela 51 knop.<\/p>","protected":false},"excerpt":{"rendered":"<h3 class=\"field-label\">Fakta<\/h3>\n<div class=\"field facts\">\n<div class=\"row\">\n<div class=\"col-xs-3\">\n<div class=\"field facts_type\">L\u00e4ngd:<\/div>\n<\/div>\n<div class=\"col-xs-3\">\n<div class=\"field facts_value\">7,45 m.<\/div>\n<\/div>\n<\/div>\n<\/div>\n<div class=\"field facts\">\n<div class=\"row\">\n<div class=\"col-xs-3\">\n<div class=\"field facts_type\">Bredd:<\/div>\n<\/div>\n<div class=\"col-xs-3\">\n<div class=\"field facts_value\">2,55 m.<\/div>\n<\/div>\n<\/div>\n<\/div>\n<div class=\"field facts\">\n<div class=\"row\">\n<div class=\"col-xs-3\">\n<div class=\"field facts_type\">Vikt:<\/div>\n<\/div>\n<div class=\"col-xs-3\">\n<div class=\"field facts_value\">1.600 kg.<\/div>\n<\/div>\n<\/div>\n<\/div>\n<div class=\"field facts\">\n<div class=\"row\">\n<div class=\"col-xs-3\">\n<div class=\"field facts_type\">Antal pers:<\/div>\n<\/div>\n<div class=\"col-xs-3\">\n<div class=\"field facts_value\">7 st.<\/div>\n<\/div>\n<\/div>\n<\/div>\n<div class=\"field facts\">\n<div class=\"row\">\n<div class=\"col-xs-3\">\n<div class=\"field facts_type\">Max motor:<\/div>\n<\/div>\n<div class=\"col-xs-3\">\n<div class=\"field facts_value\">350 hk.<\/div>\n<\/div>\n<\/div>\n<\/div>\n<div class=\"field facts\">\n<div class=\"row\">\n<div class=\"col-xs-3\">\n<div class=\"field facts_type\">Tillbeh\u00f6r:<\/div>\n<\/div>\n<div class=\"col-xs-3\">\n<div class=\"field facts_value\">Ladda ner prislistan h\u00e4r p\u00e5 sidan.<\/div>\n<\/div>\n<\/div>\n<\/div>","protected":false},"featured_media":2223,"comment_status":"open","ping_status":"closed","template":"","meta":{"site-sidebar-layout":"default","site-content-layout":"default","ast-global-header-display":"","ast-main-header-display":"","ast-hfb-above-header-display":"","ast-hfb-below-header-display":"","ast-hfb-mobile-header-display":"","site-post-title":"","ast-breadcrumbs-content":"","ast-featured-img":"","footer-sml-layout":"","theme-transparent-header-meta":"default","adv-header-id-meta":"","stick-header-meta":"","header-above-stick-meta":"","header-main-stick-meta":"","header-below-stick-meta":""},"product_cat":[28,55],"product_tag":[56],"class_list":["post-3277","product","type-product","status-publish","has-post-thumbnail","hentry","product_cat-askeladden","product_cat-day-cruiser","product_tag-day-cruiser"],"_links":{"self":[{"href":"https:\/\/lerkilsbatvarv.se\/en\/wp-json\/wp\/v2\/product\/3277","targetHints":{"allow":["GET"]}}],"collection":[{"href":"https:\/\/lerkilsbatvarv.se\/en\/wp-json\/wp\/v2\/product"}],"about":[{"href":"https:\/\/lerkilsbatvarv.se\/en\/wp-json\/wp\/v2\/types\/product"}],"replies":[{"embeddable":true,"href":"https:\/\/lerkilsbatvarv.se\/en\/wp-json\/wp\/v2\/comments?post=3277"}],"version-history":[{"count":1,"href":"https:\/\/lerkilsbatvarv.se\/en\/wp-json\/wp\/v2\/product\/3277\/revisions"}],"predecessor-version":[{"id":3278,"href":"https:\/\/lerkilsbatvarv.se\/en\/wp-json\/wp\/v2\/product\/3277\/revisions\/3278"}],"wp:featuredmedia":[{"embeddable":true,"href":"https:\/\/lerkilsbatvarv.se\/en\/wp-json\/wp\/v2\/media\/2223"}],"wp:attachment":[{"href":"https:\/\/lerkilsbatvarv.se\/en\/wp-json\/wp\/v2\/media?parent=3277"}],"wp:term":[{"taxonomy":"product_cat","embeddable":true,"href":"https:\/\/lerkilsbatvarv.se\/en\/wp-json\/wp\/v2\/product_cat?post=3277"},{"taxonomy":"product_tag","embeddable":true,"href":"https:\/\/lerkilsbatvarv.se\/en\/wp-json\/wp\/v2\/product_tag?post=3277"}],"curies":[{"name":"wp","href":"https:\/\/api.w.org\/{rel}","templated":true}]}}