{"id":3285,"date":"2021-02-25T16:49:09","date_gmt":"2021-02-25T16:49:09","guid":{"rendered":"https:\/\/lerkilsbatvarv.se\/?post_type=product&#038;p=3285"},"modified":"2021-03-09T15:56:25","modified_gmt":"2021-03-09T15:56:25","slug":"askeladden-c65-cruiser","status":"publish","type":"product","link":"https:\/\/lerkilsbatvarv.se\/en\/product\/askeladden-c65-cruiser\/","title":{"rendered":"Askeladden C65 Cruiser"},"content":{"rendered":"<h2>Askeladden C65 Cruiser<\/h2>\n<p>Med Askeladden C65 Cruiser markerar Askeladden vidareutvecklingen av en rad nyheter som kommer att gl\u00e4dja den skandinaviska b\u00e5tmarknaden under de kommande \u00e5ren. Askeladden C65 Cruiser \u00e4r det n\u00e4sta steget i Askeladdens innovativa produktutveckling och den kommer att lanseras p\u00e5 b\u00e5tm\u00e4ssor i Norden och Europa under vintern och v\u00e5ren.<\/p>\n<p>Askeladden C65 Cruiser \u00e4r en \u00f6ppen, elegant och sportig DayCruiser i weekendklassen. C65 Cruiser \u00e4r den f\u00f6rsta b\u00e5ten fr\u00e5n v\u00e5r nya C65-plattform. Gedigen cockpit med sittplats till s\u00e5 m\u00e5nga som sju personer. U-soffan i aktern, d\u00e4r det f\u00e5r plats ett bord, kan enkelt g\u00f6ras om till en rej\u00e4l solb\u00e4dd. F\u00f6rarmilj\u00f6n s\u00e4tter en helt ny standard f\u00f6r v\u00e4derskydd, ergonomi, praktiska l\u00f6sningar och inte minst design. Akterd\u00e4cket drar nytta av de unika l\u00f6sningarna fr\u00e5n C61-serien. Med fri passage fr\u00e5n cockpiten till den stora badplattformen \u201df\u00f6rl\u00e4ngs&#8221; durken och ger smidig \u00e5tkomst till bad och vattensport utan att man m\u00e5ste kl\u00e4ttra \u00f6ver relingen. Akterb\u00e4nken har f\u00e4llbar rygg s\u00e5 att man kan slappna av efter sitt dopp och titta p\u00e5 andra som tumlar runt i vattnet.<\/p>\n<p>C65 kan \u00e4ven anv\u00e4ndas som \u00f6vernattningsb\u00e5t. Den \u00e4r utrustad med ett h\u00f6grest kapell &#8211; som \u00e4r dolt i ett eget &#8221;kapellgarage&#8221; &#8211; och i den fr\u00e4mre kabinen kan tv\u00e5 vuxna personer \u00f6vernatta. I den fr\u00e4mre kabinen finns ocks\u00e5 en spoltoalett i ett eget utrymme. B\u00e5ten \u00e4r \u00e4ven utrustad med ett enkelt pentry med vask, kokplatta och utdragbar kyll\u00e5da.<\/p>\n<p>Banbrytande skrovdesign med en optimal kombination av minimal planingstr\u00f6skel, mjuk g\u00e5ng, torr cockpit, h\u00f6g hastighet, gynnsam br\u00e4nsleekonomi och inte minst god stabilitet. Askeladden C65 Cruiser kan med r\u00e4tta s\u00e4gas vara en v\u00e4rldsnyhet i sin klass.<\/p>\n<p>Askeladden C65 Cruiser \u00e4r l\u00e4ttdriven, s\u00e4ker och har en stor fartpotential. Byggd f\u00f6r utombordare fr\u00e5n 150 till 300 hk. Med den st\u00f6rsta motorn \u00e4r fartpotentialen cirka 48 knop.<\/p>\n<p>TopLine pakken inneh\u00e5ller<\/p>\n<p>ZipWake Dynamic Trim-Control System 300, spoltoalett, D\u00e4ckslucka, Gardiner i fr\u00e4mre kabinen, trycksatt vatten och vask, kokplatta, kyll\u00e5da 30 liter, cockpit bord Silvertex med kopph\u00e5llare, kuddde til solb\u00e4dd, h\u00f6grest kapell, hamnpresenning<\/p>\n<p>Standardutstyr u\/bilde: B\u00e5ten levereras med en imponerande samling av standardutrustning . Visa detaljerad lista \u00f6ver standardutrustning i prislistan.<\/p>","protected":false},"excerpt":{"rendered":"<h3 class=\"field-label\">Fakta<\/h3>\n<div class=\"field facts\">\n<div class=\"row\">\n<div class=\"col-xs-3\">\n<div class=\"field facts_type\">L\u00e4ngd:<\/div>\n<\/div>\n<div class=\"col-xs-3\">\n<div class=\"field facts_value\">6,45 m.<\/div>\n<\/div>\n<\/div>\n<\/div>\n<div class=\"field facts\">\n<div class=\"row\">\n<div class=\"col-xs-3\">\n<div class=\"field facts_type\">Bredd:<\/div>\n<\/div>\n<div class=\"col-xs-3\">\n<div class=\"field facts_value\">2,46 m.<\/div>\n<\/div>\n<\/div>\n<\/div>\n<div class=\"field facts\">\n<div class=\"row\">\n<div class=\"col-xs-3\">\n<div class=\"field facts_type\">Vikt:<\/div>\n<\/div>\n<div class=\"col-xs-3\">\n<div class=\"field facts_value\">1,400 kg.<\/div>\n<\/div>\n<\/div>\n<\/div>\n<div class=\"field facts\">\n<div class=\"row\">\n<div class=\"col-xs-3\">\n<div class=\"field facts_type\">Antal pers:<\/div>\n<\/div>\n<div class=\"col-xs-3\">\n<div class=\"field facts_value\">7 st.<\/div>\n<\/div>\n<\/div>\n<\/div>\n<div class=\"field facts\">\n<div class=\"row\">\n<div class=\"col-xs-3\">\n<div class=\"field facts_type\">Max motor:<\/div>\n<\/div>\n<div class=\"col-xs-3\">\n<div class=\"field facts_value\">300 hk.<\/div>\n<\/div>\n<\/div>\n<\/div>\n<div class=\"field facts\">\n<div class=\"row\">\n<div class=\"col-xs-3\">\n<div class=\"field facts_type\">Tillbeh\u00f6r:<\/div>\n<\/div>\n<div class=\"col-xs-3\">\n<div class=\"field facts_value\">Se <strong><span style=\"color: #3366ff;\"><a style=\"color: #3366ff;\" href=\"https:\/\/lerkilsbatvarv.se\/en\/prislista\/\"><span style=\"color: #ffffff;\">prislista<\/span><\/a><\/span><\/strong><\/div>\n<div><\/div>\n<\/div>\n<\/div>\n<\/div>","protected":false},"featured_media":2213,"comment_status":"open","ping_status":"closed","template":"","meta":{"site-sidebar-layout":"default","site-content-layout":"default","ast-global-header-display":"","ast-main-header-display":"","ast-hfb-above-header-display":"","ast-hfb-below-header-display":"","ast-hfb-mobile-header-display":"","site-post-title":"","ast-breadcrumbs-content":"","ast-featured-img":"","footer-sml-layout":"","theme-transparent-header-meta":"default","adv-header-id-meta":"","stick-header-meta":"","header-above-stick-meta":"","header-main-stick-meta":"","header-below-stick-meta":""},"product_cat":[28,55],"product_tag":[56],"class_list":["post-3285","product","type-product","status-publish","has-post-thumbnail","hentry","product_cat-askeladden","product_cat-day-cruiser","product_tag-day-cruiser"],"_links":{"self":[{"href":"https:\/\/lerkilsbatvarv.se\/en\/wp-json\/wp\/v2\/product\/3285","targetHints":{"allow":["GET"]}}],"collection":[{"href":"https:\/\/lerkilsbatvarv.se\/en\/wp-json\/wp\/v2\/product"}],"about":[{"href":"https:\/\/lerkilsbatvarv.se\/en\/wp-json\/wp\/v2\/types\/product"}],"replies":[{"embeddable":true,"href":"https:\/\/lerkilsbatvarv.se\/en\/wp-json\/wp\/v2\/comments?post=3285"}],"version-history":[{"count":5,"href":"https:\/\/lerkilsbatvarv.se\/en\/wp-json\/wp\/v2\/product\/3285\/revisions"}],"predecessor-version":[{"id":5014,"href":"https:\/\/lerkilsbatvarv.se\/en\/wp-json\/wp\/v2\/product\/3285\/revisions\/5014"}],"wp:featuredmedia":[{"embeddable":true,"href":"https:\/\/lerkilsbatvarv.se\/en\/wp-json\/wp\/v2\/media\/2213"}],"wp:attachment":[{"href":"https:\/\/lerkilsbatvarv.se\/en\/wp-json\/wp\/v2\/media?parent=3285"}],"wp:term":[{"taxonomy":"product_cat","embeddable":true,"href":"https:\/\/lerkilsbatvarv.se\/en\/wp-json\/wp\/v2\/product_cat?post=3285"},{"taxonomy":"product_tag","embeddable":true,"href":"https:\/\/lerkilsbatvarv.se\/en\/wp-json\/wp\/v2\/product_tag?post=3285"}],"curies":[{"name":"wp","href":"https:\/\/api.w.org\/{rel}","templated":true}]}}