{"id":3287,"date":"2021-02-25T16:52:25","date_gmt":"2021-02-25T16:52:25","guid":{"rendered":"https:\/\/lerkilsbatvarv.se\/?post_type=product&#038;p=3287"},"modified":"2021-03-09T15:00:16","modified_gmt":"2021-03-09T15:00:16","slug":"askeladden-c65-bow-rider","status":"publish","type":"product","link":"https:\/\/lerkilsbatvarv.se\/en\/product\/askeladden-c65-bow-rider\/","title":{"rendered":"Askeladden C65 Bow Rider"},"content":{"rendered":"<h2>Askeladden C65 Bow Rider.<\/h2>\n<p>Askeladden C65 BR \u00e4r den andra modellen i C65-serien. Den rymliga cockpiten har h\u00e4mtat inspiration fr\u00e5n C65 Cruiser och har plats f\u00f6r totalt sju personer. Den har en U-formad soffa med plats f\u00f6r ett bord, och soffan kan raskt g\u00f6ras om till en stor solb\u00e4dd. Cockpitsektionen \u00f6verg\u00e5r i aktern och badplattformen, vilket skapar en h\u00e4rlig k\u00e4nsla av rymd och enkelhet. Ryggst\u00f6det p\u00e5 aktersoffan kan f\u00e4llas fram\u00e5t s\u00e5 att man f\u00e5r en sk\u00f6n sittplats v\u00e4nd mot badplattformen, d\u00e4r du kan torka efter ett dopp eller h\u00e5lla ett \u00f6ga p\u00e5 din familj och dina v\u00e4nner medan de tumlar runt i vattnet.<\/p>\n<p>Ut\u00f6ver den rymliga cockpiten och akterutrymmet har C65 Bow Rider, som namnet antyder, \u00e4ven en djup och rymlig cockpit i f\u00f6rskeppet. Denna cockpit har separat dr\u00e4nering och f\u00f6rblir d\u00e4rmed torr i alla v\u00e4der. Du kan g\u00f6ra om cockpiten i f\u00f6rskeppet till en stor solb\u00e4dd d\u00e4r dina passagerare kan koppla av och lapa sol, eller s\u00e5 kan du ta bort dynorna och f\u00e5 en perfekt fiskeplats. Cockpiten i f\u00f6rskeppet g\u00f6r det \u00e4ven mycket smidigt att \u00e4ntra b\u00e5ten i f\u00f6ren.<\/p>\n<p>Och nu till den mest unika egenskapen &#8211; mellan cockpiten i f\u00f6rskeppet och huvudcockpiten finns ett stort och bekv\u00e4mt toalettutrymme med spoltoalett och tank. N\u00e4r du k\u00f6per Topline-paketet \u00e4r b\u00e5ten utrustad med spoltoalett, vask med trycksatt vatten, spegel, belysning, ventilation och f\u00f6rvaringsutrymme f\u00f6r toalettartiklar.<\/p>\n<p>I Topline-paketet ing\u00e5r \u00e4ven det nya dynamiska trimkontrollsystemet ZipWake, som automatiskt kontrollerar b\u00e5de pitch- och rollstabilisering, vilket ger en ytterst behaglig g\u00e5ng. C65 Bow Rider \u00e4r en h\u00f6gpresterare p\u00e5 sj\u00f6n som erbjuder fullst\u00e4ndig s\u00e4kerhet \u00e4ven i h\u00f6ga hastigheter. Den \u00e4r konstruerad f\u00f6r en utombordsmotor p\u00e5 150 till 250 hk, och kan med den st\u00f6rsta motorn komma upp i 45 knop.<\/p>","protected":false},"excerpt":{"rendered":"<h3 class=\"field-label\">Fakta<\/h3>\n<div class=\"field facts\">\n<div class=\"row\">\n<div class=\"col-xs-3\">\n<div class=\"field facts_type\">L\u00e4ngd:<\/div>\n<\/div>\n<div class=\"col-xs-3\">\n<div class=\"field facts_value\">6,45 m.<\/div>\n<\/div>\n<\/div>\n<\/div>\n<div class=\"field facts\">\n<div class=\"row\">\n<div class=\"col-xs-3\">\n<div class=\"field facts_type\">Bredd:<\/div>\n<\/div>\n<div class=\"col-xs-3\">\n<div class=\"field facts_value\">2,46 m.<\/div>\n<\/div>\n<\/div>\n<\/div>\n<div class=\"field facts\">\n<div class=\"row\">\n<div class=\"col-xs-3\">\n<div class=\"field facts_type\">Vikt:<\/div>\n<\/div>\n<div class=\"col-xs-3\">\n<div class=\"field facts_value\">1,400 kg.<\/div>\n<\/div>\n<\/div>\n<\/div>\n<div class=\"field facts\">\n<div class=\"row\">\n<div class=\"col-xs-3\">\n<div class=\"field facts_type\">Antal pers:<\/div>\n<\/div>\n<div class=\"col-xs-3\">\n<div class=\"field facts_value\">6 st.<\/div>\n<\/div>\n<\/div>\n<\/div>\n<div class=\"field facts\">\n<div class=\"row\">\n<div class=\"col-xs-3\">\n<div class=\"field facts_type\">Max motor:<\/div>\n<\/div>\n<div class=\"col-xs-3\">\n<div class=\"field facts_value\">300 hk.<\/div>\n<\/div>\n<\/div>\n<\/div>\n<div class=\"field facts\">\n<div class=\"row\">\n<div class=\"col-xs-3\">\n<div class=\"field facts_type\">Tillbeh\u00f6r:<\/div>\n<\/div>\n<div class=\"col-xs-3\">\n<div class=\"field facts_value\">Ladda ner v\u00e5r prislista h\u00e4r p\u00e5 sidan.<\/div>\n<\/div>\n<\/div>\n<\/div>","protected":false},"featured_media":3325,"comment_status":"open","ping_status":"closed","template":"","meta":{"site-sidebar-layout":"default","site-content-layout":"default","ast-global-header-display":"","ast-main-header-display":"","ast-hfb-above-header-display":"","ast-hfb-below-header-display":"","ast-hfb-mobile-header-display":"","site-post-title":"","ast-breadcrumbs-content":"","ast-featured-img":"","footer-sml-layout":"","theme-transparent-header-meta":"default","adv-header-id-meta":"","stick-header-meta":"","header-above-stick-meta":"","header-main-stick-meta":"","header-below-stick-meta":""},"product_cat":[28,53],"product_tag":[54],"class_list":["post-3287","product","type-product","status-publish","has-post-thumbnail","hentry","product_cat-askeladden","product_cat-bow-rider","product_tag-bow-rider"],"_links":{"self":[{"href":"https:\/\/lerkilsbatvarv.se\/en\/wp-json\/wp\/v2\/product\/3287","targetHints":{"allow":["GET"]}}],"collection":[{"href":"https:\/\/lerkilsbatvarv.se\/en\/wp-json\/wp\/v2\/product"}],"about":[{"href":"https:\/\/lerkilsbatvarv.se\/en\/wp-json\/wp\/v2\/types\/product"}],"replies":[{"embeddable":true,"href":"https:\/\/lerkilsbatvarv.se\/en\/wp-json\/wp\/v2\/comments?post=3287"}],"version-history":[{"count":1,"href":"https:\/\/lerkilsbatvarv.se\/en\/wp-json\/wp\/v2\/product\/3287\/revisions"}],"predecessor-version":[{"id":3288,"href":"https:\/\/lerkilsbatvarv.se\/en\/wp-json\/wp\/v2\/product\/3287\/revisions\/3288"}],"wp:featuredmedia":[{"embeddable":true,"href":"https:\/\/lerkilsbatvarv.se\/en\/wp-json\/wp\/v2\/media\/3325"}],"wp:attachment":[{"href":"https:\/\/lerkilsbatvarv.se\/en\/wp-json\/wp\/v2\/media?parent=3287"}],"wp:term":[{"taxonomy":"product_cat","embeddable":true,"href":"https:\/\/lerkilsbatvarv.se\/en\/wp-json\/wp\/v2\/product_cat?post=3287"},{"taxonomy":"product_tag","embeddable":true,"href":"https:\/\/lerkilsbatvarv.se\/en\/wp-json\/wp\/v2\/product_tag?post=3287"}],"curies":[{"name":"wp","href":"https:\/\/api.w.org\/{rel}","templated":true}]}}