{"id":3306,"date":"2021-02-25T17:16:49","date_gmt":"2021-02-25T17:16:49","guid":{"rendered":"https:\/\/lerkilsbatvarv.se\/?post_type=product&#038;p=3306"},"modified":"2021-03-09T14:52:48","modified_gmt":"2021-03-09T14:52:48","slug":"askeladden-p77-weekend","status":"publish","type":"product","link":"https:\/\/lerkilsbatvarv.se\/en\/product\/askeladden-p77-weekend\/","title":{"rendered":"Askeladden P77 Weekend"},"content":{"rendered":"<p>Askeladden introducerar nya P77 Weekend nu med utombordare<\/p>\n<p>Askeladden P77 Weekend med utombordare \u00e4r en mycket drifts\u00e4ker och br\u00e4nslesn\u00e5l motorb\u00e5t som uppskattas av m\u00e5nga.<\/p>\n<p>Den \u00e4r l\u00e4ttdriven och snabbg\u00e5ende, och med en Suzuki 150-200 HK \u00e4r fartpotentialen hela 34 knop. Det g\u00f6r b\u00e5ten h\u00f6gst intressant \u00e4ven f\u00f6r fritidsanv\u00e4ndare som vill ha ett enkelt och ekonomiskt b\u00e5tliv.<\/p>\n<p>P77 \u00e4r en utvidgning av de popul\u00e4ra b\u00e5tarna i P-serien.<\/p>\n<p>B\u00e5ten har \u00e4ven en l\u00e5ng vattenlinje och b\u00e4ttre b\u00e4ring akterut, vilket ocks\u00e5 bidrar till den h\u00f6ga fartpotentialen.<\/p>\n<p>I \u00f6vrigt har denna b\u00e5t allt som finns i de andra weekendb\u00e5tarna: pentry, matplats, \u00f6vernattningsplats, st\u00e4ngbar WC, m\u00f6jlighet till v\u00e4rme \u2013 \u00e4ven under kapellet p\u00e5 akterd\u00e4cket, m\u00f6jlighet till bogpropeller, ankarvinsch, lyftanordning f\u00f6r tinor\/n\u00e4t m.m.<\/p>","protected":false},"excerpt":{"rendered":"<h3 class=\"field-label\">Fakta<\/h3>\n<div class=\"field facts\">\n<div class=\"row\">\n<div class=\"col-xs-3\">\n<div class=\"field facts_type\">L\u00e4ngd:<\/div>\n<\/div>\n<div class=\"col-xs-3\">\n<div class=\"field facts_value\">7,70 m.<\/div>\n<\/div>\n<\/div>\n<\/div>\n<div class=\"field facts\">\n<div class=\"row\">\n<div class=\"col-xs-3\">\n<div class=\"field facts_type\">Bredd:<\/div>\n<\/div>\n<div class=\"col-xs-3\">\n<div class=\"field facts_value\">2,50 m.<\/div>\n<\/div>\n<\/div>\n<\/div>\n<div class=\"field facts\">\n<div class=\"row\">\n<div class=\"col-xs-3\">\n<div class=\"field facts_type\">Vikt:<\/div>\n<\/div>\n<div class=\"col-xs-3\">\n<div class=\"field facts_value\">1,800 kg.<\/div>\n<\/div>\n<\/div>\n<\/div>\n<div class=\"field facts\">\n<div class=\"row\">\n<div class=\"col-xs-3\">\n<div class=\"field facts_type\">Antal pers:<\/div>\n<\/div>\n<div class=\"col-xs-3\">\n<div class=\"field facts_value\">7 st.<\/div>\n<\/div>\n<\/div>\n<\/div>\n<div class=\"field facts\">\n<div class=\"row\">\n<div class=\"col-xs-3\">\n<div class=\"field facts_type\">Max motor:<\/div>\n<\/div>\n<div class=\"col-xs-3\">\n<div class=\"field facts_value\">200 hk.<\/div>\n<\/div>\n<\/div>\n<\/div>\n<div class=\"field facts\">\n<div class=\"row\">\n<div class=\"col-xs-3\">\n<div class=\"field facts_type\">Tillbeh\u00f6r:<\/div>\n<\/div>\n<div class=\"col-xs-3\">\n<div class=\"field facts_value\">Ladda ner v\u00e5r prislista h\u00e4r p\u00e5 sidan.<\/div>\n<\/div>\n<\/div>\n<\/div>","protected":false},"featured_media":5520,"comment_status":"open","ping_status":"closed","template":"","meta":{"site-sidebar-layout":"default","site-content-layout":"default","ast-global-header-display":"","ast-main-header-display":"","ast-hfb-above-header-display":"","ast-hfb-below-header-display":"","ast-hfb-mobile-header-display":"","site-post-title":"","ast-breadcrumbs-content":"","ast-featured-img":"","footer-sml-layout":"","theme-transparent-header-meta":"default","adv-header-id-meta":"","stick-header-meta":"","header-above-stick-meta":"","header-main-stick-meta":"","header-below-stick-meta":""},"product_cat":[28,79],"product_tag":[80],"class_list":["post-3306","product","type-product","status-publish","has-post-thumbnail","hentry","product_cat-askeladden","product_cat-kabinbat","product_tag-kabinbat"],"_links":{"self":[{"href":"https:\/\/lerkilsbatvarv.se\/en\/wp-json\/wp\/v2\/product\/3306","targetHints":{"allow":["GET"]}}],"collection":[{"href":"https:\/\/lerkilsbatvarv.se\/en\/wp-json\/wp\/v2\/product"}],"about":[{"href":"https:\/\/lerkilsbatvarv.se\/en\/wp-json\/wp\/v2\/types\/product"}],"replies":[{"embeddable":true,"href":"https:\/\/lerkilsbatvarv.se\/en\/wp-json\/wp\/v2\/comments?post=3306"}],"version-history":[{"count":1,"href":"https:\/\/lerkilsbatvarv.se\/en\/wp-json\/wp\/v2\/product\/3306\/revisions"}],"predecessor-version":[{"id":3323,"href":"https:\/\/lerkilsbatvarv.se\/en\/wp-json\/wp\/v2\/product\/3306\/revisions\/3323"}],"wp:featuredmedia":[{"embeddable":true,"href":"https:\/\/lerkilsbatvarv.se\/en\/wp-json\/wp\/v2\/media\/5520"}],"wp:attachment":[{"href":"https:\/\/lerkilsbatvarv.se\/en\/wp-json\/wp\/v2\/media?parent=3306"}],"wp:term":[{"taxonomy":"product_cat","embeddable":true,"href":"https:\/\/lerkilsbatvarv.se\/en\/wp-json\/wp\/v2\/product_cat?post=3306"},{"taxonomy":"product_tag","embeddable":true,"href":"https:\/\/lerkilsbatvarv.se\/en\/wp-json\/wp\/v2\/product_tag?post=3306"}],"curies":[{"name":"wp","href":"https:\/\/api.w.org\/{rel}","templated":true}]}}