{"id":3338,"date":"2021-02-25T17:33:16","date_gmt":"2021-02-25T17:33:16","guid":{"rendered":"https:\/\/lerkilsbatvarv.se\/?post_type=product&#038;p=3338"},"modified":"2021-03-09T14:51:16","modified_gmt":"2021-03-09T14:51:16","slug":"askeladden-p60-multi","status":"publish","type":"product","link":"https:\/\/lerkilsbatvarv.se\/en\/product\/askeladden-p60-multi\/","title":{"rendered":"ASKELADDEN P60 MULTI"},"content":{"rendered":"<h2>ASKELADDEN P60 MULTI<\/h2>\n<p>Fiske-, f\u00e5ngst- och arbetsb\u00e5t f\u00f6r extrem last!<\/p>\n<p>INFORMASJONAskeladden har utvecklat en speciell fiske- och f\u00e5ngstb\u00e5t f\u00f6r linfiske efter h\u00e4lleflundra p\u00e5 Gr\u00f6nland!<\/p>\n<p>Denna b\u00e5t \u00e4r byggd f\u00f6r att g\u00e5 bekv\u00e4mt och s\u00e4kert i grov sj\u00f6 med extrem d\u00e4ckslast och har d\u00e4rf\u00f6r en djup V-botten (210) samt stor stabilitet och b\u00e4rkapacitet. Den inv\u00e4ndiga fribordsh\u00f6jden p\u00e5 0,85 meter uppfyller kraven p\u00e5 yrkesb\u00e5tar under 15 meter. B\u00e5ten \u00e4r CE-godk\u00e4nd f\u00f6r 1880 kg d\u00e4ckslast, men kan i praktiken lastas med upp till 2500 kg d\u00e4ckslast och \u00e4r d\u00e5 fullt ut planande med en Suzuki DF300 APX-motor, som har en toppfart p\u00e5 cirka 38 knop med denna last.<\/p>\n<p>Det finns ingen direkt motsvarighet till denna b\u00e5t p\u00e5 den nordiska marknaden. Vi \u00e4r \u00f6vertygade om att detta b\u00e5tkoncept \u00e4r intressant \u00e4ven f\u00f6r b\u00e5tfolk i Norden som har behov av b\u00e5tens speciella egenskaper!<\/p>\n<p>B\u00e5ten kan registreras i fartygsregistret och registreras f\u00f6r yrkesfiske!<\/p>\n<p>B\u00c5TKONCEPTET P60 MULTI<\/p>\n<p>Detta \u00e4r den perfekta fiske-, f\u00e5ngst- och arbetsb\u00e5ten f\u00f6r dig som kr\u00e4ver s\u00e4kra och bekv\u00e4ma k\u00f6regenskaper och vill kunna frakta stor och tung d\u00e4ckslast. Inredningen \u00e4r flexibel och det finns b\u00e5de enkla och dubbla konsoler som kan placeras exakt d\u00e4r du vill ha dem.<\/p>\n<p>B\u00e5ten kan \u00e4ven utrustas med en kraftig rostfri targab\u00e5ge och hardtop! B\u00e5ten \u00e4r avsev\u00e4rt kraftfullare dimensionerad \u00e4n vad som \u00e4r vanligt f\u00f6r en sexmetersb\u00e5t f\u00f6r att klara av en stor motor (max. 350 hk), h\u00e5rd k\u00f6rning och stor d\u00e4ckslast.<\/p>\n<p>Askeladden P60 Multi \u00e4r havets svar p\u00e5 landbackens Land Rover!<\/p>","protected":false},"excerpt":{"rendered":"<h3 class=\"field-label\">Fakta<\/h3>\n<div class=\"field facts\">\n<div class=\"row\">\n<div class=\"col-xs-3\">\n<div class=\"field facts_type\">L\u00e4ngd:<\/div>\n<\/div>\n<div class=\"col-xs-3\">\n<div class=\"field facts_value\">6,00 m.<\/div>\n<\/div>\n<\/div>\n<\/div>\n<div class=\"field facts\">\n<div class=\"row\">\n<div class=\"col-xs-3\">\n<div class=\"field facts_type\">Bredd:<\/div>\n<\/div>\n<div class=\"col-xs-3\">\n<div class=\"field facts_value\">2,60 m.<\/div>\n<\/div>\n<\/div>\n<\/div>\n<div class=\"field facts\">\n<div class=\"row\">\n<div class=\"col-xs-3\">\n<div class=\"field facts_type\">Vikt:<\/div>\n<\/div>\n<div class=\"col-xs-3\">\n<div class=\"field facts_value\">1,200 kg.<\/div>\n<\/div>\n<\/div>\n<\/div>\n<div class=\"field facts\">\n<div class=\"row\">\n<div class=\"col-xs-3\">\n<div class=\"field facts_type\">Antal pers:<\/div>\n<\/div>\n<div class=\"col-xs-3\">\n<div class=\"field facts_value\">10 st.<\/div>\n<\/div>\n<\/div>\n<\/div>\n<div class=\"field facts\">\n<div class=\"row\">\n<div class=\"col-xs-3\">\n<div class=\"field facts_type\">Max motor:<\/div>\n<\/div>\n<div class=\"col-xs-3\">\n<div class=\"field facts_value\">350 hk.<\/div>\n<\/div>\n<\/div>\n<\/div>\n<div class=\"field facts\">\n<div class=\"row\">\n<div class=\"col-xs-3\">\n<div class=\"field facts_type\">Tillbeh\u00f6r:<\/div>\n<\/div>\n<div class=\"col-xs-3\">\n<div class=\"field facts_value\">Ladda ner v\u00e5r prislista h\u00e4r p\u00e5 sidan.<\/div>\n<\/div>\n<\/div>\n<\/div>","protected":false},"featured_media":2281,"comment_status":"open","ping_status":"closed","template":"","meta":{"site-sidebar-layout":"default","site-content-layout":"default","ast-global-header-display":"","ast-main-header-display":"","ast-hfb-above-header-display":"","ast-hfb-below-header-display":"","ast-hfb-mobile-header-display":"","site-post-title":"","ast-breadcrumbs-content":"","ast-featured-img":"","footer-sml-layout":"","theme-transparent-header-meta":"default","adv-header-id-meta":"","stick-header-meta":"","header-above-stick-meta":"","header-main-stick-meta":"","header-below-stick-meta":""},"product_cat":[28,51],"product_tag":[52],"class_list":["post-3338","product","type-product","status-publish","has-post-thumbnail","hentry","product_cat-askeladden","product_cat-styrpulpet-st","product_tag-styrpulpet-st"],"_links":{"self":[{"href":"https:\/\/lerkilsbatvarv.se\/en\/wp-json\/wp\/v2\/product\/3338","targetHints":{"allow":["GET"]}}],"collection":[{"href":"https:\/\/lerkilsbatvarv.se\/en\/wp-json\/wp\/v2\/product"}],"about":[{"href":"https:\/\/lerkilsbatvarv.se\/en\/wp-json\/wp\/v2\/types\/product"}],"replies":[{"embeddable":true,"href":"https:\/\/lerkilsbatvarv.se\/en\/wp-json\/wp\/v2\/comments?post=3338"}],"version-history":[{"count":1,"href":"https:\/\/lerkilsbatvarv.se\/en\/wp-json\/wp\/v2\/product\/3338\/revisions"}],"predecessor-version":[{"id":3339,"href":"https:\/\/lerkilsbatvarv.se\/en\/wp-json\/wp\/v2\/product\/3338\/revisions\/3339"}],"wp:featuredmedia":[{"embeddable":true,"href":"https:\/\/lerkilsbatvarv.se\/en\/wp-json\/wp\/v2\/media\/2281"}],"wp:attachment":[{"href":"https:\/\/lerkilsbatvarv.se\/en\/wp-json\/wp\/v2\/media?parent=3338"}],"wp:term":[{"taxonomy":"product_cat","embeddable":true,"href":"https:\/\/lerkilsbatvarv.se\/en\/wp-json\/wp\/v2\/product_cat?post=3338"},{"taxonomy":"product_tag","embeddable":true,"href":"https:\/\/lerkilsbatvarv.se\/en\/wp-json\/wp\/v2\/product_tag?post=3338"}],"curies":[{"name":"wp","href":"https:\/\/api.w.org\/{rel}","templated":true}]}}