{"id":3352,"date":"2021-02-26T08:06:38","date_gmt":"2021-02-26T08:06:38","guid":{"rendered":"https:\/\/lerkilsbatvarv.se\/?post_type=product&#038;p=3352"},"modified":"2021-03-11T15:04:43","modified_gmt":"2021-03-11T15:04:43","slug":"bella-550-br","status":"publish","type":"product","link":"https:\/\/lerkilsbatvarv.se\/en\/product\/bella-550-br\/","title":{"rendered":"Bella 550 BR"},"content":{"rendered":"<h2>Bella 550 BR<\/h2>\n<div class=\"row\">\n<div class=\"col-xs-4\">\n<div class=\"field body\">\n<p>Bella 550 BR-Bowrider \u00e4r det senaste tillskottet i den nya Bella-b\u00e5tkollektionen. Dess str\u00f6mlinjeformade skrov erbjuder gott om plats i f\u00f6rh\u00e5llande till storleksklassen, tillsammans med m\u00e5nga praktiska l\u00f6sningar, s\u00e5som extrasits, divan, solplattform och integrerad br\u00e4nsletank. Bella 550 BR:s sociala och l\u00e4ttanv\u00e4nda planl\u00f6sning m\u00f6jligg\u00f6r ocks\u00e5 rej\u00e4la f\u00f6rvaringsutrymmen och m\u00e5nga goda, bepr\u00f6vade egenskaper som \u00e4r bekanta fr\u00e5n st\u00f6rre b\u00e5tar. Nya Bella 550 BR \u00e4r en b\u00e5t som \u00e4r st\u00f6rre \u00e4n vad ytterm\u00e5tten visar p\u00e5.<\/p>\n<p>Formspr\u00e5ket hos nya Bella 550 BR vittnar om ett nytt s\u00e4tt att t\u00e4nka d\u00e4r fokus ligger p\u00e5 anv\u00e4ndarupplevelsen. B\u00e5tens stabila skrov erbjuder trygga k\u00f6regenskaper och den v\u00e4l skyddande vindrutan tillsammans med det l\u00e4ttanv\u00e4nda kapellet g\u00f6r b\u00e5tlivet njutbart och praktiskt. Bella 550 BR \u00e4r en modern och praktisk sk\u00f6nhet utan kompromisser.<\/p>\n<p>Bella 550 BR \u00e4r m\u00e5ngsidigt och h\u00f6gklassigt utrustad. B\u00e5ten kommer levereras med mycket praktisk standardutrustning, t.ex. fenderst\u00e4llning, solplattform, integrerad br\u00e4nsletank och ankarboxar fram och bak. Dessutom kan b\u00e5ten anpassas m\u00e5ngsidigt med tillvalsutrustning enligt anv\u00e4ndarens behov. B\u00e5ten har den v\u00e4lbekanta moderna och stilrena designen fr\u00e5n Espen Thorup, d\u00e4r material och tekniska detaljer g\u00e5r hand i hand b\u00e5de kvalitets- och funktionsm\u00e4ssigt.<\/p>\n<p>B\u00e5tens praktiska planl\u00f6sning l\u00e5ter dig njuta av b\u00e5tlivet enkelt och tryggt, utan kompromisser. Det stabila skrovet g\u00e5r l\u00e4tt redan med en liten Mercury-utombordsmotor, och dess goda k\u00f6regenskaper \u00f6kar b\u00e5t\u00e4garens sj\u00e4lvf\u00f6rtroende i precis lagom omfattning. Bella 550 BR \u00e4r en kompakt Bowrider med h\u00f6g anv\u00e4ndbarhet och bjuder p\u00e5 smart, vackert och socialt b\u00e5tliv.<\/p>\n<p>UTRUSTNING12V eluttagankarbox, 3 stBr\u00e4nsletank 105 l.DynsatsEldsl\u00e4ckareFenderh\u00e5llareKapellL\u00e4nspump, manuellMuggh\u00e5llareNFB-kabelstyrningOffshore sitsPlats f\u00f6r kartplotterR\u00e4cken\/beslag i syrafast rst st\u00e5lsolb\u00e4ddUSB-laddningsportVitt skrovf\u00e4rg<\/p>\n<\/div>\n<\/div>\n<\/div>","protected":false},"excerpt":{"rendered":"<h3 class=\"field-label\">Fakta<\/h3>\n<div class=\"field facts\">\n<div class=\"row\">\n<div class=\"col-xs-3\">\n<div class=\"field facts_type\">L\u00e4ngd:<\/div>\n<\/div>\n<div class=\"col-xs-3\">\n<div class=\"field facts_value\">5,53 m.<\/div>\n<\/div>\n<\/div>\n<\/div>\n<div class=\"field facts\">\n<div class=\"row\">\n<div class=\"col-xs-3\">\n<div class=\"field facts_type\">Bredd:<\/div>\n<\/div>\n<div class=\"col-xs-3\">\n<div class=\"field facts_value\">2,15 m.<\/div>\n<\/div>\n<\/div>\n<\/div>\n<div class=\"field facts\">\n<div class=\"row\">\n<div class=\"col-xs-3\">\n<div class=\"field facts_type\">Vikt:<\/div>\n<\/div>\n<div class=\"col-xs-3\">\n<div class=\"field facts_value\">650 kg.<\/div>\n<\/div>\n<\/div>\n<\/div>\n<div class=\"field facts\">\n<div class=\"row\">\n<div class=\"col-xs-3\">\n<div class=\"field facts_type\">Antal pers:<\/div>\n<\/div>\n<div class=\"col-xs-3\">\n<div class=\"field facts_value\">7 st.<\/div>\n<\/div>\n<\/div>\n<\/div>\n<div class=\"field facts\">\n<div class=\"row\">\n<div class=\"col-xs-3\">\n<div class=\"field facts_type\">Max motor:<\/div>\n<\/div>\n<div class=\"col-xs-3\">\n<div class=\"field facts_value\">115 hk.<\/div>\n<\/div>\n<\/div>\n<\/div>\n<div class=\"field facts\">\n<div class=\"row\">\n<div class=\"col-xs-3\">\n<div class=\"field facts_type\">Tillbeh\u00f6r:<\/div>\n<\/div>\n<div class=\"col-xs-3\">\n<div class=\"field facts_value\">Ladda ner v\u00e5r prislista h\u00e4r p\u00e5 sidan.<\/div>\n<\/div>\n<\/div>\n<\/div>","protected":false},"featured_media":2485,"comment_status":"open","ping_status":"closed","template":"","meta":{"site-sidebar-layout":"default","site-content-layout":"default","ast-global-header-display":"","ast-main-header-display":"","ast-hfb-above-header-display":"","ast-hfb-below-header-display":"","ast-hfb-mobile-header-display":"","site-post-title":"","ast-breadcrumbs-content":"","ast-featured-img":"","footer-sml-layout":"","theme-transparent-header-meta":"default","adv-header-id-meta":"","stick-header-meta":"","header-above-stick-meta":"","header-main-stick-meta":"","header-below-stick-meta":""},"product_cat":[33,53,45],"product_tag":[54,35],"class_list":["post-3352","product","type-product","status-publish","has-post-thumbnail","hentry","product_cat-bella","product_cat-bow-rider","product_cat-erbjudande","product_tag-bow-rider","product_tag-nya-batar"],"_links":{"self":[{"href":"https:\/\/lerkilsbatvarv.se\/en\/wp-json\/wp\/v2\/product\/3352","targetHints":{"allow":["GET"]}}],"collection":[{"href":"https:\/\/lerkilsbatvarv.se\/en\/wp-json\/wp\/v2\/product"}],"about":[{"href":"https:\/\/lerkilsbatvarv.se\/en\/wp-json\/wp\/v2\/types\/product"}],"replies":[{"embeddable":true,"href":"https:\/\/lerkilsbatvarv.se\/en\/wp-json\/wp\/v2\/comments?post=3352"}],"version-history":[{"count":1,"href":"https:\/\/lerkilsbatvarv.se\/en\/wp-json\/wp\/v2\/product\/3352\/revisions"}],"predecessor-version":[{"id":3353,"href":"https:\/\/lerkilsbatvarv.se\/en\/wp-json\/wp\/v2\/product\/3352\/revisions\/3353"}],"wp:featuredmedia":[{"embeddable":true,"href":"https:\/\/lerkilsbatvarv.se\/en\/wp-json\/wp\/v2\/media\/2485"}],"wp:attachment":[{"href":"https:\/\/lerkilsbatvarv.se\/en\/wp-json\/wp\/v2\/media?parent=3352"}],"wp:term":[{"taxonomy":"product_cat","embeddable":true,"href":"https:\/\/lerkilsbatvarv.se\/en\/wp-json\/wp\/v2\/product_cat?post=3352"},{"taxonomy":"product_tag","embeddable":true,"href":"https:\/\/lerkilsbatvarv.se\/en\/wp-json\/wp\/v2\/product_tag?post=3352"}],"curies":[{"name":"wp","href":"https:\/\/api.w.org\/{rel}","templated":true}]}}