{"id":3366,"date":"2021-02-26T08:19:19","date_gmt":"2021-02-26T08:19:19","guid":{"rendered":"https:\/\/lerkilsbatvarv.se\/?post_type=product&#038;p=3366"},"modified":"2021-03-11T15:03:50","modified_gmt":"2021-03-11T15:03:50","slug":"bella-600-br","status":"publish","type":"product","link":"https:\/\/lerkilsbatvarv.se\/en\/product\/bella-600-br\/","title":{"rendered":"Bella 600 BR"},"content":{"rendered":"<h2>Bella 600 BR<\/h2>\n<div class=\"row\">\n<div class=\"col-xs-4\">\n<div class=\"field body\">\n<p>Den \u00f6ppna b\u00e5ten Bella 600 BR \u2013 Bow Rider delar sin moderna och \u00f6ppna 6-meters skrovl\u00f6sning med Bella 600 R. Denna \u00f6ppna b\u00e5t med sitt vackra, str\u00f6mlinjeformade yttre erbjuder den omtyckta l\u00f6sningen med dubbelpulpet i kombination med en skyddad styrhytt i Bow Rider-stil.<\/p>\n<p>Bella 600 BR \u00e4r full av smarta och genomt\u00e4nkta detaljer, som till exempel ett l\u00e4tthanterligt soltak, m\u00e5nga l\u00e5sf\u00f6rsedda stuvutrymmen och ett kapell under den bakre b\u00e4nken som \u00e4r l\u00e4tt att montera. Dessutom har Bella 600 BR rymliga utrymmen f\u00f6r sju personer, m\u00e5ngsidig utrustning samt s\u00e4kra och f\u00f6rn\u00e4ma k\u00f6regenskaper. Tack vare detta l\u00e4mpar sig b\u00e5ten utm\u00e4rkt f\u00f6r hela familjen. Vi tror \u00e4ven att Bella kan inneb\u00e4ra ett b\u00e5tliv n\u00e4r det \u00e4r som b\u00e4st, en social och inspirerande hobby och ett n\u00f6je f\u00f6r alla som stiger ombord.<\/p>\n<p>Den nya \u00f6ppna b\u00e5ten Bella 600 BR \u00e4r smart, vacker och social.<\/p>\n<\/div>\n<\/div>\n<\/div>","protected":false},"excerpt":{"rendered":"<h3 class=\"field-label\">Fakta<\/h3>\n<div class=\"field facts\">\n<div class=\"row\">\n<div class=\"col-xs-3\">\n<div class=\"field facts_type\">L\u00e4ngd:<\/div>\n<\/div>\n<div class=\"col-xs-3\">\n<div class=\"field facts_value\">6,05 m.<\/div>\n<\/div>\n<\/div>\n<\/div>\n<div class=\"field facts\">\n<div class=\"row\">\n<div class=\"col-xs-3\">\n<div class=\"field facts_type\">Bredd:<\/div>\n<\/div>\n<div class=\"col-xs-3\">\n<div class=\"field facts_value\">2,34 m.<\/div>\n<\/div>\n<\/div>\n<\/div>\n<div class=\"field facts\">\n<div class=\"row\">\n<div class=\"col-xs-3\">\n<div class=\"field facts_type\">Vikt:<\/div>\n<\/div>\n<div class=\"col-xs-3\">\n<div class=\"field facts_value\">1000 kg.<\/div>\n<\/div>\n<\/div>\n<\/div>\n<div class=\"field facts\">\n<div class=\"row\">\n<div class=\"col-xs-3\">\n<div class=\"field facts_type\">Antal pers:<\/div>\n<\/div>\n<div class=\"col-xs-3\">\n<div class=\"field facts_value\">7 st.<\/div>\n<\/div>\n<\/div>\n<\/div>\n<div class=\"field facts\">\n<div class=\"row\">\n<div class=\"col-xs-3\">\n<div class=\"field facts_type\">Max motor:<\/div>\n<\/div>\n<div class=\"col-xs-3\">\n<div class=\"field facts_value\">150 hk.<\/div>\n<\/div>\n<\/div>\n<\/div>\n<div class=\"field facts\">\n<div class=\"row\">\n<div class=\"col-xs-3\">\n<div class=\"field facts_type\">Tillbeh\u00f6r:<\/div>\n<\/div>\n<div class=\"col-xs-3\">\n<div class=\"field facts_value\">Ladda ner prislistan h\u00e4r p\u00e5 sidan.<\/div>\n<\/div>\n<\/div>\n<\/div>","protected":false},"featured_media":4177,"comment_status":"open","ping_status":"closed","template":"","meta":{"site-sidebar-layout":"default","site-content-layout":"default","ast-global-header-display":"","ast-main-header-display":"","ast-hfb-above-header-display":"","ast-hfb-below-header-display":"","ast-hfb-mobile-header-display":"","site-post-title":"","ast-breadcrumbs-content":"","ast-featured-img":"","footer-sml-layout":"","theme-transparent-header-meta":"default","adv-header-id-meta":"","stick-header-meta":"","header-above-stick-meta":"","header-main-stick-meta":"","header-below-stick-meta":""},"product_cat":[33,53],"product_tag":[54],"class_list":["post-3366","product","type-product","status-publish","has-post-thumbnail","hentry","product_cat-bella","product_cat-bow-rider","product_tag-bow-rider"],"_links":{"self":[{"href":"https:\/\/lerkilsbatvarv.se\/en\/wp-json\/wp\/v2\/product\/3366","targetHints":{"allow":["GET"]}}],"collection":[{"href":"https:\/\/lerkilsbatvarv.se\/en\/wp-json\/wp\/v2\/product"}],"about":[{"href":"https:\/\/lerkilsbatvarv.se\/en\/wp-json\/wp\/v2\/types\/product"}],"replies":[{"embeddable":true,"href":"https:\/\/lerkilsbatvarv.se\/en\/wp-json\/wp\/v2\/comments?post=3366"}],"version-history":[{"count":1,"href":"https:\/\/lerkilsbatvarv.se\/en\/wp-json\/wp\/v2\/product\/3366\/revisions"}],"predecessor-version":[{"id":3367,"href":"https:\/\/lerkilsbatvarv.se\/en\/wp-json\/wp\/v2\/product\/3366\/revisions\/3367"}],"wp:featuredmedia":[{"embeddable":true,"href":"https:\/\/lerkilsbatvarv.se\/en\/wp-json\/wp\/v2\/media\/4177"}],"wp:attachment":[{"href":"https:\/\/lerkilsbatvarv.se\/en\/wp-json\/wp\/v2\/media?parent=3366"}],"wp:term":[{"taxonomy":"product_cat","embeddable":true,"href":"https:\/\/lerkilsbatvarv.se\/en\/wp-json\/wp\/v2\/product_cat?post=3366"},{"taxonomy":"product_tag","embeddable":true,"href":"https:\/\/lerkilsbatvarv.se\/en\/wp-json\/wp\/v2\/product_tag?post=3366"}],"curies":[{"name":"wp","href":"https:\/\/api.w.org\/{rel}","templated":true}]}}