{"id":3372,"date":"2021-02-26T08:26:34","date_gmt":"2021-02-26T08:26:34","guid":{"rendered":"https:\/\/lerkilsbatvarv.se\/?post_type=product&#038;p=3372"},"modified":"2021-03-11T14:55:50","modified_gmt":"2021-03-11T14:55:50","slug":"bella-640-dc","status":"publish","type":"product","link":"https:\/\/lerkilsbatvarv.se\/en\/product\/bella-640-dc\/","title":{"rendered":"Bella 640 DC"},"content":{"rendered":"<h2>Nya Bella 640 DC<\/h2>\n<p>\u2013 en triumf f\u00f6r k\u00e4nsla och f\u00f6rnuft<\/p>\n<p>Bella-familjens nyaste medlem charmar vid f\u00f6rsta \u00f6gonkastet. Det enast\u00e5ende utseendet, sofistikerade inredningsmaterialet fr\u00e5n SPRADLING och rymliga d\u00e4ckomr\u00e5det inbjuder till en n\u00e4rmare titt. Anv\u00e4ndarupplevelsen st\u00e4rker k\u00e4nslan. Det m\u00e5ngsidiga tillbeh\u00f6rssortimentet och anm\u00e4rkningsv\u00e4rt stora badplattformarna erbjuder njutning och bekv\u00e4mlighet, medan de stora f\u00f6rvaringsutrymmena m\u00f6jligg\u00f6r \u00e4nnu l\u00e4ngre utf\u00e4rder. De l\u00e5ga driftskostnaderna g\u00f6r denna sk\u00f6nhet till ett verkligt smart val.<\/p>\n<p>UTRUSTNINGAnkar- och repboxar i f\u00f6ren\/akterBadstegeDynsatsDynsats, sittbrunnEldsl\u00e4ckareFast br\u00e4nsletank 135 lHastighetskontroll f\u00f6r trollingHydraulstyrningKapellLanternorL\u00e4nspump, elektriskMuggh\u00e5llare, 2 stOffshore-f\u00f6rarstolPlats f\u00f6r kartplotter 12&#8243;R\u00e4cken\/beslag i syrafast rst st\u00e5lSj\u00e4lvl\u00e4nsande sittbrunnSmartCraft- m\u00e4tare panelSolb\u00e4dd i akter, inkl. dynaStuvfack under durk, 2 stUSB-laddning<\/p>\n<p>Extra utrustning:AntifoulingBord, sittbrunnDubbelbatteri (utan batteri)Fenderh\u00e5llare, 3 stF\u00e4rskvattentank 10 L + kranGarmin echoMAP Plus 92sv + ekolodsgivareGarmin GPSMAP A12xsv + ekolodsgivareHamnkapellKylsk\u00e5p, dragl\u00e5da Waeco CD30Laminatdurk, gr\u00e5Mercury Active TrimRadio\/Bluetooth, 2 h\u00f6gtalareRadio\/Bluetooth, 2 h\u00f6gtalare, Black BoxSimrad 9&#8221; GO + VesselView Link + ekolodsgivareStartsp\u00e4rr, TDSStuvfack under durk, 130 cm x 75 cm x 35 cmTrimplanUSB laddningsport, 3 stVattenskidst\u00e5ng<\/p>","protected":false},"excerpt":{"rendered":"<h3 class=\"field-label\">Fakta<\/h3>\n<div class=\"field facts\">\n<div class=\"row\">\n<div class=\"col-xs-3\">\n<div class=\"field facts_type\">L\u00e4ngd:<\/div>\n<\/div>\n<div class=\"col-xs-3\">\n<div class=\"field facts_value\">6,58 m.<\/div>\n<\/div>\n<\/div>\n<\/div>\n<div class=\"field facts\">\n<div class=\"row\">\n<div class=\"col-xs-3\">\n<div class=\"field facts_type\">Bredd:<\/div>\n<\/div>\n<div class=\"col-xs-3\">\n<div class=\"field facts_value\">2,34 m.<\/div>\n<\/div>\n<\/div>\n<\/div>\n<div class=\"field facts\">\n<div class=\"row\">\n<div class=\"col-xs-3\">\n<div class=\"field facts_type\">Vikt:<\/div>\n<\/div>\n<div class=\"col-xs-3\">\n<div class=\"field facts_value\">1.200 kg.<\/div>\n<\/div>\n<\/div>\n<\/div>\n<div class=\"field facts\">\n<div class=\"row\">\n<div class=\"col-xs-3\">\n<div class=\"field facts_type\">Antal pers:<\/div>\n<\/div>\n<div class=\"col-xs-3\">\n<div class=\"field facts_value\">7 st.<\/div>\n<\/div>\n<\/div>\n<\/div>\n<div class=\"field facts\">\n<div class=\"row\">\n<div class=\"col-xs-3\">\n<div class=\"field facts_type\">Max motor:<\/div>\n<\/div>\n<div class=\"col-xs-3\">\n<div class=\"field facts_value\">150 hk.<\/div>\n<\/div>\n<\/div>\n<\/div>\n<div class=\"field facts\">\n<div class=\"row\">\n<div class=\"col-xs-3\">\n<div class=\"field facts_type\">Tillbeh\u00f6r:<\/div>\n<\/div>\n<div class=\"col-xs-3\">\n<div class=\"field facts_value\">Ladda ner v\u00e5r prislista h\u00e4r p\u00e5 sidan.<\/div>\n<\/div>\n<\/div>\n<\/div>","protected":false},"featured_media":2544,"comment_status":"open","ping_status":"closed","template":"","meta":{"site-sidebar-layout":"default","site-content-layout":"default","ast-global-header-display":"","ast-main-header-display":"","ast-hfb-above-header-display":"","ast-hfb-below-header-display":"","ast-hfb-mobile-header-display":"","site-post-title":"","ast-breadcrumbs-content":"","ast-featured-img":"","footer-sml-layout":"","theme-transparent-header-meta":"default","adv-header-id-meta":"","stick-header-meta":"","header-above-stick-meta":"","header-main-stick-meta":"","header-below-stick-meta":""},"product_cat":[33,55,45],"product_tag":[56],"class_list":["post-3372","product","type-product","status-publish","has-post-thumbnail","hentry","product_cat-bella","product_cat-day-cruiser","product_cat-erbjudande","product_tag-day-cruiser"],"_links":{"self":[{"href":"https:\/\/lerkilsbatvarv.se\/en\/wp-json\/wp\/v2\/product\/3372","targetHints":{"allow":["GET"]}}],"collection":[{"href":"https:\/\/lerkilsbatvarv.se\/en\/wp-json\/wp\/v2\/product"}],"about":[{"href":"https:\/\/lerkilsbatvarv.se\/en\/wp-json\/wp\/v2\/types\/product"}],"replies":[{"embeddable":true,"href":"https:\/\/lerkilsbatvarv.se\/en\/wp-json\/wp\/v2\/comments?post=3372"}],"version-history":[{"count":1,"href":"https:\/\/lerkilsbatvarv.se\/en\/wp-json\/wp\/v2\/product\/3372\/revisions"}],"predecessor-version":[{"id":3373,"href":"https:\/\/lerkilsbatvarv.se\/en\/wp-json\/wp\/v2\/product\/3372\/revisions\/3373"}],"wp:featuredmedia":[{"embeddable":true,"href":"https:\/\/lerkilsbatvarv.se\/en\/wp-json\/wp\/v2\/media\/2544"}],"wp:attachment":[{"href":"https:\/\/lerkilsbatvarv.se\/en\/wp-json\/wp\/v2\/media?parent=3372"}],"wp:term":[{"taxonomy":"product_cat","embeddable":true,"href":"https:\/\/lerkilsbatvarv.se\/en\/wp-json\/wp\/v2\/product_cat?post=3372"},{"taxonomy":"product_tag","embeddable":true,"href":"https:\/\/lerkilsbatvarv.se\/en\/wp-json\/wp\/v2\/product_tag?post=3372"}],"curies":[{"name":"wp","href":"https:\/\/api.w.org\/{rel}","templated":true}]}}