{"id":3374,"date":"2021-02-26T08:28:27","date_gmt":"2021-02-26T08:28:27","guid":{"rendered":"https:\/\/lerkilsbatvarv.se\/?post_type=product&#038;p=3374"},"modified":"2021-03-11T14:53:02","modified_gmt":"2021-03-11T14:53:02","slug":"bella-700-raid","status":"publish","type":"product","link":"https:\/\/lerkilsbatvarv.se\/en\/product\/bella-700-raid\/","title":{"rendered":"Bella 700 Raid"},"content":{"rendered":"<p>Nya Bella 700 RAID \u00e4r en hyttb\u00e5t av Pilothouse-typ med m\u00e5nga anv\u00e4ndningsomr\u00e5den som g\u00f6r b\u00e5tlivet mer varierande och njutbart. Bella 700 RAID:s stabila konstruktion g\u00f6r att den kan anv\u00e4ndas bland annat som f\u00f6rbindelse- och fiskeb\u00e5t \u00e4ven under kr\u00e4vande f\u00f6rh\u00e5llanden, och den ansenliga utrustningen g\u00f6r det till ett \u00e4nnu st\u00f6rre n\u00f6je att vara ute till sj\u00f6ss.<\/p>\n<p>B\u00e5ten erbjuder ett spati\u00f6st utrymme f\u00f6r fyra personer under b\u00e5tturerna, och vid behov kan man enkelt st\u00e4lla i ordning tv\u00e5 sovplatser. Dessutom \u00e4r det m\u00f6jligt att ha tv\u00e5 f\u00f6rarplatser i b\u00e5ten samt annan utrustning som g\u00f6r b\u00e5ten \u00e4nnu enklare att anv\u00e4nda.<\/p>\n<p>Med sina utombordsmotorer p\u00e5 115\u2013200 h\u00e4stkrafter har Bella 700 RAID skapats med sikte p\u00e5 ett brett anv\u00e4ndningsomr\u00e5de, och f\u00f6rarhyttens yttre sidod\u00e4ck och de tv\u00e5 skjutd\u00f6rrarna g\u00f6r det mycket enkelt att r\u00f6ra sig p\u00e5 b\u00e5ten. I b\u00e5tens standardutrustning ing\u00e5r varierande tillbeh\u00f6r som \u00e4r b\u00e5de praktiska och eleganta, till exempel b\u00e5tens svarta, stabila r\u00e4cken och f\u00f6rarens skjutd\u00f6rr till sidod\u00e4cket.<\/p>\n<p>Nya Bella 700 RAID \u00e4r en b\u00e5t som erbjuder komfort och anv\u00e4ndarv\u00e4nlighet i genuin nordisk stil under hela b\u00e5ts\u00e4songen.<\/p>\n<p>UTRUSTNING12V eluttag, 3 stankarbox, 3 stDefroster\/g\u00e5ngv\u00e4rmeDynsatsFast br\u00e4nsletank 224 lFenderh\u00e5llareF\u00f6nster i h\u00e4rdat glasHydraulstyrningL\u00e4nspump, elektriskL\u00e4nspump, manuellMatta, kabinMuggh\u00e5llarePlats f\u00f6r kartplotterR\u00e4cken (svartm\u00e5lade), beslag i syrafast rst st\u00e5lSkjutd\u00f6rr i kabin (2)SmartCraft- m\u00e4tare panelSp\u00f6h\u00e5llareTaklucka f\u00f6r f\u00f6rarenUSB-laddningVindrutetorkare, 2 stVitt skrovf\u00e4rg<\/p>","protected":false},"excerpt":{"rendered":"<h3 class=\"field-label\">Fakta<\/h3>\n<div class=\"field facts\">\n<div class=\"row\">\n<div class=\"col-xs-3\">\n<div class=\"field facts_type\">L\u00e4ngd:<\/div>\n<\/div>\n<div class=\"col-xs-3\">\n<div class=\"field facts_value\">6,65 m.<\/div>\n<\/div>\n<\/div>\n<\/div>\n<div class=\"field facts\">\n<div class=\"row\">\n<div class=\"col-xs-3\">\n<div class=\"field facts_type\">Bredd:<\/div>\n<\/div>\n<div class=\"col-xs-3\">\n<div class=\"field facts_value\">2,60 m.<\/div>\n<\/div>\n<\/div>\n<\/div>\n<div class=\"field facts\">\n<div class=\"row\">\n<div class=\"col-xs-3\">\n<div class=\"field facts_type\">Vikt:<\/div>\n<\/div>\n<div class=\"col-xs-3\">\n<div class=\"field facts_value\">1,550 kg.<\/div>\n<\/div>\n<\/div>\n<\/div>\n<div class=\"field facts\">\n<div class=\"row\">\n<div class=\"col-xs-3\">\n<div class=\"field facts_type\">Antal pers:<\/div>\n<\/div>\n<div class=\"col-xs-3\">\n<div class=\"field facts_value\">8 st.<\/div>\n<\/div>\n<\/div>\n<\/div>\n<div class=\"field facts\">\n<div class=\"row\">\n<div class=\"col-xs-3\">\n<div class=\"field facts_type\">Max motor:<\/div>\n<\/div>\n<div class=\"col-xs-3\">\n<div class=\"field facts_value\">200 hk.<\/div>\n<\/div>\n<\/div>\n<\/div>\n<div class=\"field facts\">\n<div class=\"row\">\n<div class=\"col-xs-3\">\n<div class=\"field facts_type\">Tillbeh\u00f6r:<\/div>\n<\/div>\n<div class=\"col-xs-3\">\n<div class=\"field facts_value\">Ladda ner v\u00e5r prislista h\u00e4r p\u00e5 sidan.<\/div>\n<\/div>\n<\/div>\n<\/div>","protected":false},"featured_media":4167,"comment_status":"open","ping_status":"closed","template":"","meta":{"site-sidebar-layout":"default","site-content-layout":"default","ast-global-header-display":"","ast-main-header-display":"","ast-hfb-above-header-display":"","ast-hfb-below-header-display":"","ast-hfb-mobile-header-display":"","site-post-title":"","ast-breadcrumbs-content":"","ast-featured-img":"","footer-sml-layout":"","theme-transparent-header-meta":"default","adv-header-id-meta":"","stick-header-meta":"","header-above-stick-meta":"","header-main-stick-meta":"","header-below-stick-meta":""},"product_cat":[33,79],"product_tag":[80],"class_list":["post-3374","product","type-product","status-publish","has-post-thumbnail","hentry","product_cat-bella","product_cat-kabinbat","product_tag-kabinbat"],"_links":{"self":[{"href":"https:\/\/lerkilsbatvarv.se\/en\/wp-json\/wp\/v2\/product\/3374","targetHints":{"allow":["GET"]}}],"collection":[{"href":"https:\/\/lerkilsbatvarv.se\/en\/wp-json\/wp\/v2\/product"}],"about":[{"href":"https:\/\/lerkilsbatvarv.se\/en\/wp-json\/wp\/v2\/types\/product"}],"replies":[{"embeddable":true,"href":"https:\/\/lerkilsbatvarv.se\/en\/wp-json\/wp\/v2\/comments?post=3374"}],"version-history":[{"count":1,"href":"https:\/\/lerkilsbatvarv.se\/en\/wp-json\/wp\/v2\/product\/3374\/revisions"}],"predecessor-version":[{"id":3375,"href":"https:\/\/lerkilsbatvarv.se\/en\/wp-json\/wp\/v2\/product\/3374\/revisions\/3375"}],"wp:featuredmedia":[{"embeddable":true,"href":"https:\/\/lerkilsbatvarv.se\/en\/wp-json\/wp\/v2\/media\/4167"}],"wp:attachment":[{"href":"https:\/\/lerkilsbatvarv.se\/en\/wp-json\/wp\/v2\/media?parent=3374"}],"wp:term":[{"taxonomy":"product_cat","embeddable":true,"href":"https:\/\/lerkilsbatvarv.se\/en\/wp-json\/wp\/v2\/product_cat?post=3374"},{"taxonomy":"product_tag","embeddable":true,"href":"https:\/\/lerkilsbatvarv.se\/en\/wp-json\/wp\/v2\/product_tag?post=3374"}],"curies":[{"name":"wp","href":"https:\/\/api.w.org\/{rel}","templated":true}]}}