{"id":3376,"date":"2021-02-26T08:30:04","date_gmt":"2021-02-26T08:30:04","guid":{"rendered":"https:\/\/lerkilsbatvarv.se\/?post_type=product&#038;p=3376"},"modified":"2021-03-11T13:59:44","modified_gmt":"2021-03-11T13:59:44","slug":"bella-700-patrol","status":"publish","type":"product","link":"https:\/\/lerkilsbatvarv.se\/en\/product\/bella-700-patrol\/","title":{"rendered":"Bella 700 Patrol"},"content":{"rendered":"<h2>Bella 700 Patrol<\/h2>\n<p>De stabila k\u00f6regenskaperna hos Bella 700 Patrol m\u00e5ste upplevas! Detta \u00e4r en elegant f\u00f6rbindelseb\u00e5t f\u00f6r sk\u00e4rg\u00e5rds- och kustomr\u00e5den. Den \u00e4r \u00e4ven l\u00e4mplig som b\u00e5t f\u00f6r myndigheter och f\u00f6r yrkesbruk. Tack vare den lyckade skrovkonstruktionen planar b\u00e5ten l\u00e4tt och \u00e4ven i h\u00e5rd sj\u00f6 g\u00e5ngen \u00e4r komfortabel eftersom b\u00e5ten har ett f\u00f6r storleksklassen s\u00e4llsynt stabilt och styvt skrov. Det finns gott om utrymme f\u00f6r transport av grejor och lastningen \u2013 och ocks\u00e5 ombordstigningen \u2013 \u00e4r beh\u00e4ndig b\u00e5de i f\u00f6ren och i aktern. Fotstegen i f\u00f6ren och de stabila r\u00e4ckena \u00f6kar r\u00f6relsekomforten ytterligare. F\u00f6raren har god sikt genom de stora rutorna som ocks\u00e5 ger passagerarna i kabinen mycket ljus och rymd. Det finns sittplats f\u00f6r fem personer i kabinen och kojer f\u00f6r tv\u00e5.<\/p>","protected":false},"excerpt":{"rendered":"<h3 class=\"field-label\">Fakta<\/h3>\n<div class=\"field facts\">\n<div class=\"row\">\n<div class=\"col-xs-3\">\n<div class=\"field facts_type\">L\u00e4ngd:<\/div>\n<\/div>\n<div class=\"col-xs-3\">\n<div class=\"field facts_value\">6,60 m.<\/div>\n<\/div>\n<\/div>\n<\/div>\n<div class=\"field facts\">\n<div class=\"row\">\n<div class=\"col-xs-3\">\n<div class=\"field facts_type\">Bredd:<\/div>\n<\/div>\n<div class=\"col-xs-3\">\n<div class=\"field facts_value\">2,60 m.<\/div>\n<\/div>\n<\/div>\n<\/div>\n<div class=\"field facts\">\n<div class=\"row\">\n<div class=\"col-xs-3\">\n<div class=\"field facts_type\">Vikt:<\/div>\n<\/div>\n<div class=\"col-xs-3\">\n<div class=\"field facts_value\">1,600 kg.<\/div>\n<\/div>\n<\/div>\n<\/div>\n<div class=\"field facts\">\n<div class=\"row\">\n<div class=\"col-xs-3\">\n<div class=\"field facts_type\">Antal pers:<\/div>\n<\/div>\n<div class=\"col-xs-3\">\n<div class=\"field facts_value\">8 st.<\/div>\n<\/div>\n<\/div>\n<\/div>\n<div class=\"field facts\">\n<div class=\"row\">\n<div class=\"col-xs-3\">\n<div class=\"field facts_type\">Max motor:<\/div>\n<\/div>\n<div class=\"col-xs-3\">\n<div class=\"field facts_value\">200 hk.<\/div>\n<\/div>\n<\/div>\n<\/div>\n<div class=\"field facts\">\n<div class=\"row\">\n<div class=\"col-xs-3\">\n<div class=\"field facts_type\">Tillbeh\u00f6r:<\/div>\n<\/div>\n<div class=\"col-xs-3\">\n<div class=\"field facts_value\">Ladda ner prislistan h\u00e4r p\u00e5 sidan.<\/div>\n<\/div>\n<\/div>\n<\/div>","protected":false},"featured_media":2561,"comment_status":"open","ping_status":"closed","template":"","meta":{"site-sidebar-layout":"default","site-content-layout":"default","ast-global-header-display":"","ast-main-header-display":"","ast-hfb-above-header-display":"","ast-hfb-below-header-display":"","ast-hfb-mobile-header-display":"","site-post-title":"","ast-breadcrumbs-content":"","ast-featured-img":"","footer-sml-layout":"","theme-transparent-header-meta":"default","adv-header-id-meta":"","stick-header-meta":"","header-above-stick-meta":"","header-main-stick-meta":"","header-below-stick-meta":""},"product_cat":[33,79],"product_tag":[80],"class_list":["post-3376","product","type-product","status-publish","has-post-thumbnail","hentry","product_cat-bella","product_cat-kabinbat","product_tag-kabinbat"],"_links":{"self":[{"href":"https:\/\/lerkilsbatvarv.se\/en\/wp-json\/wp\/v2\/product\/3376","targetHints":{"allow":["GET"]}}],"collection":[{"href":"https:\/\/lerkilsbatvarv.se\/en\/wp-json\/wp\/v2\/product"}],"about":[{"href":"https:\/\/lerkilsbatvarv.se\/en\/wp-json\/wp\/v2\/types\/product"}],"replies":[{"embeddable":true,"href":"https:\/\/lerkilsbatvarv.se\/en\/wp-json\/wp\/v2\/comments?post=3376"}],"version-history":[{"count":2,"href":"https:\/\/lerkilsbatvarv.se\/en\/wp-json\/wp\/v2\/product\/3376\/revisions"}],"predecessor-version":[{"id":3378,"href":"https:\/\/lerkilsbatvarv.se\/en\/wp-json\/wp\/v2\/product\/3376\/revisions\/3378"}],"wp:featuredmedia":[{"embeddable":true,"href":"https:\/\/lerkilsbatvarv.se\/en\/wp-json\/wp\/v2\/media\/2561"}],"wp:attachment":[{"href":"https:\/\/lerkilsbatvarv.se\/en\/wp-json\/wp\/v2\/media?parent=3376"}],"wp:term":[{"taxonomy":"product_cat","embeddable":true,"href":"https:\/\/lerkilsbatvarv.se\/en\/wp-json\/wp\/v2\/product_cat?post=3376"},{"taxonomy":"product_tag","embeddable":true,"href":"https:\/\/lerkilsbatvarv.se\/en\/wp-json\/wp\/v2\/product_tag?post=3376"}],"curies":[{"name":"wp","href":"https:\/\/api.w.org\/{rel}","templated":true}]}}