{"id":3379,"date":"2021-02-26T09:25:53","date_gmt":"2021-02-26T09:25:53","guid":{"rendered":"https:\/\/lerkilsbatvarv.se\/?post_type=product&#038;p=3379"},"modified":"2021-03-11T15:22:34","modified_gmt":"2021-03-11T15:22:34","slug":"falcon-br-5","status":"publish","type":"product","link":"https:\/\/lerkilsbatvarv.se\/en\/product\/falcon-br-5\/","title":{"rendered":"Falcon BR 5"},"content":{"rendered":"<h2>Falcon BR5<\/h2>\n<p>Falcon BR5. FULL AV K\u00d6RGL\u00c4DJE.Den minsta medlemmen i Falconfamiljen. Falcon BR5 visar vad som h\u00e4nder n\u00e4r utm\u00e4rkta k\u00f6regenskaper kombineras med smarta utrymmesl\u00f6sningar. Det h\u00e4r \u00e4r en m\u00e5ngsidig b\u00e5t som \u00e4r stark och smidig nog f\u00f6r de skarpaste kurvorna. Falcon BR5 har en extremt l\u00e5g planingstr\u00f6skel redan fr.o.m. en motoreffekt p\u00e5 endast 60 hk. B\u00e5tens m\u00e5nga fina stuvfack samt lagringsutrymmet under durk l\u00e5ter dig ta l\u00e4ngre fiske- och n\u00f6jesturer i full komfort.<\/p>\n<p>STANDARDUTRUSTNING12V eluttag (2)<br \/>\n5083 -aluminiumskrov<br \/>\n80 mm breda kantlister i botten Ankar- och repboxar i f\u00f6ren\/akter<br \/>\nArmst\u00f6d f\u00f6r navigat\u00f6ren Badstege<br \/>\nDr\u00e4nerad sittbrunn<br \/>\nDynsats, sittbrunn akter<br \/>\nEldsl\u00e4ckare<br \/>\nExtra f\u00f6rst\u00e4rkt k\u00f6l Fast br\u00e4nsletank 73 l<br \/>\nFenderh\u00e5llare, 2 st<br \/>\nF\u00f6rberedd f\u00f6r el-motor i fram<br \/>\nF\u00f6rberedd f\u00f6r trimplan<br \/>\nHastighetskontroll f\u00f6r trolling<br \/>\nJusterbara (h\u00f6jd\/l\u00e4ngd) offshore stolar inkl stol\u00f6verdrag<br \/>\nKapellgarage, l\u00f6stagbar<br \/>\nLanternor<br \/>\nLjudisolerat skrov och d\u00e4ck<br \/>\nL\u00e5sbar handskfack<br \/>\nL\u00e5sbar stor stuvutrymme och 12 V uttag f\u00f6r kylbox i bb konsoll<br \/>\nL\u00e5sbar stuvfack under durk, 180 cm x 51 cm x 27 cm<br \/>\nL\u00e4nspump, automatisk<br \/>\nMuggh\u00e5llare, 3 st<br \/>\nPlats f\u00f6r kartplotter, max 35 cm x 21 cm<br \/>\nP\u00e5svetsad skena f\u00f6r givarstativ<br \/>\nP\u00e5svetsad st\u00e4v\u00f6gla\/p\u00e5svetsade trailer\u00f6glor i akter<br \/>\nSmartCraft- m\u00e4tare panel<br \/>\nSvartlackerade r\u00e4cken\/knapar i syrafast rst st\u00e5l<br \/>\nUSB-laddningsport, 1 stk<\/p>","protected":false},"excerpt":{"rendered":"<h3 class=\"field-label\">Fakta<\/h3>\n<div class=\"field facts\">\n<div class=\"row\">\n<div class=\"col-xs-3\">\n<div class=\"field facts_type\">L\u00e4ngd:<\/div>\n<\/div>\n<div class=\"col-xs-3\">\n<div class=\"field facts_value\">5,43 m<\/div>\n<\/div>\n<\/div>\n<\/div>\n<div class=\"field facts\">\n<div class=\"row\">\n<div class=\"col-xs-3\">\n<div class=\"field facts_type\">Bredd:<\/div>\n<\/div>\n<div class=\"col-xs-3\">\n<div class=\"field facts_value\">2,05 m.<\/div>\n<\/div>\n<\/div>\n<\/div>\n<div class=\"field facts\">\n<div class=\"row\">\n<div class=\"col-xs-3\">\n<div class=\"field facts_type\">Vikt:<\/div>\n<\/div>\n<div class=\"col-xs-3\">\n<div class=\"field facts_value\">630 kg.<\/div>\n<\/div>\n<\/div>\n<\/div>\n<div class=\"field facts\">\n<div class=\"row\">\n<div class=\"col-xs-3\">\n<div class=\"field facts_type\">Antal pers:<\/div>\n<\/div>\n<div class=\"col-xs-3\">\n<div class=\"field facts_value\">6 st<\/div>\n<\/div>\n<\/div>\n<\/div>\n<div class=\"field facts\">\n<div class=\"row\">\n<div class=\"col-xs-3\">\n<div class=\"field facts_type\">Max motor:<\/div>\n<\/div>\n<div class=\"col-xs-3\">\n<div class=\"field facts_value\">80 hk.<\/div>\n<\/div>\n<\/div>\n<\/div>","protected":false},"featured_media":2586,"comment_status":"open","ping_status":"closed","template":"","meta":{"site-sidebar-layout":"default","site-content-layout":"default","ast-global-header-display":"","ast-main-header-display":"","ast-hfb-above-header-display":"","ast-hfb-below-header-display":"","ast-hfb-mobile-header-display":"","site-post-title":"","ast-breadcrumbs-content":"","ast-featured-img":"","footer-sml-layout":"","theme-transparent-header-meta":"default","adv-header-id-meta":"","stick-header-meta":"","header-above-stick-meta":"","header-main-stick-meta":"","header-below-stick-meta":""},"product_cat":[15,53],"product_tag":[54],"class_list":["post-3379","product","type-product","status-publish","has-post-thumbnail","hentry","product_cat-falcon","product_cat-bow-rider","product_tag-bow-rider"],"_links":{"self":[{"href":"https:\/\/lerkilsbatvarv.se\/en\/wp-json\/wp\/v2\/product\/3379","targetHints":{"allow":["GET"]}}],"collection":[{"href":"https:\/\/lerkilsbatvarv.se\/en\/wp-json\/wp\/v2\/product"}],"about":[{"href":"https:\/\/lerkilsbatvarv.se\/en\/wp-json\/wp\/v2\/types\/product"}],"replies":[{"embeddable":true,"href":"https:\/\/lerkilsbatvarv.se\/en\/wp-json\/wp\/v2\/comments?post=3379"}],"version-history":[{"count":2,"href":"https:\/\/lerkilsbatvarv.se\/en\/wp-json\/wp\/v2\/product\/3379\/revisions"}],"predecessor-version":[{"id":3381,"href":"https:\/\/lerkilsbatvarv.se\/en\/wp-json\/wp\/v2\/product\/3379\/revisions\/3381"}],"wp:featuredmedia":[{"embeddable":true,"href":"https:\/\/lerkilsbatvarv.se\/en\/wp-json\/wp\/v2\/media\/2586"}],"wp:attachment":[{"href":"https:\/\/lerkilsbatvarv.se\/en\/wp-json\/wp\/v2\/media?parent=3379"}],"wp:term":[{"taxonomy":"product_cat","embeddable":true,"href":"https:\/\/lerkilsbatvarv.se\/en\/wp-json\/wp\/v2\/product_cat?post=3379"},{"taxonomy":"product_tag","embeddable":true,"href":"https:\/\/lerkilsbatvarv.se\/en\/wp-json\/wp\/v2\/product_tag?post=3379"}],"curies":[{"name":"wp","href":"https:\/\/api.w.org\/{rel}","templated":true}]}}