{"id":3398,"date":"2021-02-26T09:54:31","date_gmt":"2021-02-26T09:54:31","guid":{"rendered":"https:\/\/lerkilsbatvarv.se\/?post_type=product&#038;p=3398"},"modified":"2021-03-11T15:35:14","modified_gmt":"2021-03-11T15:35:14","slug":"flipper-650-st","status":"publish","type":"product","link":"https:\/\/lerkilsbatvarv.se\/en\/product\/flipper-650-st\/","title":{"rendered":"Flipper 650 ST"},"content":{"rendered":"<h2>Flipper 650 ST<\/h2>\n<p>Skandinavisk Sport-Top n\u00e4r den \u00e4r som b\u00e4st Flipper 650 ST \u00e4r en klimatsmart hardtopb\u00e5t som anv\u00e4nds av alla som m\u00e5ste komma fram, oavsett v\u00e4der och vind. Flipper 650 ST \u00e4r utvecklad f\u00f6r praktisk funktion. L\u00e4tt att anv\u00e4nda och smidig att \u00e4ga. Hela b\u00e5ten andas kvalitet och stil. Den robusta utsidan och det l\u00e4ttillg\u00e4ngliga utrymmet under hard-topen d\u00e4r man kan sova eller lasta fullt med saker. Suver\u00e4n f\u00f6rarmilj\u00f6, bekv\u00e4ma stolar, pentry, bred vindskyddad soffa och ett l\u00e4tthanterligt kapell ger k\u00e4nsla av smart harmoni. Den breda stegen upp genom f\u00f6nsterd\u00f6rren till f\u00f6rd\u00e4ck, och det stabila r\u00e4cket, g\u00f6r att du alltid kan k\u00e4nna dig trygg n\u00e4r du r\u00f6r dig ombord.<\/p>\n<p>Prestanda skapar k\u00f6rgl\u00e4dje M\u00e5ngsidigheten hos Flipper 650 ST som familjeb\u00e5t \u00e4r sv\u00e5rslagen, men det som verkligen s\u00e4rskiljer 650 ST fr\u00e5n andra \u00e4r k\u00f6rgl\u00e4djen och detaljk\u00e4nslan. Tack vare valet av en kraftig och robust fyrtaktare k\u00e4nns den obegr\u00e4nsad och p\u00e5litlig. Den l\u00e4ttsamma och samtidigt stabila k\u00f6rk\u00e4nslan \u00e4r resultatet av str\u00e4van att g\u00f6ra skrovet extremt styvt. Detta har ocks\u00e5 bidragit till att eliminera oljud och vibrationer som annars \u00e4r mycket vanligt p\u00e5 den h\u00e4r typen av b\u00e5tar. F\u00f6rarplatsen \u00e4r en dr\u00f6m av komfort och s\u00e4kerhetst\u00e4nkande, allt finns d\u00e4r det skall, reglagen l\u00e4tt\u00e5tkomliga, snyggt flushmonterad GPS, designad f\u00f6rarstol d\u00e4r du sitter bekv\u00e4mt i alla v\u00e4der.<\/p>\n<p>Akterut i sittbrunnen finns inte bara gott om bekv\u00e4ma platser f\u00f6r den stora familjen, h\u00e4r finns ocks\u00e5 det smarta bordet f\u00f6r spontana fikastunder eller gener\u00f6sa m\u00e5ltider i goda v\u00e4nners lag. Den lyxiga aktersoffan kompletteras enkelt till en bekv\u00e4m solb\u00e4dd, och tillsammans med den gener\u00f6sa durkytan, den enkla och s\u00e4kra passagen ut p\u00e5 badplattformen, blir upplevelsen n\u00e5got alldeles nytt. Detta \u00e4r ingen vanlig Hard Top b\u00e5t, detta \u00e4r Flipper 650 Sport Top som tar dig fram\u00e5t i b\u00e5tlivet!<\/p>\n<p>FaktaL\u00e4ngd:6,25 m.Bredd:2,46 m.Vikt:1.050 Kg.Antal pers:7 st.Max motor:200 Hk.<\/p>\n<h2>Fart:<\/h2>\n<p>Tillbeh\u00f6r:Standardutrustning: Sj\u00e4lvl\u00e4ns Vit skrovf\u00e4rg Kapell Hydraulstyrning R\u00e4cken och beslag i syrafast rostfrittst\u00e5l Fast br\u00e4nsletank 145 l Muggh\u00e5llare Plats f\u00f6r kemtoa\/vattentoa Dynor, soldynor Dynor, i sittbrunn Diskho L\u00e4nspump, manuell L\u00e4nspump, el.<\/p>","protected":false},"excerpt":{"rendered":"<h3 class=\"field-label\">Fakta<\/h3>\n<div class=\"field facts\">\n<div class=\"row\">\n<div class=\"col-xs-3\">\n<div class=\"field facts_type\">L\u00e4ngd:<\/div>\n<\/div>\n<div class=\"col-xs-3\">\n<div class=\"field facts_value\">6.74m<\/div>\n<\/div>\n<\/div>\n<\/div>\n<div class=\"field facts\">\n<div class=\"row\">\n<div class=\"col-xs-3\">\n<div class=\"field facts_type\">Bredd:<\/div>\n<\/div>\n<div class=\"col-xs-3\">\n<div class=\"field facts_value\">2.46 m.<\/div>\n<\/div>\n<\/div>\n<\/div>\n<div class=\"field facts\">\n<div class=\"row\">\n<div class=\"col-xs-3\">\n<div class=\"field facts_type\">Vikt:<\/div>\n<\/div>\n<div class=\"col-xs-3\">\n<div class=\"field facts_value\">1.050 kg.<\/div>\n<\/div>\n<\/div>\n<\/div>\n<div class=\"field facts\">\n<div class=\"row\">\n<div class=\"col-xs-3\">\n<div class=\"field facts_type\">Antal pers:<\/div>\n<\/div>\n<div class=\"col-xs-3\">\n<div class=\"field facts_value\">7 st.<\/div>\n<\/div>\n<\/div>\n<\/div>\n<div class=\"field facts\">\n<div class=\"row\">\n<div class=\"col-xs-3\">\n<div class=\"field facts_type\">Max motor:<\/div>\n<\/div>\n<div class=\"col-xs-3\">\n<div class=\"field facts_value\">200 hk.<\/div>\n<\/div>\n<\/div>\n<\/div>\n<div class=\"field facts\">\n<div class=\"row\">\n<div class=\"col-xs-3\">\n<div class=\"field facts_type\">Tillbeh\u00f6r:<\/div>\n<\/div>\n<div class=\"col-xs-3\">\n<div class=\"field facts_value\">Ladda ner v\u00e5r prislista h\u00e4r p\u00e5 sidan.<\/div>\n<\/div>\n<\/div>\n<\/div>","protected":false},"featured_media":4139,"comment_status":"open","ping_status":"closed","template":"","meta":{"site-sidebar-layout":"default","site-content-layout":"default","ast-global-header-display":"","ast-main-header-display":"","ast-hfb-above-header-display":"","ast-hfb-below-header-display":"","ast-hfb-mobile-header-display":"","site-post-title":"","ast-breadcrumbs-content":"","ast-featured-img":"","footer-sml-layout":"","theme-transparent-header-meta":"default","adv-header-id-meta":"","stick-header-meta":"","header-above-stick-meta":"","header-main-stick-meta":"","header-below-stick-meta":""},"product_cat":[23,79],"product_tag":[80],"class_list":["post-3398","product","type-product","status-publish","has-post-thumbnail","hentry","product_cat-flipper","product_cat-kabinbat","product_tag-kabinbat"],"_links":{"self":[{"href":"https:\/\/lerkilsbatvarv.se\/en\/wp-json\/wp\/v2\/product\/3398","targetHints":{"allow":["GET"]}}],"collection":[{"href":"https:\/\/lerkilsbatvarv.se\/en\/wp-json\/wp\/v2\/product"}],"about":[{"href":"https:\/\/lerkilsbatvarv.se\/en\/wp-json\/wp\/v2\/types\/product"}],"replies":[{"embeddable":true,"href":"https:\/\/lerkilsbatvarv.se\/en\/wp-json\/wp\/v2\/comments?post=3398"}],"version-history":[{"count":1,"href":"https:\/\/lerkilsbatvarv.se\/en\/wp-json\/wp\/v2\/product\/3398\/revisions"}],"predecessor-version":[{"id":3399,"href":"https:\/\/lerkilsbatvarv.se\/en\/wp-json\/wp\/v2\/product\/3398\/revisions\/3399"}],"wp:featuredmedia":[{"embeddable":true,"href":"https:\/\/lerkilsbatvarv.se\/en\/wp-json\/wp\/v2\/media\/4139"}],"wp:attachment":[{"href":"https:\/\/lerkilsbatvarv.se\/en\/wp-json\/wp\/v2\/media?parent=3398"}],"wp:term":[{"taxonomy":"product_cat","embeddable":true,"href":"https:\/\/lerkilsbatvarv.se\/en\/wp-json\/wp\/v2\/product_cat?post=3398"},{"taxonomy":"product_tag","embeddable":true,"href":"https:\/\/lerkilsbatvarv.se\/en\/wp-json\/wp\/v2\/product_tag?post=3398"}],"curies":[{"name":"wp","href":"https:\/\/api.w.org\/{rel}","templated":true}]}}