{"id":3400,"date":"2021-02-26T09:57:11","date_gmt":"2021-02-26T09:57:11","guid":{"rendered":"https:\/\/lerkilsbatvarv.se\/?post_type=product&#038;p=3400"},"modified":"2021-03-11T15:34:12","modified_gmt":"2021-03-11T15:34:12","slug":"flipper-700-dc","status":"publish","type":"product","link":"https:\/\/lerkilsbatvarv.se\/en\/product\/flipper-700-dc\/","title":{"rendered":"Flipper 700 DC"},"content":{"rendered":"<h2>Flipper 700 DC<\/h2>\n<p>Flipper 700 DC ers\u00e4tter popul\u00e4ra Flipper 670 DC.<\/p>\n<p>Elegans m\u00f6ter prestanda \u2013 modern daycruiser med utm\u00e4rkta k\u00f6regenskaper och utnyttjande av utrymmet som skapats f\u00f6r att svara p\u00e5 dagens b\u00e5t\u00e4gares m\u00e5ngskiftande krav.<\/p>\n<p>Flipper 700 DC \u00e4r skapad p\u00e5 anv\u00e4ndarnas villkorBara en b\u00e5t\u00e4gare kan avg\u00f6ra om en stor sittbrunn eller m\u00e5nga s\u00e4ten \u00e4r det b\u00e4sta alternativet. Fr\u00e5n en b\u00e5t\u00e4gare f\u00e5r man konstruktiv anv\u00e4ndarinformation om till exempel placeringen av s\u00e5v\u00e4l pentryt som WC:n, samt m\u00f6jligheter med kojplatserna och andra detaljer som g\u00f6r livet bekv\u00e4mare ombord. B\u00e5t\u00e4garen vet sj\u00e4lv n\u00e4r man\u00f6vrering och k\u00f6rupplevelsen \u00e4r optimal. En b\u00e5t \u00e4r ett verktyg att f\u00f6rverkliga dr\u00f6mmar med.<\/p>\n<p>Designb\u00e5t in i minsta detaljFlippers nya serie \u00e4r moderna b\u00e5tar med h\u00f6ga prestanda och modern design. Perfekt f\u00f6r dagens behov av b\u00e5tar d\u00e4r b\u00e5t\u00e4garna vill ta med sig familj och v\u00e4nner ut p\u00e5 sj\u00f6n f\u00f6r att umg\u00e5s. I designen av de nya Flipper-b\u00e5tarna har man utg\u00e5tt fr\u00e5n b\u00e5t\u00e4garnas \u00f6nskem\u00e5l, och uppfyllt dessa med toppmoderna, innovativa l\u00f6sningar. Erfarenheter och synpunkter fr\u00e5n kvalitetsmedvetna anv\u00e4ndare har nu f\u00f6renats i flera unika och banbrytande b\u00e5tar.<\/p>\n<p>Flipper 700 DC tar b\u00e5tupplevelsen till en ny niv\u00e5De nya Flipper-b\u00e5tarna har en design som h\u00e4nf\u00f6r vid f\u00f6rsta \u00f6gonkastet. B\u00e5tarna har en s\u00e4rskild attityd som utstr\u00e5lar b\u00e5de stil och k\u00e4nsla. Designern Espen Thorup har skapat Flipper-b\u00e5tarnas tydliga och konstruktiva design, utan att kompromissa med anv\u00e4ndarbekv\u00e4mlighet eller k\u00f6regenskaper. T.ex. \u00e4r f\u00f6rarplatsen mycket bekv\u00e4m och s\u00e4ker, som i en modern bil. Man sitter v\u00e4l skyddad bakom den eleganta vindrutan och det finns gott om plats f\u00f6r passagerare som vill kunna sitta och f\u00f6lja med i b\u00e5tens f\u00e4rdriktning.<\/p>\n<p>Med nya Flipper skapas ett nytt s\u00e4tt att uppleva frihetDen inre elegansen f\u00f6rst\u00e4rker den totala upplevelsen, som g\u00f6r att nya Flipper \u00e4r i en klass f\u00f6r sig. Det avancerade skrovet ger en prestanda i toppklass, samtidigt som det erbjuder en enast\u00e5ende bekv\u00e4mlighet vid man\u00f6vrering i alla farter. Alla sociala utrymmen \u00e4r stora och inbjudande, i sittbrunnen finns gott om plats f\u00f6r minst 6 personer. De nya Flipper-modellerna erbjuder m\u00f6jligheter som \u00e4r helt unika och som m\u00e5ste upplevas.<\/p>","protected":false},"excerpt":{"rendered":"<h3 class=\"field-label\">Fakta<\/h3>\n<div class=\"field facts\">\n<div class=\"row\">\n<div class=\"col-xs-3\">\n<div class=\"field facts_type\">L\u00e4ngd:<\/div>\n<\/div>\n<div class=\"col-xs-3\">\n<div class=\"field facts_value\">7,17 m.<\/div>\n<\/div>\n<\/div>\n<\/div>\n<div class=\"field facts\">\n<div class=\"row\">\n<div class=\"col-xs-3\">\n<div class=\"field facts_type\">Bredd:<\/div>\n<\/div>\n<div class=\"col-xs-3\">\n<div class=\"field facts_value\">2,48 m.<\/div>\n<\/div>\n<\/div>\n<\/div>\n<div class=\"field facts\">\n<div class=\"row\">\n<div class=\"col-xs-3\">\n<div class=\"field facts_type\">Vikt:<\/div>\n<\/div>\n<div class=\"col-xs-3\">\n<div class=\"field facts_value\">1,300 kg.<\/div>\n<\/div>\n<\/div>\n<\/div>\n<div class=\"field facts\">\n<div class=\"row\">\n<div class=\"col-xs-3\">\n<div class=\"field facts_type\">Antal pers:<\/div>\n<\/div>\n<div class=\"col-xs-3\">\n<div class=\"field facts_value\">7 st.<\/div>\n<\/div>\n<\/div>\n<\/div>\n<div class=\"field facts\">\n<div class=\"row\">\n<div class=\"col-xs-3\">\n<div class=\"field facts_type\">Max motor:<\/div>\n<\/div>\n<div class=\"col-xs-3\">\n<div class=\"field facts_value\">300 hk.<\/div>\n<\/div>\n<\/div>\n<\/div>\n<div class=\"field facts\">\n<div class=\"row\">\n<div class=\"col-xs-3\">\n<div class=\"field facts_type\">Tillbeh\u00f6r:<\/div>\n<\/div>\n<div class=\"col-xs-3\">\n<div class=\"field facts_value\">Ladda ner prislistan h\u00e4r p\u00e5 sidan.<\/div>\n<\/div>\n<\/div>\n<\/div>","protected":false},"featured_media":4131,"comment_status":"open","ping_status":"closed","template":"","meta":{"site-sidebar-layout":"default","site-content-layout":"default","ast-global-header-display":"","ast-main-header-display":"","ast-hfb-above-header-display":"","ast-hfb-below-header-display":"","ast-hfb-mobile-header-display":"","site-post-title":"","ast-breadcrumbs-content":"","ast-featured-img":"","footer-sml-layout":"","theme-transparent-header-meta":"default","adv-header-id-meta":"","stick-header-meta":"","header-above-stick-meta":"","header-main-stick-meta":"","header-below-stick-meta":""},"product_cat":[55,45,23],"product_tag":[56],"class_list":["post-3400","product","type-product","status-publish","has-post-thumbnail","hentry","product_cat-day-cruiser","product_cat-erbjudande","product_cat-flipper","product_tag-day-cruiser"],"_links":{"self":[{"href":"https:\/\/lerkilsbatvarv.se\/en\/wp-json\/wp\/v2\/product\/3400","targetHints":{"allow":["GET"]}}],"collection":[{"href":"https:\/\/lerkilsbatvarv.se\/en\/wp-json\/wp\/v2\/product"}],"about":[{"href":"https:\/\/lerkilsbatvarv.se\/en\/wp-json\/wp\/v2\/types\/product"}],"replies":[{"embeddable":true,"href":"https:\/\/lerkilsbatvarv.se\/en\/wp-json\/wp\/v2\/comments?post=3400"}],"version-history":[{"count":1,"href":"https:\/\/lerkilsbatvarv.se\/en\/wp-json\/wp\/v2\/product\/3400\/revisions"}],"predecessor-version":[{"id":3401,"href":"https:\/\/lerkilsbatvarv.se\/en\/wp-json\/wp\/v2\/product\/3400\/revisions\/3401"}],"wp:featuredmedia":[{"embeddable":true,"href":"https:\/\/lerkilsbatvarv.se\/en\/wp-json\/wp\/v2\/media\/4131"}],"wp:attachment":[{"href":"https:\/\/lerkilsbatvarv.se\/en\/wp-json\/wp\/v2\/media?parent=3400"}],"wp:term":[{"taxonomy":"product_cat","embeddable":true,"href":"https:\/\/lerkilsbatvarv.se\/en\/wp-json\/wp\/v2\/product_cat?post=3400"},{"taxonomy":"product_tag","embeddable":true,"href":"https:\/\/lerkilsbatvarv.se\/en\/wp-json\/wp\/v2\/product_tag?post=3400"}],"curies":[{"name":"wp","href":"https:\/\/api.w.org\/{rel}","templated":true}]}}