{"id":3406,"date":"2021-02-26T10:02:19","date_gmt":"2021-02-26T10:02:19","guid":{"rendered":"https:\/\/lerkilsbatvarv.se\/?post_type=product&#038;p=3406"},"modified":"2021-03-11T15:26:24","modified_gmt":"2021-03-11T15:26:24","slug":"flipper-900-st","status":"publish","type":"product","link":"https:\/\/lerkilsbatvarv.se\/en\/product\/flipper-900-st\/","title":{"rendered":"Flipper 900 ST"},"content":{"rendered":"<h2>Flipper 900 ST<\/h2>\n<p>Flipper 900 ST har en innovativ design.<\/p>\n<p>De nya Flipperb\u00e5tarnas formgivning h\u00e4nf\u00f6r vid f\u00f6rsta \u00f6gonkastet. Designern Espen Thorup har skapat de nya b\u00e5tarnas innovativa utformning som tillf\u00f6rt ett helt nytt t\u00e4nkande n\u00e4r det g\u00e4ller anv\u00e4ndningen av sittbrunnen. Det kompetenta skrovet ger en prestanda av toppklass, d\u00e4r b\u00e5ten elegant kommer ur sj\u00f6n utan planingstr\u00f6skel och detta bidrar till ekonomisk k\u00f6rning i de flesta farter, och som ocks\u00e5 gynnar milj\u00f6n.<\/p>\n<p>Planeringen och tillverkningen av Flipperb\u00e5tarna sker utan att kompromissa med kvalitetsprinciperna. F\u00f6rutom att b\u00e5tarna \u00e4r eleganta och fantastiska att k\u00f6ra, uppfyller de \u00e4ven noggrant moderna s\u00e4kerhets krav. Det ger en b\u00e5t du kan njuta av i m\u00e5nga \u00e5r fram\u00f6ver.<\/p>\n<p>Trenden bland moderna b\u00e5tar \u00e4r utombordare Samtliga nya Flippermodeller finns endast med utombordsmotor. D\u00e4r inombordaren normalt sitter erbjuder Flipper 900 ST en gener\u00f6s akterruff med tv\u00e5 rej\u00e4la kojer. Ovanp\u00e5 akterruffen finns en trevlig aktersoffa som kan omvandlas till ett stort sold\u00e4ck ut mot badbryggan.Ljudet \u00e4r som en katt spinner med en Verado d\u00e4r bak.<\/p>\n<p>K\u00f6rningen p\u00e5minner om k\u00e4nslan i en h\u00f6gklassig bil. B\u00e5ten kommer snabbt och smidigt ur vattnet utan n\u00e5gon markant planingstr\u00f6skel. Sedan \u00e4r det bara att st\u00e5 p\u00e5. 900 ST ligger sk\u00f6nt i sn\u00e4va girar, och kommer snabbt upp igen och accelererar effektivt.<\/p>\n<p>Flipper s\u00e4tter trenden<\/p>\n<p>Flipper har skapat ny trend med en modell som kan varieras p\u00e5 olika s\u00e4tt. Med det stora skjutbara taket st\u00e4ngt ger den bra skydd mot regn och rusk, och med v\u00e4rmaren p\u00e5slagen har man en trevlig och ombonad kabinb\u00e5t. N\u00e4r solen kommer fram kan taket skjutas bort med ett enkelt handgrepp och vips f\u00f6rvandlas 900 ST till \u00f6ppen solb\u00e5t, d\u00e5 har man en modern daycruiser. Flipper 900 ST fungerar utm\u00e4rkt som en rymlig hardtopb\u00e5t, n\u00e4r takluckan \u00e4r st\u00e4ngd och akterkapellet inf\u00e4llt, vilket passar finfint n\u00e4r man ska \u00e5ka hem p\u00e5 kv\u00e4llen.<\/p>\n<p>Rymd och elegans<\/p>\n<p>Flipper 900ST \u00e4r rymligare \u00e4n andra! Alla h\u00e4pnar \u00f6ver den optimala planeringen och layouten.Lika l\u00e4tt att komma ombord fr\u00e5n f\u00f6r eller akter, genom den smidiga \u00f6ppningsbara vindrutan och insteget via badplattformen. Med den stora takluckan \u00f6ppen blir hela sittbrunnen som en h\u00e4rlig terrass \u00e4nda ut mot aktern d\u00e4r sold\u00e4cket finns.<\/p>\n<p>I busv\u00e4der har man taket st\u00e4ngt och det smidiga kapellet uppf\u00e4llt man f\u00e5r d\u00e5 k\u00e4nslan av att sitta p\u00e5 en riktig sk\u00e4rg\u00e5rdsveranda med h\u00e4rlig utsikt f\u00f6r alla, midsommarfesten eller kr\u00e4ftskivan \u00e4r r\u00e4ddad.<\/p>\n<p>Tre separata sovutrymmen<\/p>\n<p>Sex personer sover bekv\u00e4mt ombord, f\u00f6rdelat i den mycket rymliga och avskilda akterruffen med egen ing\u00e5ng, den mysiga och inbjudande loungesoffan som b\u00e4ddas f\u00f6r tv\u00e5, samt den inventi\u00f6sa owners cabin l\u00e4ngst fram. Elegant ekinredning och moderna ljusa textilier sk\u00e4nker hela b\u00e5ten en lugn och p\u00e5kostad atmosf\u00e4r.<\/p>\n<p>K\u00f6k och badrum<\/p>\n<p>Den \u00f6ppna planl\u00f6sningen i sittbrunnen rymmer ett modernt mycket v\u00e4lutrustat pentry, som kan gl\u00e4dja den mest kr\u00e4sne kocken inte minst n\u00e4r takluckan \u00e4r \u00f6ppen och man st\u00e5r ute i det fria och lagar mat. Det stora matbordet d\u00e4r sex personer kan trivas blir till gl\u00e4dje f\u00f6r m\u00e5nga h\u00e4rliga middagar med familj och v\u00e4nner. Rymligt, ljust duschrum med wc, kompletterar hela intrycket av v\u00e4l genomt\u00e4nkt design med funktion som tilltalar alla.<\/p>\n<p>Aktiv f\u00f6rarmilj\u00f6<\/p>\n<p>S\u00e4kerhet och funktion genomsyrar hela intrycket av den v\u00e4l genomt\u00e4nkta f\u00f6rarplatsen. Knappar och reglage sitter d\u00e4r man kan f\u00f6rv\u00e4nta sig. En 12\u201d GPS sitter inf\u00e4lld mitt framf\u00f6r skepparen som lugnt och s\u00e4kert kan \u00f6verblicka b\u00e5de p\u00e5 fj\u00e4rd och sj\u00f6kort. Mycket bekv\u00e4m och ergonomiskt designad f\u00f6rarstol g\u00f6r att man aldrig tr\u00f6ttnar p\u00e5 att sitta bakom ratten i Flippers nya flaggskepp 900 ST.<\/p>","protected":false},"excerpt":{"rendered":"<h3 class=\"field-label\">Fakta<\/h3>\n<div class=\"field facts\">\n<div class=\"row\">\n<div class=\"col-xs-3\">\n<div class=\"field facts_type\">L\u00e4ngd:<\/div>\n<\/div>\n<div class=\"col-xs-3\">\n<div class=\"field facts_value\">9,02 m.<\/div>\n<\/div>\n<\/div>\n<\/div>\n<div class=\"field facts\">\n<div class=\"row\">\n<div class=\"col-xs-3\">\n<div class=\"field facts_type\">Bredd:<\/div>\n<\/div>\n<div class=\"col-xs-3\">\n<div class=\"field facts_value\">3,15 m.<\/div>\n<\/div>\n<\/div>\n<\/div>\n<div class=\"field facts\">\n<div class=\"row\">\n<div class=\"col-xs-3\">\n<div class=\"field facts_type\">Vikt:<\/div>\n<\/div>\n<div class=\"col-xs-3\">\n<div class=\"field facts_value\">3.000 kg.<\/div>\n<\/div>\n<\/div>\n<\/div>\n<div class=\"field facts\">\n<div class=\"row\">\n<div class=\"col-xs-3\">\n<div class=\"field facts_type\">Antal pers:<\/div>\n<\/div>\n<div class=\"col-xs-3\">\n<div class=\"field facts_value\">10 st.<\/div>\n<\/div>\n<\/div>\n<\/div>\n<div class=\"field facts\">\n<div class=\"row\">\n<div class=\"col-xs-3\">\n<div class=\"field facts_type\">Max motor:<\/div>\n<\/div>\n<div class=\"col-xs-3\">\n<div class=\"field facts_value\">600 hk.<\/div>\n<\/div>\n<\/div>\n<\/div>\n<div class=\"field facts\">\n<div class=\"row\">\n<div class=\"col-xs-3\">\n<div class=\"field facts_type\">Tillbeh\u00f6r:<\/div>\n<\/div>\n<div class=\"col-xs-3\">\n<div class=\"field facts_value\">Ladda ner prislistan h\u00e4r p\u00e5 sidan.<\/div>\n<\/div>\n<\/div>\n<\/div>","protected":false},"featured_media":4099,"comment_status":"open","ping_status":"closed","template":"","meta":{"site-sidebar-layout":"default","site-content-layout":"default","ast-global-header-display":"","ast-main-header-display":"","ast-hfb-above-header-display":"","ast-hfb-below-header-display":"","ast-hfb-mobile-header-display":"","site-post-title":"","ast-breadcrumbs-content":"","ast-featured-img":"","footer-sml-layout":"","theme-transparent-header-meta":"default","adv-header-id-meta":"","stick-header-meta":"","header-above-stick-meta":"","header-main-stick-meta":"","header-below-stick-meta":""},"product_cat":[23,79],"product_tag":[52],"class_list":["post-3406","product","type-product","status-publish","has-post-thumbnail","hentry","product_cat-flipper","product_cat-kabinbat","product_tag-styrpulpet-st"],"_links":{"self":[{"href":"https:\/\/lerkilsbatvarv.se\/en\/wp-json\/wp\/v2\/product\/3406","targetHints":{"allow":["GET"]}}],"collection":[{"href":"https:\/\/lerkilsbatvarv.se\/en\/wp-json\/wp\/v2\/product"}],"about":[{"href":"https:\/\/lerkilsbatvarv.se\/en\/wp-json\/wp\/v2\/types\/product"}],"replies":[{"embeddable":true,"href":"https:\/\/lerkilsbatvarv.se\/en\/wp-json\/wp\/v2\/comments?post=3406"}],"version-history":[{"count":1,"href":"https:\/\/lerkilsbatvarv.se\/en\/wp-json\/wp\/v2\/product\/3406\/revisions"}],"predecessor-version":[{"id":3407,"href":"https:\/\/lerkilsbatvarv.se\/en\/wp-json\/wp\/v2\/product\/3406\/revisions\/3407"}],"wp:featuredmedia":[{"embeddable":true,"href":"https:\/\/lerkilsbatvarv.se\/en\/wp-json\/wp\/v2\/media\/4099"}],"wp:attachment":[{"href":"https:\/\/lerkilsbatvarv.se\/en\/wp-json\/wp\/v2\/media?parent=3406"}],"wp:term":[{"taxonomy":"product_cat","embeddable":true,"href":"https:\/\/lerkilsbatvarv.se\/en\/wp-json\/wp\/v2\/product_cat?post=3406"},{"taxonomy":"product_tag","embeddable":true,"href":"https:\/\/lerkilsbatvarv.se\/en\/wp-json\/wp\/v2\/product_tag?post=3406"}],"curies":[{"name":"wp","href":"https:\/\/api.w.org\/{rel}","templated":true}]}}