{"id":3408,"date":"2021-02-26T10:03:30","date_gmt":"2021-02-26T10:03:30","guid":{"rendered":"https:\/\/lerkilsbatvarv.se\/?post_type=product&#038;p=3408"},"modified":"2021-03-11T15:24:57","modified_gmt":"2021-03-11T15:24:57","slug":"flipper-900-dc","status":"publish","type":"product","link":"https:\/\/lerkilsbatvarv.se\/en\/product\/flipper-900-dc\/","title":{"rendered":"Flipper 900 DC"},"content":{"rendered":"<h2>Flipper 900 DC<\/h2>\n<p>SPORTIG VACKERVarum\u00e4rket Flipper har alltid uppfattats som ungdomligtoch snabbt. Det f\u00f6rmedlar ett tydligt l\u00f6fte om avbrottfr\u00e5n vardagens tristess. En dynamisk skrovform, djupavindrutevinklar och andra designegenskaper utg\u00f6r bevisp\u00e5 detta redan vid en f\u00f6rsta anblick.En av hemligheterna bakom Flippers framg\u00e5ngar \u00e4r detfaktum att designen under alla \u00e5r har sk\u00f6tts av v\u00e4lk\u00e4ndaskandinaviska proffs. Genombrottsmodellen Flipper 450 HTv\u00e4ckte v\u00e4lf\u00f6rtj\u00e4nt uppm\u00e4rksamhet med en v\u00e5gad designredan p\u00e5 1960-talet.<\/p>\n<p>MODERN SMARTV\u00e5rt aktiva utvecklingsarbete och viljan att alltid tillgodoseden moderna b\u00e5t\u00e4garens behov har s\u00e4kerst\u00e4llt ett stabiltfl\u00f6de av nya Flipper-modeller till marknaden. Vi s\u00f6keralltid det strama och funktionella, med var sak p\u00e5 r\u00e4ttplats, men Flipper-b\u00e5tar \u00e4r ocks\u00e5 alltid modernt eleganta.<\/p>\n<p>Flipper \u00e4r en speciell b\u00e5t \u2013 b\u00e5de n\u00e4r det g\u00e4ller imageoch teknik. Glasfiberkonstruktionen i de f\u00f6rsta Flipperb\u00e5tarna imponerade, och avancerade l\u00f6sningar somd\u00e4ckskonstruktioner i flera lager \u00e4r bra exempel p\u00e5 v\u00e5rf\u00f6rm\u00e5ga att imponera och sticka ut. Det finns ingen ers\u00e4ttningf\u00f6r en Flipper, och detta \u00e4r sant p\u00e5 mer \u00e4n ett s\u00e4tt.<\/p>\n<p>INTERNATIONELL UNIKA SJ\u00d6EGENSKAPERFlipper har alltid s\u00f6kt nya marknader. I dag kan du hitta Flipperb\u00e5tar i hela v\u00e4rlden och s\u00e5 l\u00e5ngt bort som i Australien, menvi har alltid haft en speciell koppling till arvet och r\u00f6tternai Finland. F\u00f6r m\u00e5nga b\u00e5t\u00e4gare \u00e4r \u201dMade in Finland\u201d enkvalitetsgarant, och s\u00e5 ska det f\u00f6rbli.Flipper-b\u00e5tar \u00e4r m\u00e5ngsidiga och l\u00e4mpliga f\u00f6r flera\u00e4ndam\u00e5l. I grund och botten \u00e4r de b\u00e5tar f\u00f6r den somuppskattar att k\u00f6ra. B\u00e5tarna \u00e4r dynamiska, l\u00e4ttk\u00f6rda ochsmidiga \u2013 k\u00f6rgl\u00e4dje n\u00e4r den \u00e4r som b\u00e4st. Flipper-b\u00e5tar \u00e4rgjorda f\u00f6r verkligt passionerade b\u00e5t\u00e4gare. Det kr\u00e4vs bara entestrunda f\u00f6r att bli \u00f6vertygad.<\/p>","protected":false},"excerpt":{"rendered":"<h3 class=\"field-label\">Fakta<\/h3>\n<div class=\"field facts\">\n<div class=\"row\">\n<div class=\"col-xs-3\">\n<div class=\"field facts_type\">L\u00e4ngd:<\/div>\n<\/div>\n<div class=\"col-xs-3\">\n<div class=\"field facts_value\">9,05 m.<\/div>\n<\/div>\n<\/div>\n<\/div>\n<div class=\"field facts\">\n<div class=\"row\">\n<div class=\"col-xs-3\">\n<div class=\"field facts_type\">Bredd:<\/div>\n<\/div>\n<div class=\"col-xs-3\">\n<div class=\"field facts_value\">3,10 m.<\/div>\n<\/div>\n<\/div>\n<\/div>\n<div class=\"field facts\">\n<div class=\"row\">\n<div class=\"col-xs-3\">\n<div class=\"field facts_type\">Vikt:<\/div>\n<\/div>\n<div class=\"col-xs-3\">\n<div class=\"field facts_value\">3,100 kg.<\/div>\n<\/div>\n<\/div>\n<\/div>\n<div class=\"field facts\">\n<div class=\"row\">\n<div class=\"col-xs-3\">\n<div class=\"field facts_type\">Antal pers:<\/div>\n<\/div>\n<div class=\"col-xs-3\">\n<div class=\"field facts_value\">11 st.<\/div>\n<\/div>\n<\/div>\n<\/div>\n<div class=\"field facts\">\n<div class=\"row\">\n<div class=\"col-xs-3\">\n<div class=\"field facts_type\">Max motor:<\/div>\n<\/div>\n<div class=\"col-xs-3\">\n<div class=\"field facts_value\">600 hk.<\/div>\n<\/div>\n<\/div>\n<\/div>","protected":false},"featured_media":4081,"comment_status":"open","ping_status":"closed","template":"","meta":{"site-sidebar-layout":"default","site-content-layout":"default","ast-global-header-display":"","ast-main-header-display":"","ast-hfb-above-header-display":"","ast-hfb-below-header-display":"","ast-hfb-mobile-header-display":"","site-post-title":"","ast-breadcrumbs-content":"","ast-featured-img":"","footer-sml-layout":"","theme-transparent-header-meta":"default","adv-header-id-meta":"","stick-header-meta":"","header-above-stick-meta":"","header-main-stick-meta":"","header-below-stick-meta":""},"product_cat":[55,23],"product_tag":[56],"class_list":["post-3408","product","type-product","status-publish","has-post-thumbnail","hentry","product_cat-day-cruiser","product_cat-flipper","product_tag-day-cruiser"],"_links":{"self":[{"href":"https:\/\/lerkilsbatvarv.se\/en\/wp-json\/wp\/v2\/product\/3408","targetHints":{"allow":["GET"]}}],"collection":[{"href":"https:\/\/lerkilsbatvarv.se\/en\/wp-json\/wp\/v2\/product"}],"about":[{"href":"https:\/\/lerkilsbatvarv.se\/en\/wp-json\/wp\/v2\/types\/product"}],"replies":[{"embeddable":true,"href":"https:\/\/lerkilsbatvarv.se\/en\/wp-json\/wp\/v2\/comments?post=3408"}],"version-history":[{"count":1,"href":"https:\/\/lerkilsbatvarv.se\/en\/wp-json\/wp\/v2\/product\/3408\/revisions"}],"predecessor-version":[{"id":3409,"href":"https:\/\/lerkilsbatvarv.se\/en\/wp-json\/wp\/v2\/product\/3408\/revisions\/3409"}],"wp:featuredmedia":[{"embeddable":true,"href":"https:\/\/lerkilsbatvarv.se\/en\/wp-json\/wp\/v2\/media\/4081"}],"wp:attachment":[{"href":"https:\/\/lerkilsbatvarv.se\/en\/wp-json\/wp\/v2\/media?parent=3408"}],"wp:term":[{"taxonomy":"product_cat","embeddable":true,"href":"https:\/\/lerkilsbatvarv.se\/en\/wp-json\/wp\/v2\/product_cat?post=3408"},{"taxonomy":"product_tag","embeddable":true,"href":"https:\/\/lerkilsbatvarv.se\/en\/wp-json\/wp\/v2\/product_tag?post=3408"}],"curies":[{"name":"wp","href":"https:\/\/api.w.org\/{rel}","templated":true}]}}