{"id":3414,"date":"2021-02-26T10:11:26","date_gmt":"2021-02-26T10:11:26","guid":{"rendered":"https:\/\/lerkilsbatvarv.se\/?post_type=product&#038;p=3414"},"modified":"2021-03-12T11:12:58","modified_gmt":"2021-03-12T11:12:58","slug":"quicksilver-activ-605-open","status":"publish","type":"product","link":"https:\/\/lerkilsbatvarv.se\/en\/product\/quicksilver-activ-605-open\/","title":{"rendered":"Quicksilver Activ 605 Open"},"content":{"rendered":"<h2>Quicksilver Activ 605 Open<\/h2>\n<p>Sl\u00e4pp loss gl\u00e4djen<\/p>\n<p>N\u00f6jeslystna kommer inte att tveka en sekund \u00f6ver att ge sig ut p\u00e5 sj\u00f6n i en Activ 605 Open. Det finns en m\u00e4ngd m\u00f6jligheter f\u00f6r roliga aktiviteter och den \u00e4r det perfekta valet f\u00f6r n\u00f6jesfiske, vattensporter eller n\u00e4r man bara vill ut och lapa sol. Den \u00e4r ocks\u00e5 utrustad med en del av de prisbel\u00f6nta funktionerna fr\u00e5n Activ 675 Open, \u201cPowerboat of the Year 2011\u201d, till exempel enkel omvandling till sold\u00e4ck och smart utnyttjande av utrymmen. Det \u00e4r inte att undra p\u00e5 att Activ 605 Open \u00e4r b\u00e4st i sin kategori n\u00e4r det g\u00e4ller f\u00f6rvaringsm\u00f6jligheter, h\u00f6gsta antal personer ombord och b\u00e4sta ombordstigning fr\u00e5n vatten till sittbrunn.<\/p>\n<p>Den effektfulla Sport Edition v\u00e4cker uppseende med sitt svarta och vita skrov med den klarbl\u00e5a accentlinjen. Ytterligare en bekv\u00e4m detalj \u00e4r att det finns en sittbrunnsdusch och en stereo med tv\u00e5 h\u00f6gtalare.<\/p>\n<p>S\u00e4kerhetActiv 605 Open klarar upp till sju passagerare och tar extra v\u00e4l hand om dem tack vare detaljer som halkfria ytor och h\u00f6ga fribord. Det \u00e4r l\u00e4tt att ta sig i och ur vattnet genom \u00f6ppningen i akterspegeln med strategiskt placerad stege och handr\u00e4cken. Direkt och obehindrad v\u00e4g fr\u00e5n den stora badplattformen till sittbrunnen tack vare det \u00f6ppningsbara ryggst\u00f6det.<\/p>\n<p>KomfortLivet fr\u00e5n den ljusa sidan \u00f6verallt ombord. Bekv\u00e4ma sittplatser och ett v\u00e4l tilltaget sold\u00e4ck ger passagerarna utrymme att koppla av. B\u00e5ten \u00e4r bekv\u00e4m och enkel att k\u00f6ra med justerbara, snurrbara stoppade s\u00e4ten f\u00f6r f\u00f6rare och passagerare.<\/p>\n<p>M\u00e5ngsidighetDet \u00e4r en b\u00e5t som \u00e4r komplett utrustad f\u00f6r h\u00e4rliga stunder i solen. Vattenskidstolpe och integrerade sp\u00f6h\u00e5llare finns som standard f\u00f6r att underl\u00e4tta f\u00f6r vattensporter och fiske. Det \u00e4r samtidigt l\u00e4tt att koppla av tack vare att sittbrunnen enkelt omvandlas till matplats eller sold\u00e4ck.<\/p>\n<p>F\u00f6rvaringDet finns gott om f\u00f6rvaringsutrymmen f\u00f6r l\u00f6sa f\u00f6rem\u00e5l som bordsskiva, kuddar och solstol. Och i stuvutrymmet under aktern \u00e4r det perfekt att stoppa undan all vattensportutrustning.<\/p>\n<p>Sport EditionSvart och vitt skrov med klarbl\u00e5 accentlinje, sittbrunnsdusch och stereo med tv\u00e5 h\u00f6gtalare.<\/p>","protected":false},"excerpt":{"rendered":"<h3 class=\"field-label\">Fakta<\/h3>\n<div class=\"field facts\">\n<div class=\"row\">\n<div class=\"col-xs-3\">\n<div class=\"field facts_type\">L\u00e4ngd:<\/div>\n<\/div>\n<div class=\"col-xs-3\">\n<div class=\"field facts_value\">6.12 m.<\/div>\n<\/div>\n<\/div>\n<\/div>\n<div class=\"field facts\">\n<div class=\"row\">\n<div class=\"col-xs-3\">\n<div class=\"field facts_type\">Bredd:<\/div>\n<\/div>\n<div class=\"col-xs-3\">\n<div class=\"field facts_value\">2.40 m.<\/div>\n<\/div>\n<\/div>\n<\/div>\n<div class=\"field facts\">\n<div class=\"row\">\n<div class=\"col-xs-3\">\n<div class=\"field facts_type\">Vikt:<\/div>\n<\/div>\n<div class=\"col-xs-3\">\n<div class=\"field facts_value\">904 kg.<\/div>\n<\/div>\n<\/div>\n<\/div>\n<div class=\"field facts\">\n<div class=\"row\">\n<div class=\"col-xs-3\">\n<div class=\"field facts_type\">Antal pers:<\/div>\n<\/div>\n<div class=\"col-xs-3\">\n<div class=\"field facts_value\">7 st.<\/div>\n<\/div>\n<\/div>\n<\/div>\n<div class=\"field facts\">\n<div class=\"row\">\n<div class=\"col-xs-3\">\n<div class=\"field facts_type\">Max motor:<\/div>\n<\/div>\n<div class=\"col-xs-3\">\n<div class=\"field facts_value\">150 hk.<\/div>\n<\/div>\n<\/div>\n<\/div>\n<div class=\"field facts\">\n<div class=\"row\">\n<div class=\"col-xs-3\">\n<div class=\"field facts_type\">Tillbeh\u00f6r:<\/div>\n<\/div>\n<div class=\"col-xs-3\">\n<div class=\"field facts_value\">Ladda ner prislistan h\u00e4r p\u00e5 sidan.<\/div>\n<\/div>\n<\/div>\n<\/div>","protected":false},"featured_media":4212,"comment_status":"open","ping_status":"closed","template":"","meta":{"site-sidebar-layout":"default","site-content-layout":"default","ast-global-header-display":"","ast-main-header-display":"","ast-hfb-above-header-display":"","ast-hfb-below-header-display":"","ast-hfb-mobile-header-display":"","site-post-title":"","ast-breadcrumbs-content":"","ast-featured-img":"","footer-sml-layout":"","theme-transparent-header-meta":"default","adv-header-id-meta":"","stick-header-meta":"","header-above-stick-meta":"","header-main-stick-meta":"","header-below-stick-meta":""},"product_cat":[37,51],"product_tag":[52],"class_list":["post-3414","product","type-product","status-publish","has-post-thumbnail","hentry","product_cat-quicksilver","product_cat-styrpulpet-st","product_tag-styrpulpet-st"],"_links":{"self":[{"href":"https:\/\/lerkilsbatvarv.se\/en\/wp-json\/wp\/v2\/product\/3414","targetHints":{"allow":["GET"]}}],"collection":[{"href":"https:\/\/lerkilsbatvarv.se\/en\/wp-json\/wp\/v2\/product"}],"about":[{"href":"https:\/\/lerkilsbatvarv.se\/en\/wp-json\/wp\/v2\/types\/product"}],"replies":[{"embeddable":true,"href":"https:\/\/lerkilsbatvarv.se\/en\/wp-json\/wp\/v2\/comments?post=3414"}],"version-history":[{"count":1,"href":"https:\/\/lerkilsbatvarv.se\/en\/wp-json\/wp\/v2\/product\/3414\/revisions"}],"predecessor-version":[{"id":3415,"href":"https:\/\/lerkilsbatvarv.se\/en\/wp-json\/wp\/v2\/product\/3414\/revisions\/3415"}],"wp:featuredmedia":[{"embeddable":true,"href":"https:\/\/lerkilsbatvarv.se\/en\/wp-json\/wp\/v2\/media\/4212"}],"wp:attachment":[{"href":"https:\/\/lerkilsbatvarv.se\/en\/wp-json\/wp\/v2\/media?parent=3414"}],"wp:term":[{"taxonomy":"product_cat","embeddable":true,"href":"https:\/\/lerkilsbatvarv.se\/en\/wp-json\/wp\/v2\/product_cat?post=3414"},{"taxonomy":"product_tag","embeddable":true,"href":"https:\/\/lerkilsbatvarv.se\/en\/wp-json\/wp\/v2\/product_tag?post=3414"}],"curies":[{"name":"wp","href":"https:\/\/api.w.org\/{rel}","templated":true}]}}