{"id":3416,"date":"2021-02-26T12:55:06","date_gmt":"2021-02-26T12:55:06","guid":{"rendered":"https:\/\/lerkilsbatvarv.se\/?post_type=product&#038;p=3416"},"modified":"2021-03-12T11:11:55","modified_gmt":"2021-03-12T11:11:55","slug":"quicksilver-activ-675-open","status":"publish","type":"product","link":"https:\/\/lerkilsbatvarv.se\/en\/product\/quicksilver-activ-675-open\/","title":{"rendered":"Quicksilver Activ 755 Open"},"content":{"rendered":"<h2>Quicksilver Activ 755 Open<\/h2>\n<p>Elegant, kraftfull och mycket flexibel, nya Activ 755 Open s\u00e4tter ny standard f\u00f6r prestanda och s\u00e4kerhet i en alltigenom ny modell. Det h\u00e4r \u00e4r en b\u00e5t perfekt f\u00f6r dig som \u00e4lskar vattensporter, att ha med m\u00e5nga ombord (8 personer) och som samtidigt vill ha m\u00f6jligheten att \u00f6vernatta, ruffen rymmer b\u00e5de sovplatser f\u00f6r 2 samt toalett.<\/p>\n<p>S\u00e4kerhet<\/p>\n<p>S\u00e4kerhet och prestanda g\u00e5r hand i hand n\u00e4r det kommer till nya Activ 755 Open \u2013 ett perfekt balanserat skrov g\u00f6r b\u00e5ten l\u00e4ttdriven samtidigt som det skapar en s\u00e4ker och trygg f\u00e4rd \u00e4ven med max motoralternativ som \u00e4r 300hk. H\u00f6ga fribord och v\u00e4lplacerade pulpitar ger en trygg och avslappnad milj\u00f6 ombord. Alltigenom s\u00e5 \u00e4r nya Activ 755 Open en snabb, snygg och s\u00e4ker upplevelse!<\/p>\n<p>Design<\/p>\n<p>Elegant och stilfull \u00e4r passande ord f\u00f6r att beskriva nya Activ 755 Open. N\u00e4r det kommer till b\u00e5tens inre finns h\u00e4r en rad smarta och innovativa l\u00f6sningar som g\u00f6r b\u00e5ten mycket flexibel och m\u00e5ngsidig f\u00f6r att passa olika \u00f6nskem\u00e5l och anv\u00e4ndningss\u00e4tt.<\/p>\n<p>Komfort<\/p>\n<p>Ombord finner du massvis av sittplatser b\u00e5de i b\u00e5tens f\u00f6rliga samt aktre sittbrunn, h\u00e4r finns gott om plats att dinera eller solbada. Kabinen \u00e4r ljus och luftig tack vare den semitransparanta skjutd\u00f6rren och via ventilerna f\u00e5s en bra luftv\u00e4xling. Som tillval finns en spoltoalett som sitter smidigt placerad under nedg\u00e5ngen till ruffen, vid behov dras den fram p\u00e5 glidskenor. Som ett ytterligare tillval kan b\u00e5ten f\u00e5s med en komplett penry inneh\u00e5llande spis, vask med rinnande vatten och kyl.<\/p>\n<p>M\u00e5ngsidig<\/p>\n<p>B\u00e5tens f\u00f6rliga sittbrunn kan ena minuten anv\u00e4ndas till matplats och d\u00e4refter i ett enkelt handtag konverteras till ett stort sold\u00e4ck. I den aktre sittbrunnen har b\u00e5ten en fast aktre mittsoffa som kan adderas med utf\u00e4llbara sittb\u00e4nkar om babord och styrbord s\u00e5 att en stor U-soffa skapas, lika enkelt som praktiskt.<\/p>\n<p>SMART Edition<\/p>\n<p>Var noga med att du f\u00e5r med det du beh\u00f6ver. SMART Edition ger dig de tillval som \u00e4r mest popul\u00e4ra i ett paket baserat p\u00e5 de tillval som \u00e4r popul\u00e4rast hos v\u00e5ra kunder.<\/p>","protected":false},"excerpt":{"rendered":"<h3 class=\"field-label\">Fakta<\/h3>\n<div class=\"field facts\">\n<div class=\"row\">\n<div class=\"col-xs-3\">\n<div class=\"field facts_type\">L\u00e4ngd:<\/div>\n<\/div>\n<div class=\"col-xs-3\">\n<div class=\"field facts_value\">7,23 m.<\/div>\n<\/div>\n<\/div>\n<\/div>\n<div class=\"field facts\">\n<div class=\"row\">\n<div class=\"col-xs-3\">\n<div class=\"field facts_type\">Bredd:<\/div>\n<\/div>\n<div class=\"col-xs-3\">\n<div class=\"field facts_value\">2,55 m.<\/div>\n<\/div>\n<\/div>\n<\/div>\n<div class=\"field facts\">\n<div class=\"row\">\n<div class=\"col-xs-3\">\n<div class=\"field facts_type\">Vikt:<\/div>\n<\/div>\n<div class=\"col-xs-3\">\n<div class=\"field facts_value\">1,389 kg.<\/div>\n<\/div>\n<\/div>\n<\/div>\n<div class=\"field facts\">\n<div class=\"row\">\n<div class=\"col-xs-3\">\n<div class=\"field facts_type\">Antal pers:<\/div>\n<\/div>\n<div class=\"col-xs-3\">\n<div class=\"field facts_value\">8 st.<\/div>\n<\/div>\n<\/div>\n<\/div>\n<div class=\"field facts\">\n<div class=\"row\">\n<div class=\"col-xs-3\">\n<div class=\"field facts_type\">Max motor:<\/div>\n<\/div>\n<div class=\"col-xs-3\">\n<div class=\"field facts_value\">300 hk.<\/div>\n<\/div>\n<\/div>\n<\/div>\n<div class=\"field facts\">\n<div class=\"row\">\n<div class=\"col-xs-3\">\n<div class=\"field facts_type\">Tillbeh\u00f6r:<\/div>\n<\/div>\n<div class=\"col-xs-3\">\n<div class=\"field facts_value\">Ladda ner v\u00e5r prislista h\u00e4r p\u00e5 sidan.<\/div>\n<\/div>\n<\/div>\n<\/div>","protected":false},"featured_media":2925,"comment_status":"open","ping_status":"closed","template":"","meta":{"site-sidebar-layout":"default","site-content-layout":"default","ast-global-header-display":"","ast-main-header-display":"","ast-hfb-above-header-display":"","ast-hfb-below-header-display":"","ast-hfb-mobile-header-display":"","site-post-title":"","ast-breadcrumbs-content":"","ast-featured-img":"","footer-sml-layout":"","theme-transparent-header-meta":"default","adv-header-id-meta":"","stick-header-meta":"","header-above-stick-meta":"","header-main-stick-meta":"","header-below-stick-meta":""},"product_cat":[37,75],"product_tag":[76],"class_list":["post-3416","product","type-product","status-publish","has-post-thumbnail","hentry","product_cat-quicksilver","product_cat-walkaround","product_tag-walkaround"],"_links":{"self":[{"href":"https:\/\/lerkilsbatvarv.se\/en\/wp-json\/wp\/v2\/product\/3416","targetHints":{"allow":["GET"]}}],"collection":[{"href":"https:\/\/lerkilsbatvarv.se\/en\/wp-json\/wp\/v2\/product"}],"about":[{"href":"https:\/\/lerkilsbatvarv.se\/en\/wp-json\/wp\/v2\/types\/product"}],"replies":[{"embeddable":true,"href":"https:\/\/lerkilsbatvarv.se\/en\/wp-json\/wp\/v2\/comments?post=3416"}],"version-history":[{"count":3,"href":"https:\/\/lerkilsbatvarv.se\/en\/wp-json\/wp\/v2\/product\/3416\/revisions"}],"predecessor-version":[{"id":3419,"href":"https:\/\/lerkilsbatvarv.se\/en\/wp-json\/wp\/v2\/product\/3416\/revisions\/3419"}],"wp:featuredmedia":[{"embeddable":true,"href":"https:\/\/lerkilsbatvarv.se\/en\/wp-json\/wp\/v2\/media\/2925"}],"wp:attachment":[{"href":"https:\/\/lerkilsbatvarv.se\/en\/wp-json\/wp\/v2\/media?parent=3416"}],"wp:term":[{"taxonomy":"product_cat","embeddable":true,"href":"https:\/\/lerkilsbatvarv.se\/en\/wp-json\/wp\/v2\/product_cat?post=3416"},{"taxonomy":"product_tag","embeddable":true,"href":"https:\/\/lerkilsbatvarv.se\/en\/wp-json\/wp\/v2\/product_tag?post=3416"}],"curies":[{"name":"wp","href":"https:\/\/api.w.org\/{rel}","templated":true}]}}