{"id":3428,"date":"2021-02-26T13:09:08","date_gmt":"2021-02-26T13:09:08","guid":{"rendered":"https:\/\/lerkilsbatvarv.se\/?post_type=product&#038;p=3428"},"modified":"2021-02-26T13:09:08","modified_gmt":"2021-02-26T13:09:08","slug":"quicksilver-activ-805-sundeck","status":"publish","type":"product","link":"https:\/\/lerkilsbatvarv.se\/en\/product\/quicksilver-activ-805-sundeck\/","title":{"rendered":"Quicksilver Activ 805 Sundeck"},"content":{"rendered":"<h2>Activ 805 Sundeck<\/h2>\n<div class=\"row\">\n<div class=\"col-xs-4\">\n<div class=\"field body\">\n<p>S\u00f6ker du efter den perfekta kombinationen av prestanda och komfort, s\u00e5 skall du titta n\u00e4rmre p\u00e5 nya Quicksilver 805 Sundeck. Designad f\u00f6r n\u00f6je, solbad och vattensport har du h\u00e4r en b\u00e5t som erbjuder klassens st\u00f6rsta sold\u00e4ck och som kan f\u00e5s med motorer p\u00e5 upp till 400hk. Ut\u00f6ver det s\u00e5 erbjuder b\u00e5ten sovplatser i ruffen f\u00f6r 4 vuxna och \u00e4r godk\u00e4nd f\u00f6r upp till 9 personer.<\/p>\n<p>S\u00c4KERHETDesignad f\u00f6r s\u00e4ker och snabb f\u00e4rd. Activ 805 Sundeck erbjuder en rad s\u00e4kerhetsdetaljer som l\u00e5ter dig vara trygg till sj\u00f6ss i alla f\u00f6rh\u00e5llanden. Motorvalen \u00e4r m\u00e5nga, fr\u00e5n singel- till dubbelmontage p\u00e5 upp till 400hk s\u00e5 f\u00e5r man riktigt bra acceleration och fart genom hela registret. Det kraftigt tilltagna skrovet med h\u00f6ga fribord g\u00f6r i kombination med en f\u00f6red\u00f6mlig f\u00f6rarplats f\u00e4rden s\u00e4ker i alla farter och v\u00e4derlekar. Rej\u00e4la r\u00e4cken och pulpitar i kombination med breda g\u00e5ngbord g\u00f6r att man r\u00f6r sig ledigt, l\u00e4tt och s\u00e4kert ombord.<\/p>\n<p>KOMFORTFyra vuxna sover bra i Activ 805 Sundeck tack vare den rymliga kabinen med midskepps placerade stickkojer. H\u00e4r finns \u00e4ven en separat toalett med handfat och spoltoalett (tillval), pentry med kylbox eller kylsk\u00e5p (tillval), vask med vattenkran samt en spis. B\u00e5ten \u00e4r godk\u00e4nd f\u00f6r nio personer och tack vare sold\u00e4cket i f\u00f6ren och solb\u00e4dden i aktern s\u00e5 finns det gott om plats f\u00f6r alla att str\u00e4cka ut en solig dag.<\/p>\n<p>DESIGNFlytande och eleganta linjer, Activ 805 Sundeck \u00e4r en sportig och snygg b\u00e5t som garanterat f\u00e5r m\u00e5nga blickar till sj\u00f6ss. B\u00e5ten inneh\u00e5ller en rad smarta l\u00f6sningar s\u00e5som de extra sittplatserna runt det L-formade bordet och vill man addera extra stil s\u00e5 kan \u00e4kta teakdurk erh\u00e5llas.<\/p>\n<p>M\u00c5NGSIDIGHETP\u00e5 f\u00f6rd\u00e4ck har Activ 805 Sundeck klassens st\u00f6rsta sold\u00e4ck och i sittbrunnen m\u00f6blerar man enkelt och snabbt om fr\u00e5n matbord till solb\u00e4dd. I ruffen sover 4 vuxna bra men dubbelkojen kan konverteras till en u-soffa med matbord d\u00e5 man hellre sitter inne.<\/p>\n<p>SMART EDITIONVar noga med att du f\u00e5r med det du beh\u00f6ver. SMART Edition ger dig de tillval som \u00e4r mest popul\u00e4ra i ett paket baserat p\u00e5 de tillval som \u00e4r popul\u00e4rast hos v\u00e5ra kunder. Detta paket \u00e4r ca 10% l\u00e4gre pris p\u00e5 kontra att v\u00e4lja tillvalen separat.<\/p>\n<\/div>\n<\/div>\n<\/div>","protected":false},"excerpt":{"rendered":"<h3 class=\"field-label\">Fakta<\/h3>\n<div class=\"field facts\">\n<div class=\"row\">\n<div class=\"col-xs-3\">\n<div class=\"field facts_type\">L\u00e4ngd:<\/div>\n<\/div>\n<div class=\"col-xs-3\">\n<div class=\"field facts_value\">7,88 m.<\/div>\n<\/div>\n<\/div>\n<\/div>\n<div class=\"field facts\">\n<div class=\"row\">\n<div class=\"col-xs-3\">\n<div class=\"field facts_type\">Bredd:<\/div>\n<\/div>\n<div class=\"col-xs-3\">\n<div class=\"field facts_value\">2,55 m.<\/div>\n<\/div>\n<\/div>\n<\/div>\n<div class=\"field facts\">\n<div class=\"row\">\n<div class=\"col-xs-3\">\n<div class=\"field facts_type\">Vikt:<\/div>\n<\/div>\n<div class=\"col-xs-3\">\n<div class=\"field facts_value\">1,820 kg.<\/div>\n<\/div>\n<\/div>\n<\/div>\n<div class=\"field facts\">\n<div class=\"row\">\n<div class=\"col-xs-3\">\n<div class=\"field facts_type\">Antal pers:<\/div>\n<\/div>\n<div class=\"col-xs-3\">\n<div class=\"field facts_value\">9 st.<\/div>\n<\/div>\n<\/div>\n<\/div>\n<div class=\"field facts\">\n<div class=\"row\">\n<div class=\"col-xs-3\">\n<div class=\"field facts_type\">Max motor<\/div>\n<\/div>\n<div class=\"col-xs-3\">\n<div class=\"field facts_value\">400 Hk.<\/div>\n<\/div>\n<\/div>\n<\/div>\n<div class=\"field facts\">\n<div class=\"row\">\n<div class=\"col-xs-3\">\n<div class=\"field facts_type\">Tillbeh\u00f6r:<\/div>\n<\/div>\n<div class=\"col-xs-3\">\n<div class=\"field facts_value\">Ladda ner prislistan h\u00e4r p\u00e5 sidan.<\/div>\n<\/div>\n<\/div>\n<\/div>","protected":false},"featured_media":2989,"comment_status":"open","ping_status":"closed","template":"","meta":{"site-sidebar-layout":"default","site-content-layout":"default","ast-global-header-display":"","ast-main-header-display":"","ast-hfb-above-header-display":"","ast-hfb-below-header-display":"","ast-hfb-mobile-header-display":"","site-post-title":"","ast-breadcrumbs-content":"","ast-featured-img":"","footer-sml-layout":"","theme-transparent-header-meta":"default","adv-header-id-meta":"","stick-header-meta":"","header-above-stick-meta":"","header-main-stick-meta":"","header-below-stick-meta":""},"product_cat":[79,37],"product_tag":[80],"class_list":["post-3428","product","type-product","status-publish","has-post-thumbnail","hentry","product_cat-kabinbat","product_cat-quicksilver","product_tag-kabinbat"],"_links":{"self":[{"href":"https:\/\/lerkilsbatvarv.se\/en\/wp-json\/wp\/v2\/product\/3428","targetHints":{"allow":["GET"]}}],"collection":[{"href":"https:\/\/lerkilsbatvarv.se\/en\/wp-json\/wp\/v2\/product"}],"about":[{"href":"https:\/\/lerkilsbatvarv.se\/en\/wp-json\/wp\/v2\/types\/product"}],"replies":[{"embeddable":true,"href":"https:\/\/lerkilsbatvarv.se\/en\/wp-json\/wp\/v2\/comments?post=3428"}],"version-history":[{"count":1,"href":"https:\/\/lerkilsbatvarv.se\/en\/wp-json\/wp\/v2\/product\/3428\/revisions"}],"predecessor-version":[{"id":3429,"href":"https:\/\/lerkilsbatvarv.se\/en\/wp-json\/wp\/v2\/product\/3428\/revisions\/3429"}],"wp:featuredmedia":[{"embeddable":true,"href":"https:\/\/lerkilsbatvarv.se\/en\/wp-json\/wp\/v2\/media\/2989"}],"wp:attachment":[{"href":"https:\/\/lerkilsbatvarv.se\/en\/wp-json\/wp\/v2\/media?parent=3428"}],"wp:term":[{"taxonomy":"product_cat","embeddable":true,"href":"https:\/\/lerkilsbatvarv.se\/en\/wp-json\/wp\/v2\/product_cat?post=3428"},{"taxonomy":"product_tag","embeddable":true,"href":"https:\/\/lerkilsbatvarv.se\/en\/wp-json\/wp\/v2\/product_tag?post=3428"}],"curies":[{"name":"wp","href":"https:\/\/api.w.org\/{rel}","templated":true}]}}