{"id":3430,"date":"2021-02-26T13:11:11","date_gmt":"2021-02-26T13:11:11","guid":{"rendered":"https:\/\/lerkilsbatvarv.se\/?post_type=product&#038;p=3430"},"modified":"2021-03-12T09:17:06","modified_gmt":"2021-03-12T09:17:06","slug":"quicksilver-activ-875-sundeck","status":"publish","type":"product","link":"https:\/\/lerkilsbatvarv.se\/en\/product\/quicksilver-activ-875-sundeck\/","title":{"rendered":"Quicksilver Activ 875 Sundeck"},"content":{"rendered":"<h2>Quicksilver Activ 875 Sundeck<\/h2>\n<p>Activ 875 Sundeck h\u00f6jer ribban. Eller vi kanske snarare ska s\u00e4ga: tar solb\u00e4dden till nya niv\u00e5er? Activ 875 Sundeck har n\u00e4mligen klassens st\u00f6rsta sold\u00e4ck. Ta med dig upp till 12 v\u00e4nner ombord och s\u00e4tt kurs mot en h\u00e4rlig tripp, eller duka upp till en trivsam grillning ombord. N\u00e4r kv\u00e4llen kommer kan 4 sova gott i kabinens kojer.<\/p>\n<p>B\u00e5ten drivs av 1 motor p\u00e5 upp till 400hk, alternativt av 2st p\u00e5 upp till 500hk. Med dessa alternativ s\u00e5 \u00e5ker ni tryggt, och d\u00e5 ni \u00f6nskar, \u00e4ven snabbt. Ombord har vi placerat konsollen aningen \u00e5t babord vilket ger en bra g\u00e5ngyta om styrbord, detta f\u00f6r att det skall vara lika smidigt som s\u00e4kert att r\u00f6ra sig mellan sittbrunn och f\u00f6rd\u00e4ck.<\/p>\n<p>Med Activ 875 Sundeck finns plats f\u00f6r alla i solen. Sittbrunnens m\u00f6bleras enkelt till en stor solb\u00e4dd p\u00e5 1,9&#215;1,6m med direkt access till vattnet, f\u00f6rd\u00e4ckets solb\u00e4dd m\u00e4ter rekordstora 2,25&#215;2,25m och har justerbara ryggst\u00f6d. St\u00f6rre \u00e4n s\u00e5 h\u00e4r blir det inte p\u00e5 b\u00e5tar i den h\u00e4r klassen. I kabinen ryms allt annat som ni beh\u00f6ver ombord, s\u00e5som dusch och toalett. Den mysiga kabinen erbjuder u-soffa med bord och som tillval kan man h\u00e4r f\u00e5 kylsk\u00e5p och microv\u00e5gsugn. N\u00e4r det \u00e4r tid f\u00f6r vila s\u00e5 b\u00e4ddar man smidigt dubbelkojen.<\/p>\n<p>Designen av Activ 875 Sundeck \u00e4r en triumf g\u00e4llande estetik och tillvaratagandet av utrymmen. Ta som exempel f\u00f6rarplatsen med dess stilrena och moderna vindruta, eller det trevliga dubbels\u00e4tet som elegant skjuts fram\u00e5t f\u00f6r att frig\u00f6ra ett komlett pentry med integrerad ho, sk\u00e4rbr\u00e4da och som tillval gasspis eller grill. I kabinen har var centimeter tagits om hand och h\u00e4r finner man en komfortabel U-soffa som b\u00e4ddas om till en stor dubbelkoj. Alla som gillar det d\u00e4r lilla extra kommer att \u00e4lska v\u00e5rt Privilege Pack som \u00e4r fullt med exklusiva tillval.<\/p>\n<p>Sittbrunnens L-soffa kan m\u00f6bleras om till antingen en solb\u00e4dd eller till en trivsam matplats. Inte s\u00e5 illa, eller hur? F\u00f6r er som \u00e4lskar vattensport, se till att v\u00e4lja till vattenskidst\u00e5ng. Vill du ta det lite lugnare? Str\u00e4ck ut p\u00e5 f\u00f6rd\u00e4ckets enorma solb\u00e4dd, eller kryp ner i kabinens bekv\u00e4ma kojer.Var noga med att du f\u00e5r med det du beh\u00f6ver. SMART Edition ger dig de tillval som \u00e4r mest popul\u00e4ra i ett paket baserat p\u00e5 de tillval som \u00e4r popul\u00e4rast hos v\u00e5ra kunder. Detta paket \u00e4r ca 10% l\u00e4gre pris p\u00e5 kontra att v\u00e4lja tillvalen separat.<\/p>","protected":false},"excerpt":{"rendered":"<h3 class=\"field-label\">Fakta<\/h3>\n<div class=\"field facts\">\n<div class=\"row\">\n<div class=\"col-xs-3\">\n<div class=\"field facts_type\">L\u00e4ngd:<\/div>\n<\/div>\n<div class=\"col-xs-3\">\n<div class=\"field facts_value\">8,06 m.<\/div>\n<\/div>\n<\/div>\n<\/div>\n<div class=\"field facts\">\n<div class=\"row\">\n<div class=\"col-xs-3\">\n<div class=\"field facts_type\">Bredd:<\/div>\n<\/div>\n<div class=\"col-xs-3\">\n<div class=\"field facts_value\">3,00 m.<\/div>\n<\/div>\n<\/div>\n<\/div>\n<div class=\"field facts\">\n<div class=\"row\">\n<div class=\"col-xs-3\">\n<div class=\"field facts_type\">Vikt:<\/div>\n<\/div>\n<div class=\"col-xs-3\">\n<div class=\"field facts_value\">2,462 kg.<\/div>\n<\/div>\n<\/div>\n<\/div>\n<div class=\"field facts\">\n<div class=\"row\">\n<div class=\"col-xs-3\">\n<div class=\"field facts_type\">Antal pers:<\/div>\n<\/div>\n<div class=\"col-xs-3\">\n<div class=\"field facts_value\">12 st.<\/div>\n<\/div>\n<\/div>\n<\/div>\n<div class=\"field facts\">\n<div class=\"row\">\n<div class=\"col-xs-3\">\n<div class=\"field facts_type\">Max motor:<\/div>\n<\/div>\n<div class=\"col-xs-3\">\n<div class=\"field facts_value\">500 hk.<\/div>\n<\/div>\n<\/div>\n<\/div>\n<div class=\"field facts\">\n<div class=\"row\">\n<div class=\"col-xs-3\">\n<div class=\"field facts_type\">Tillbeh\u00f6r:<\/div>\n<\/div>\n<div class=\"col-xs-3\">\n<div class=\"field facts_value\">Ladda ner v\u00e5r prislista h\u00e4r p\u00e5 sidan.<\/div>\n<\/div>\n<\/div>\n<\/div>","protected":false},"featured_media":3003,"comment_status":"open","ping_status":"closed","template":"","meta":{"site-sidebar-layout":"default","site-content-layout":"default","ast-global-header-display":"","ast-main-header-display":"","ast-hfb-above-header-display":"","ast-hfb-below-header-display":"","ast-hfb-mobile-header-display":"","site-post-title":"","ast-breadcrumbs-content":"","ast-featured-img":"","footer-sml-layout":"","theme-transparent-header-meta":"default","adv-header-id-meta":"","stick-header-meta":"","header-above-stick-meta":"","header-main-stick-meta":"","header-below-stick-meta":""},"product_cat":[79,37],"product_tag":[80],"class_list":["post-3430","product","type-product","status-publish","has-post-thumbnail","hentry","product_cat-kabinbat","product_cat-quicksilver","product_tag-kabinbat"],"_links":{"self":[{"href":"https:\/\/lerkilsbatvarv.se\/en\/wp-json\/wp\/v2\/product\/3430","targetHints":{"allow":["GET"]}}],"collection":[{"href":"https:\/\/lerkilsbatvarv.se\/en\/wp-json\/wp\/v2\/product"}],"about":[{"href":"https:\/\/lerkilsbatvarv.se\/en\/wp-json\/wp\/v2\/types\/product"}],"replies":[{"embeddable":true,"href":"https:\/\/lerkilsbatvarv.se\/en\/wp-json\/wp\/v2\/comments?post=3430"}],"version-history":[{"count":1,"href":"https:\/\/lerkilsbatvarv.se\/en\/wp-json\/wp\/v2\/product\/3430\/revisions"}],"predecessor-version":[{"id":3431,"href":"https:\/\/lerkilsbatvarv.se\/en\/wp-json\/wp\/v2\/product\/3430\/revisions\/3431"}],"wp:featuredmedia":[{"embeddable":true,"href":"https:\/\/lerkilsbatvarv.se\/en\/wp-json\/wp\/v2\/media\/3003"}],"wp:attachment":[{"href":"https:\/\/lerkilsbatvarv.se\/en\/wp-json\/wp\/v2\/media?parent=3430"}],"wp:term":[{"taxonomy":"product_cat","embeddable":true,"href":"https:\/\/lerkilsbatvarv.se\/en\/wp-json\/wp\/v2\/product_cat?post=3430"},{"taxonomy":"product_tag","embeddable":true,"href":"https:\/\/lerkilsbatvarv.se\/en\/wp-json\/wp\/v2\/product_tag?post=3430"}],"curies":[{"name":"wp","href":"https:\/\/api.w.org\/{rel}","templated":true}]}}