{"id":3437,"date":"2021-02-26T13:24:33","date_gmt":"2021-02-26T13:24:33","guid":{"rendered":"https:\/\/lerkilsbatvarv.se\/?post_type=product&#038;p=3437"},"modified":"2021-03-12T08:27:53","modified_gmt":"2021-03-12T08:27:53","slug":"quicksilver-captur-605-pilothouse","status":"publish","type":"product","link":"https:\/\/lerkilsbatvarv.se\/en\/product\/quicksilver-captur-605-pilothouse\/","title":{"rendered":"Quicksilver Captur 605 Pilothouse"},"content":{"rendered":"<p>Quicksilver Captur 605 Pilothouse<\/p>\n<p>\u00c4r du en passionerad fiskare? D\u00e5 \u00e4r 605 Pilothouse ditt r\u00e4tta val. Med motorer upp till 115hk och med klassens st\u00f6rsta akterd\u00e4ck f\u00e5r du en snabb och trivsam fiskekamrat. G\u00f6r det \u00e4ven \u00e4nnu enklare genom att v\u00e4lja till en yttre styrplats utrustad med GPS och ekolod. Med SMART Edition som tillval f\u00e5r du en mycket v\u00e4lutrustad b\u00e5t som kombinerar en perfekt fiskemaskin med en trevlig famiiljeb\u00e5t.<\/p>\n<p>S\u00e4kerhet<\/p>\n<p>F\u00f6rutom att ge dig en bra fisketur s\u00e5 \u00e4r 605 Pilothouse mycket s\u00e4ker. Via en d\u00f6rr i akterspegeln n\u00e5s vattnet i r\u00e4tt niv\u00e5, styrbordsoch babords passager runt hytten \u00e4r breda och l\u00e4tta att r\u00f6ra sig p\u00e5. Med det bogmonterade ankarspelet s\u00e5 ankrar man snabbt och enkelt. Den stora h\u00e4rdade vindrutan ger tillsammans med ett stort akterf\u00f6nster fri sikt om 360 grader och klassens b\u00e4sta instrumentbr\u00e4da ger gott om utrymme f\u00f6r alla instrument.<\/p>\n<p>Fiske<\/p>\n<p>B\u00e5ten har massor av stora fria durkytor f\u00f6r att du, familj och v\u00e4nner ska kunna fiska obehindrat. Upp till 6 fiskesp\u00f6n kan f\u00f6rvaras under relingen alternativt under durken i ett stort och l\u00e5sbart stuvfack. Fisken f\u00f6rvaras och h\u00e5lls fr\u00e4sch i speciella fack till det att man kommer iland igen.<\/p>\n<p>Komfort<\/p>\n<p>Kabinen erbjuder skydd f\u00f6r alla v\u00e4derlekar och har sittplatser f\u00f6r 2 personer. Som tillval finns bla s\u00e4ten och bord till sittbrunnen samt gardiner till kabinen s\u00e5 att man kan sova gott i de 2 kojerna.<\/p>\n<p>F\u00f6rvaring<\/p>\n<p>V\u00e5ra pilothusb\u00e5tar ger en k\u00e4nsla av frihet och rymd och inte n\u00e5gon r\u00f6rig upplevelse. Fiskesp\u00f6n och annan skrymmande utrustning f\u00e5r l\u00e4tt plats i stora stuvfack eller i h\u00e5llare under relingen. Bete och fisk h\u00e5ller sig fr\u00e4sch i fisksumpen.<\/p>\n<p>SMART Edition<\/p>\n<p>Var s\u00e4ker p\u00e5 att du f\u00e5r vad du beh\u00f6ver: Smart Edition ger dig v\u00e5ra mest popul\u00e4ra tillval i ett paket.<\/p>\n<p>605 Smart Edition inneh\u00e5ller fisksump, sj\u00f6vattenspolning, 2 extra sp\u00f6h\u00e5llare, taklucka, il\u00e4ggsskiva mellan kojerna, gardiner, dyna till sittbrunnsb\u00e4nk, sittbrunnsbord och f\u00e4ll-s\u00e4te om babord.<\/p>\n<p>F\u00f6rutom att spara ca 10-15% p\u00e5 detta paket s\u00e5 finns troligtvis just denna b\u00e5t hos din \u00e5terf\u00f6rs\u00e4ljare.<\/p>","protected":false},"excerpt":{"rendered":"<h3 class=\"field-label\">Fakta<\/h3>\n<div class=\"field facts\">\n<div class=\"row\">\n<div class=\"col-xs-3\">\n<div class=\"field facts_type\">L\u00e4ngd:<\/div>\n<\/div>\n<div class=\"col-xs-3\">\n<div class=\"field facts_value\">5.75 m.<\/div>\n<\/div>\n<\/div>\n<\/div>\n<div class=\"field facts\">\n<div class=\"row\">\n<div class=\"col-xs-3\">\n<div class=\"field facts_type\">Bredd:<\/div>\n<\/div>\n<div class=\"col-xs-3\">\n<div class=\"field facts_value\">2.54 m.<\/div>\n<\/div>\n<\/div>\n<\/div>\n<div class=\"field facts\">\n<div class=\"row\">\n<div class=\"col-xs-3\">\n<div class=\"field facts_type\">Vikt:<\/div>\n<\/div>\n<div class=\"col-xs-3\">\n<div class=\"field facts_value\">1.345 kg.<\/div>\n<\/div>\n<\/div>\n<\/div>\n<div class=\"field facts\">\n<div class=\"row\">\n<div class=\"col-xs-3\">\n<div class=\"field facts_type\">Antal pers:<\/div>\n<\/div>\n<div class=\"col-xs-3\">\n<div class=\"field facts_value\">6 st.<\/div>\n<\/div>\n<\/div>\n<\/div>\n<div class=\"field facts\">\n<div class=\"row\">\n<div class=\"col-xs-3\">\n<div class=\"field facts_type\">Max motor:<\/div>\n<\/div>\n<div class=\"col-xs-3\">\n<div class=\"field facts_value\">150 hk.<\/div>\n<\/div>\n<\/div>\n<\/div>\n<div class=\"field facts\">\n<div class=\"row\">\n<div class=\"col-xs-3\">\n<div class=\"field facts_type\">Tillbeh\u00f6r:<\/div>\n<\/div>\n<div class=\"col-xs-3\">\n<div class=\"field facts_value\">Ladda ner prislistan h\u00e4r p\u00e5 sidan.<\/div>\n<\/div>\n<\/div>\n<\/div>","protected":false},"featured_media":2842,"comment_status":"open","ping_status":"closed","template":"","meta":{"site-sidebar-layout":"default","site-content-layout":"default","ast-global-header-display":"","ast-main-header-display":"","ast-hfb-above-header-display":"","ast-hfb-below-header-display":"","ast-hfb-mobile-header-display":"","site-post-title":"","ast-breadcrumbs-content":"","ast-featured-img":"","footer-sml-layout":"","theme-transparent-header-meta":"default","adv-header-id-meta":"","stick-header-meta":"","header-above-stick-meta":"","header-main-stick-meta":"","header-below-stick-meta":""},"product_cat":[77,37],"product_tag":[78],"class_list":["post-3437","product","type-product","status-publish","has-post-thumbnail","hentry","product_cat-pilothouse","product_cat-quicksilver","product_tag-pilothouse"],"_links":{"self":[{"href":"https:\/\/lerkilsbatvarv.se\/en\/wp-json\/wp\/v2\/product\/3437","targetHints":{"allow":["GET"]}}],"collection":[{"href":"https:\/\/lerkilsbatvarv.se\/en\/wp-json\/wp\/v2\/product"}],"about":[{"href":"https:\/\/lerkilsbatvarv.se\/en\/wp-json\/wp\/v2\/types\/product"}],"replies":[{"embeddable":true,"href":"https:\/\/lerkilsbatvarv.se\/en\/wp-json\/wp\/v2\/comments?post=3437"}],"version-history":[{"count":1,"href":"https:\/\/lerkilsbatvarv.se\/en\/wp-json\/wp\/v2\/product\/3437\/revisions"}],"predecessor-version":[{"id":3438,"href":"https:\/\/lerkilsbatvarv.se\/en\/wp-json\/wp\/v2\/product\/3437\/revisions\/3438"}],"wp:featuredmedia":[{"embeddable":true,"href":"https:\/\/lerkilsbatvarv.se\/en\/wp-json\/wp\/v2\/media\/2842"}],"wp:attachment":[{"href":"https:\/\/lerkilsbatvarv.se\/en\/wp-json\/wp\/v2\/media?parent=3437"}],"wp:term":[{"taxonomy":"product_cat","embeddable":true,"href":"https:\/\/lerkilsbatvarv.se\/en\/wp-json\/wp\/v2\/product_cat?post=3437"},{"taxonomy":"product_tag","embeddable":true,"href":"https:\/\/lerkilsbatvarv.se\/en\/wp-json\/wp\/v2\/product_tag?post=3437"}],"curies":[{"name":"wp","href":"https:\/\/api.w.org\/{rel}","templated":true}]}}