{"id":3439,"date":"2021-02-26T13:27:08","date_gmt":"2021-02-26T13:27:08","guid":{"rendered":"https:\/\/lerkilsbatvarv.se\/?post_type=product&#038;p=3439"},"modified":"2021-03-12T08:25:01","modified_gmt":"2021-03-12T08:25:01","slug":"quicksilver-captur-705-pilothouse","status":"publish","type":"product","link":"https:\/\/lerkilsbatvarv.se\/en\/product\/quicksilver-captur-705-pilothouse\/","title":{"rendered":"Quicksilver Captur 705 Pilothouse"},"content":{"rendered":"<h2>Quicksilver Captur 705 Pilothouse<\/h2>\n<div class=\"row\">\n<div class=\"col-xs-4\">\n<div class=\"field body\">\n<p>Nyhet<\/p>\n<p>Veva in storf\u00e5ngsten med f\u00f6tterna fast f\u00f6rankrade under fotlisten om babord och styrbord, och h\u00e5ll d\u00e4cket fritt fr\u00e5n fiskesp\u00f6n och annan utrustning genom att utnyttja den inbyggda f\u00f6rvaringen. De h\u00f6ga friborden h\u00e5ller dig torr och s\u00e4ker i alla v\u00e4der och ger en trygg f\u00e4rd. Fr\u00e5n den yttre f\u00f6rarplatsen kan du man\u00f6vrera b\u00e5ten med stor precision f\u00f6r optimalt fiske och \u00f6kad s\u00e4kerhet.<\/p>\n<p>Oavsett om du g\u00f6r en dagstur med goda v\u00e4nner eller tar med dig familjen ut \u00f6ver natten kan du r\u00e4kna med en bekv\u00e4m upplevelse p\u00e5 705 Pilothouse. Avnjut den f\u00e4rska f\u00e5ngsten vid det stora sittbrunnsbordet, h\u00e4mta en kyld dryck fr\u00e5n det rymliga kylsk\u00e5pet och ta en v\u00e4lbeh\u00f6vlig lur i den fr\u00e4mre kojen. B\u00e5de kapten och passageraren om babord sitter sk\u00f6nt p\u00e5 mjuka s\u00e4ten, och \u00f6vriga fiskare kan nyttja de utf\u00e4llbara s\u00e4tena i aktern. Under f\u00f6rd\u00e4ck finns ett avsk\u00e4rmat toalettutrymme.<\/p>\n<p>705 Pilothouse \u00e4r helt inriktad p\u00e5 din fiskeupplevelse och g\u00f6r varje utf\u00e4rd till ett minnesv\u00e4rt \u00e4ventyr. Betet h\u00e5ller sig fr\u00e4scht i sumpen och f\u00e5ngsten kan f\u00f6rvaras i den stora syresatta f\u00e5ngststuven. Du kan \u00e4ven v\u00e4lja att rensa fisken direkt p\u00e5 den inbyggda sk\u00e4rbr\u00e4dan som enkelt spolas av med sj\u00f6vatten. De praktiska sp\u00f6h\u00e5llarna hj\u00e4lper dig att undvika trasiga ringar och trassliga linor.<\/p>\n<p>705 Pilothouse pr\u00e4glas av genomt\u00e4nkta l\u00f6sningar som g\u00f6r det enkelt att h\u00e5lla ordning p\u00e5 utrustningen \u2013 allt fr\u00e5n ett rymligt skrov och inbyggda f\u00f6rvaringsutrymmen till ett smidigt elektriskt ankarspel bidrar till detta. Tack vare den rymliga f\u00f6rvaringen under durken och i kabinen kan alla r\u00f6ra sig tryggt och s\u00e4kert ombord. Med klassens st\u00f6rsta sittbrunn och utm\u00e4rkta tillval kan vi lova att 705 Pilothouse g\u00f6r ett best\u00e5ende intryck.<\/p>\n<\/div>\n<\/div>\n<\/div>","protected":false},"excerpt":{"rendered":"<h3 class=\"field-label\">Fakta<\/h3>\n<div class=\"field facts\">\n<div class=\"row\">\n<div class=\"col-xs-3\">\n<div class=\"field facts_type\">L\u00e4ngd:<\/div>\n<\/div>\n<div class=\"col-xs-3\">\n<div class=\"field facts_value\">6,63 m.<\/div>\n<\/div>\n<\/div>\n<\/div>\n<div class=\"field facts\">\n<div class=\"row\">\n<div class=\"col-xs-3\">\n<div class=\"field facts_type\">Bredd:<\/div>\n<\/div>\n<div class=\"col-xs-3\">\n<div class=\"field facts_value\">2,54 m.<\/div>\n<\/div>\n<\/div>\n<\/div>\n<div class=\"field facts\">\n<div class=\"row\">\n<div class=\"col-xs-3\">\n<div class=\"field facts_type\">Vikt:<\/div>\n<\/div>\n<div class=\"col-xs-3\">\n<div class=\"field facts_value\">1585 kg.<\/div>\n<\/div>\n<\/div>\n<\/div>\n<div class=\"field facts\">\n<div class=\"row\">\n<div class=\"col-xs-3\">\n<div class=\"field facts_type\">Antal pers:<\/div>\n<\/div>\n<div class=\"col-xs-3\">\n<div class=\"field facts_value\">7 st.<\/div>\n<\/div>\n<\/div>\n<\/div>\n<div class=\"field facts\">\n<div class=\"row\">\n<div class=\"col-xs-3\">\n<div class=\"field facts_type\">Max motor:<\/div>\n<\/div>\n<div class=\"col-xs-3\">\n<div class=\"field facts_value\">225 hk.<\/div>\n<\/div>\n<\/div>\n<\/div>","protected":false},"featured_media":4194,"comment_status":"open","ping_status":"closed","template":"","meta":{"site-sidebar-layout":"default","site-content-layout":"default","ast-global-header-display":"","ast-main-header-display":"","ast-hfb-above-header-display":"","ast-hfb-below-header-display":"","ast-hfb-mobile-header-display":"","site-post-title":"","ast-breadcrumbs-content":"","ast-featured-img":"","footer-sml-layout":"","theme-transparent-header-meta":"default","adv-header-id-meta":"","stick-header-meta":"","header-above-stick-meta":"","header-main-stick-meta":"","header-below-stick-meta":""},"product_cat":[77,37],"product_tag":[78],"class_list":["post-3439","product","type-product","status-publish","has-post-thumbnail","hentry","product_cat-pilothouse","product_cat-quicksilver","product_tag-pilothouse"],"_links":{"self":[{"href":"https:\/\/lerkilsbatvarv.se\/en\/wp-json\/wp\/v2\/product\/3439","targetHints":{"allow":["GET"]}}],"collection":[{"href":"https:\/\/lerkilsbatvarv.se\/en\/wp-json\/wp\/v2\/product"}],"about":[{"href":"https:\/\/lerkilsbatvarv.se\/en\/wp-json\/wp\/v2\/types\/product"}],"replies":[{"embeddable":true,"href":"https:\/\/lerkilsbatvarv.se\/en\/wp-json\/wp\/v2\/comments?post=3439"}],"version-history":[{"count":2,"href":"https:\/\/lerkilsbatvarv.se\/en\/wp-json\/wp\/v2\/product\/3439\/revisions"}],"predecessor-version":[{"id":3441,"href":"https:\/\/lerkilsbatvarv.se\/en\/wp-json\/wp\/v2\/product\/3439\/revisions\/3441"}],"wp:featuredmedia":[{"embeddable":true,"href":"https:\/\/lerkilsbatvarv.se\/en\/wp-json\/wp\/v2\/media\/4194"}],"wp:attachment":[{"href":"https:\/\/lerkilsbatvarv.se\/en\/wp-json\/wp\/v2\/media?parent=3439"}],"wp:term":[{"taxonomy":"product_cat","embeddable":true,"href":"https:\/\/lerkilsbatvarv.se\/en\/wp-json\/wp\/v2\/product_cat?post=3439"},{"taxonomy":"product_tag","embeddable":true,"href":"https:\/\/lerkilsbatvarv.se\/en\/wp-json\/wp\/v2\/product_tag?post=3439"}],"curies":[{"name":"wp","href":"https:\/\/api.w.org\/{rel}","templated":true}]}}