{"id":3459,"date":"2021-02-26T13:50:40","date_gmt":"2021-02-26T13:50:40","guid":{"rendered":"https:\/\/lerkilsbatvarv.se\/?post_type=product&#038;p=3459"},"modified":"2021-03-12T11:34:03","modified_gmt":"2021-03-12T11:34:03","slug":"ryds-550-vi-mid-c","status":"publish","type":"product","link":"https:\/\/lerkilsbatvarv.se\/en\/product\/ryds-550-vi-mid-c\/","title":{"rendered":"Ryds 550 VI Mid C"},"content":{"rendered":"<h2>Ryds 550 VI Mid C<\/h2>\n<p>Ryds 550 VI Mid C \u00e4r b\u00e5de en sportig och praktisk b\u00e5t med h\u00f6ga fribord som g\u00f6r den enkel att njuta av fantastisk natur som erbjuds till sj\u00f6ss. Mid C har pulpeten monterad i mitten av b\u00e5ten d\u00e4r man sitter i en stol och k\u00f6r b\u00e5ten, modellen har flertalet sittplatser b\u00e5de i aktern, mitten och f\u00f6ren. I pulpeten finns ett stort stuvfack och gott om utrymme f\u00f6r bland annat kylbox\/kylv\u00e4ska. B\u00e5tmodellen kallas \u00e4ven f\u00f6r walkaround d\u00e5 den erbjuder fri g\u00e5ngyta runt hela b\u00e5ten, den \u00e4r drygt fem meter l\u00e5ng och t\u00e5l mycket sj\u00f6. Den \u00e4r helt enkelt en b\u00e5t som \u00e4r v\u00e4l anpassad till bad, fritidsfiske och vattensport d\u00e4r k\u00f6rgl\u00e4djen framkallar h\u00e4rliga k\u00e4nslor p\u00e5 sj\u00f6n. \u00c4lskar du att h\u00e5lla p\u00e5 med vattensport och njuta av naturen \u00e4r Ryds 550 VI Mid C den perfekta b\u00e5ten f\u00f6r dig!<\/p>","protected":false},"excerpt":{"rendered":"<h3 class=\"field-label\">Fakta<\/h3>\n<div class=\"field facts\">\n<div class=\"row\">\n<div class=\"col-xs-3\">\n<div class=\"field facts_type\">L\u00e4ngd:<\/div>\n<\/div>\n<div class=\"col-xs-3\">\n<div class=\"field facts_value\">5,43 m.<\/div>\n<\/div>\n<\/div>\n<\/div>\n<div class=\"field facts\">\n<div class=\"row\">\n<div class=\"col-xs-3\">\n<div class=\"field facts_type\">Bredd:<\/div>\n<\/div>\n<div class=\"col-xs-3\">\n<div class=\"field facts_value\">2,18 m.<\/div>\n<\/div>\n<\/div>\n<\/div>\n<div class=\"field facts\">\n<div class=\"row\">\n<div class=\"col-xs-3\">\n<div class=\"field facts_type\">Vikt:<\/div>\n<\/div>\n<div class=\"col-xs-3\">\n<div class=\"field facts_value\">570 kg.<\/div>\n<\/div>\n<\/div>\n<\/div>\n<div class=\"field facts\">\n<div class=\"row\">\n<div class=\"col-xs-3\">\n<div class=\"field facts_type\">Antal pers:<\/div>\n<\/div>\n<div class=\"col-xs-3\">\n<div class=\"field facts_value\">5 st.<\/div>\n<\/div>\n<\/div>\n<\/div>\n<div class=\"field facts\">\n<div class=\"row\">\n<div class=\"col-xs-3\">\n<div class=\"field facts_type\">Max motor:<\/div>\n<\/div>\n<div class=\"col-xs-3\">\n<div class=\"field facts_value\">100 hk.<\/div>\n<\/div>\n<\/div>\n<\/div>\n<div class=\"field facts\">\n<div class=\"row\">\n<div class=\"col-xs-3\">\n<div class=\"field facts_type\">Tillbeh\u00f6r:<\/div>\n<\/div>\n<div class=\"col-xs-3\">\n<div class=\"field facts_value\">Ladda ner prislistan h\u00e4r p\u00e5 sidan.<\/div>\n<\/div>\n<\/div>\n<\/div>","protected":false},"featured_media":4078,"comment_status":"open","ping_status":"closed","template":"","meta":{"site-sidebar-layout":"default","site-content-layout":"default","ast-global-header-display":"","ast-main-header-display":"","ast-hfb-above-header-display":"","ast-hfb-below-header-display":"","ast-hfb-mobile-header-display":"","site-post-title":"","ast-breadcrumbs-content":"","ast-featured-img":"","footer-sml-layout":"","theme-transparent-header-meta":"default","adv-header-id-meta":"","stick-header-meta":"","header-above-stick-meta":"","header-main-stick-meta":"","header-below-stick-meta":""},"product_cat":[24,51],"product_tag":[52],"class_list":["post-3459","product","type-product","status-publish","has-post-thumbnail","hentry","product_cat-ryds","product_cat-styrpulpet-st","product_tag-styrpulpet-st"],"_links":{"self":[{"href":"https:\/\/lerkilsbatvarv.se\/en\/wp-json\/wp\/v2\/product\/3459","targetHints":{"allow":["GET"]}}],"collection":[{"href":"https:\/\/lerkilsbatvarv.se\/en\/wp-json\/wp\/v2\/product"}],"about":[{"href":"https:\/\/lerkilsbatvarv.se\/en\/wp-json\/wp\/v2\/types\/product"}],"replies":[{"embeddable":true,"href":"https:\/\/lerkilsbatvarv.se\/en\/wp-json\/wp\/v2\/comments?post=3459"}],"version-history":[{"count":3,"href":"https:\/\/lerkilsbatvarv.se\/en\/wp-json\/wp\/v2\/product\/3459\/revisions"}],"predecessor-version":[{"id":5618,"href":"https:\/\/lerkilsbatvarv.se\/en\/wp-json\/wp\/v2\/product\/3459\/revisions\/5618"}],"wp:featuredmedia":[{"embeddable":true,"href":"https:\/\/lerkilsbatvarv.se\/en\/wp-json\/wp\/v2\/media\/4078"}],"wp:attachment":[{"href":"https:\/\/lerkilsbatvarv.se\/en\/wp-json\/wp\/v2\/media?parent=3459"}],"wp:term":[{"taxonomy":"product_cat","embeddable":true,"href":"https:\/\/lerkilsbatvarv.se\/en\/wp-json\/wp\/v2\/product_cat?post=3459"},{"taxonomy":"product_tag","embeddable":true,"href":"https:\/\/lerkilsbatvarv.se\/en\/wp-json\/wp\/v2\/product_tag?post=3459"}],"curies":[{"name":"wp","href":"https:\/\/api.w.org\/{rel}","templated":true}]}}