{"id":3467,"date":"2021-02-26T13:55:42","date_gmt":"2021-02-26T13:55:42","guid":{"rendered":"https:\/\/lerkilsbatvarv.se\/?post_type=product&#038;p=3467"},"modified":"2021-03-12T11:29:29","modified_gmt":"2021-03-12T11:29:29","slug":"ryds-484-vi","status":"publish","type":"product","link":"https:\/\/lerkilsbatvarv.se\/en\/product\/ryds-484-vi\/","title":{"rendered":"Ryds 484 VI"},"content":{"rendered":"<h2>Ryds 484 VI<\/h2>\n<p>Ryds 484 VI \u00e4r v\u00e5r nya instegsmodell i kategorin\u00a0<a href=\"https:\/\/ryds.se\/Styrpulpet\">styrpulpetb\u00e5t<\/a>, en modell som \u00e4r mycket prisv\u00e4rd med mycket k\u00f6rgl\u00e4dje och flera praktiska utrymmen. Denna b\u00e5tmodell passar alla som gillar fiske, vattensport, familjeutflykter, bad eller att bara njuta av att vara ute i naturen. Den \u00e4r l\u00e4ttdriven och har gener\u00f6sa utrymmen. Det \u00e4r en praktisk b\u00e5t med h\u00f6ga fribord och stora stuvfack b\u00e5de i aktern och f\u00f6ren. Denna b\u00e5t bidrar till en h\u00e4rlig k\u00f6rgl\u00e4dje vid cruising och vattensport!<\/p>","protected":false},"excerpt":{"rendered":"<h3 class=\"field-label\">Fakta<\/h3>\n<div class=\"field facts\">\n<div class=\"row\">\n<div class=\"col-xs-3\">\n<div class=\"field facts_type\">L\u00e4ngd:<\/div>\n<\/div>\n<div class=\"col-xs-3\">\n<div class=\"field facts_value\">4,88 m.<\/div>\n<\/div>\n<\/div>\n<\/div>\n<div class=\"field facts\">\n<div class=\"row\">\n<div class=\"col-xs-3\">\n<div class=\"field facts_type\">Bredd:<\/div>\n<\/div>\n<div class=\"col-xs-3\">\n<div class=\"field facts_value\">1,92 m.<\/div>\n<\/div>\n<\/div>\n<\/div>\n<div class=\"field facts\">\n<div class=\"row\">\n<div class=\"col-xs-3\">\n<div class=\"field facts_type\">Vikt:<\/div>\n<\/div>\n<div class=\"col-xs-3\">\n<div class=\"field facts_value\">352 kg.<\/div>\n<\/div>\n<\/div>\n<\/div>\n<div class=\"field facts\">\n<div class=\"row\">\n<div class=\"col-xs-3\">\n<div class=\"field facts_type\">Antal pers:<\/div>\n<\/div>\n<div class=\"col-xs-3\">\n<div class=\"field facts_value\">5 st.<\/div>\n<\/div>\n<\/div>\n<\/div>\n<div class=\"field facts\">\n<div class=\"row\">\n<div class=\"col-xs-3\">\n<div class=\"field facts_type\">Max motor:<\/div>\n<\/div>\n<div class=\"col-xs-3\">\n<div class=\"field facts_value\">60 hk.<\/div>\n<\/div>\n<\/div>\n<\/div>","protected":false},"featured_media":4074,"comment_status":"open","ping_status":"closed","template":"","meta":{"site-sidebar-layout":"default","site-content-layout":"default","ast-global-header-display":"","ast-main-header-display":"","ast-hfb-above-header-display":"","ast-hfb-below-header-display":"","ast-hfb-mobile-header-display":"","site-post-title":"","ast-breadcrumbs-content":"","ast-featured-img":"","footer-sml-layout":"","theme-transparent-header-meta":"default","adv-header-id-meta":"","stick-header-meta":"","header-above-stick-meta":"","header-main-stick-meta":"","header-below-stick-meta":""},"product_cat":[24,51],"product_tag":[52],"class_list":["post-3467","product","type-product","status-publish","has-post-thumbnail","hentry","product_cat-ryds","product_cat-styrpulpet-st","product_tag-styrpulpet-st"],"_links":{"self":[{"href":"https:\/\/lerkilsbatvarv.se\/en\/wp-json\/wp\/v2\/product\/3467","targetHints":{"allow":["GET"]}}],"collection":[{"href":"https:\/\/lerkilsbatvarv.se\/en\/wp-json\/wp\/v2\/product"}],"about":[{"href":"https:\/\/lerkilsbatvarv.se\/en\/wp-json\/wp\/v2\/types\/product"}],"replies":[{"embeddable":true,"href":"https:\/\/lerkilsbatvarv.se\/en\/wp-json\/wp\/v2\/comments?post=3467"}],"version-history":[{"count":3,"href":"https:\/\/lerkilsbatvarv.se\/en\/wp-json\/wp\/v2\/product\/3467\/revisions"}],"predecessor-version":[{"id":5603,"href":"https:\/\/lerkilsbatvarv.se\/en\/wp-json\/wp\/v2\/product\/3467\/revisions\/5603"}],"wp:featuredmedia":[{"embeddable":true,"href":"https:\/\/lerkilsbatvarv.se\/en\/wp-json\/wp\/v2\/media\/4074"}],"wp:attachment":[{"href":"https:\/\/lerkilsbatvarv.se\/en\/wp-json\/wp\/v2\/media?parent=3467"}],"wp:term":[{"taxonomy":"product_cat","embeddable":true,"href":"https:\/\/lerkilsbatvarv.se\/en\/wp-json\/wp\/v2\/product_cat?post=3467"},{"taxonomy":"product_tag","embeddable":true,"href":"https:\/\/lerkilsbatvarv.se\/en\/wp-json\/wp\/v2\/product_tag?post=3467"}],"curies":[{"name":"wp","href":"https:\/\/api.w.org\/{rel}","templated":true}]}}