{"id":3469,"date":"2021-02-26T13:56:46","date_gmt":"2021-02-26T13:56:46","guid":{"rendered":"https:\/\/lerkilsbatvarv.se\/?post_type=product&#038;p=3469"},"modified":"2021-03-12T11:36:08","modified_gmt":"2021-03-12T11:36:08","slug":"ryds-538-bf","status":"publish","type":"product","link":"https:\/\/lerkilsbatvarv.se\/en\/product\/ryds-538-bf\/","title":{"rendered":"Ryds 538 BF"},"content":{"rendered":"<h2>Ryds 538 BF<\/h2>\n<p>Ryds 538 BF \u00e4r den senaste b\u00e5ten i serien Ryds\u00a0<a href=\"https:\/\/ryds.se\/fiskebat\">Big Fish<\/a>. Det har blivit en succ\u00e9 som dels beror p\u00e5 att den \u00e4r prisv\u00e4rd, enkel och praktisk. F\u00f6rberedd f\u00f6r att montera ett smidigt kastd\u00e4ck samt tv\u00e5 stolar i f\u00f6ren f\u00f6r bekv\u00e4mt fiske. 538 BF \u00e4r en ny\u00a0<a href=\"https:\/\/ryds.se\/fiskebat\">sportfiskeb\u00e5t<\/a>\u00a0fr\u00e5n Ryds med\u00a0h\u00f6ga fribord och pulpeten placerad i mitten.<\/p>","protected":false},"excerpt":{"rendered":"<h3 class=\"field-label\">Fakta<\/h3>\n<div class=\"field facts\">\n<div class=\"row\">\n<div class=\"col-xs-3\">\n<div class=\"field facts_type\">L\u00e4ngd:<\/div>\n<\/div>\n<div class=\"col-xs-3\">\n<div class=\"field facts_value\">5,35 m.<\/div>\n<\/div>\n<\/div>\n<\/div>\n<div class=\"field facts\">\n<div class=\"row\">\n<div class=\"col-xs-3\">\n<div class=\"field facts_type\">Bredd:<\/div>\n<\/div>\n<div class=\"col-xs-3\">\n<div class=\"field facts_value\">2,15 m<\/div>\n<\/div>\n<\/div>\n<\/div>\n<div class=\"field facts\">\n<div class=\"row\">\n<div class=\"col-xs-3\">\n<div class=\"field facts_type\">Vikt:<\/div>\n<\/div>\n<div class=\"col-xs-3\">\n<div class=\"field facts_value\">550 kg.<\/div>\n<\/div>\n<\/div>\n<\/div>","protected":false},"featured_media":5596,"comment_status":"open","ping_status":"closed","template":"","meta":{"site-sidebar-layout":"default","site-content-layout":"default","ast-global-header-display":"","ast-main-header-display":"","ast-hfb-above-header-display":"","ast-hfb-below-header-display":"","ast-hfb-mobile-header-display":"","site-post-title":"","ast-breadcrumbs-content":"","ast-featured-img":"","footer-sml-layout":"","theme-transparent-header-meta":"default","adv-header-id-meta":"","stick-header-meta":"","header-above-stick-meta":"","header-main-stick-meta":"","header-below-stick-meta":""},"product_cat":[24],"product_tag":[35],"class_list":["post-3469","product","type-product","status-publish","has-post-thumbnail","hentry","product_cat-ryds","product_tag-nya-batar"],"_links":{"self":[{"href":"https:\/\/lerkilsbatvarv.se\/en\/wp-json\/wp\/v2\/product\/3469","targetHints":{"allow":["GET"]}}],"collection":[{"href":"https:\/\/lerkilsbatvarv.se\/en\/wp-json\/wp\/v2\/product"}],"about":[{"href":"https:\/\/lerkilsbatvarv.se\/en\/wp-json\/wp\/v2\/types\/product"}],"replies":[{"embeddable":true,"href":"https:\/\/lerkilsbatvarv.se\/en\/wp-json\/wp\/v2\/comments?post=3469"}],"version-history":[{"count":3,"href":"https:\/\/lerkilsbatvarv.se\/en\/wp-json\/wp\/v2\/product\/3469\/revisions"}],"predecessor-version":[{"id":5598,"href":"https:\/\/lerkilsbatvarv.se\/en\/wp-json\/wp\/v2\/product\/3469\/revisions\/5598"}],"wp:featuredmedia":[{"embeddable":true,"href":"https:\/\/lerkilsbatvarv.se\/en\/wp-json\/wp\/v2\/media\/5596"}],"wp:attachment":[{"href":"https:\/\/lerkilsbatvarv.se\/en\/wp-json\/wp\/v2\/media?parent=3469"}],"wp:term":[{"taxonomy":"product_cat","embeddable":true,"href":"https:\/\/lerkilsbatvarv.se\/en\/wp-json\/wp\/v2\/product_cat?post=3469"},{"taxonomy":"product_tag","embeddable":true,"href":"https:\/\/lerkilsbatvarv.se\/en\/wp-json\/wp\/v2\/product_tag?post=3469"}],"curies":[{"name":"wp","href":"https:\/\/api.w.org\/{rel}","templated":true}]}}