{"id":3610,"date":"2021-02-26T20:15:08","date_gmt":"2021-02-26T20:15:08","guid":{"rendered":"https:\/\/lerkilsbatvarv.se\/?post_type=product&#038;p=3610"},"modified":"2021-02-27T09:13:38","modified_gmt":"2021-02-27T09:13:38","slug":"mercury-f-20","status":"publish","type":"product","link":"https:\/\/lerkilsbatvarv.se\/en\/product\/mercury-f-20\/","title":{"rendered":"Mercury F 20"},"content":{"rendered":"<h2>Mercury F 20<\/h2>\n<div class=\"row\">\n<div class=\"col-xs-4\">\n<div class=\"field body\">\n<p>Specifikationer &#8211; 20 hk<\/p>\n<p>Hk\/kW &#8211; 20 \/ 14.7<br \/>\nMotortyp &#8211; Rak 2-cylindrig<br \/>\nSlagvolym (kubiktum\/kubikcentimeter) &#8211; 20.3 \/ 333<br \/>\nVarvtal vid full gas &#8211; 5700 &#8211; 6200<br \/>\nBr\u00e4nsleinduktionssystem &#8211; Single Overhead Cam<br \/>\nV\u00e4xelstr\u00f6msgenerator ampere\/Watt &#8211; 12\/145 electric<br \/>\nRekommenderat br\u00e4nsle &#8211; 87 % oktan\/upp till 10 % etanol<br \/>\nRekommenderad olja &#8211; 25W-40 Synthetic Blend, Mercury FC-W 10W-30 4-Stroke Marine Oil<br \/>\nVarningssystem f\u00f6r motorskydd &#8211; L\u00e5gt oljetryck, Sensorfel, \u00d6verhettning, \u00d6vervarv<br \/>\nStartar &#8211; Elstart, Manuell<br \/>\nStyrning &#8211; Fj\u00e4rr, Rorkult<br \/>\nAxell\u00e4ngd &#8211; 381 mm, 508 mm<br \/>\nUtv\u00e4xlingsf\u00f6rh\u00e5llande &#8211; 2.15:1<br \/>\nTorrvikt *L\u00e4ttaste modellen p\u00e5 marknaden &#8211; 99 lbs \/ 45 kg<br \/>\nCARB-stj\u00e4rnbetyg &#8211; 3<br \/>\nCylinderdiameter och slagl\u00e4ngd &#8211; 2.40 x 2.24&#8243; \/ 61 x 57 mm<br \/>\nT\u00e4ndning &#8211; CDI med elektronisk t\u00e4ndf\u00f6rst\u00e4llning<br \/>\nBr\u00e4nslesystem &#8211; EFI (Electronic Fuel Injection = elektrisk br\u00e4nsleinsprutning)<br \/>\nKylsystem &#8211; Vattenkyld med termostat<br \/>\nV\u00e4xelspak &#8211; F-N-R<br \/>\nVal av v\u00e4xelhus &#8211; Standard<br \/>\nTrimvinkelsystem &#8211; Manuell, \u201dPower Tilt\u201d<br \/>\nTrimpositioner &#8211; 6<br \/>\nAvgassystem &#8211; Genom propeller<br \/>\nGrunnk\u00f6rning &#8211; Ja<br \/>\nTrimvinkell\u00e4geni grunt vatten (grader) &#8211; 16<br \/>\nSeparat br\u00e4nsletank, standard (gal\/l) &#8211; 6.6 \/ 25<\/p>\n<\/div>\n<\/div>\n<\/div>","protected":false},"excerpt":{"rendered":"<h3 class=\"field-label\">Fakta<\/h3>\n<div class=\"field facts\">\n<div class=\"row\">\n<div class=\"col-xs-3\">\n<div class=\"field facts_type\">Hk<\/div>\n<\/div>\n<div class=\"col-xs-3\">\n<div class=\"field facts_value\">20 Hk.<\/div>\n<\/div>\n<\/div>\n<\/div>\n<div class=\"field facts\">\n<div class=\"row\">\n<div class=\"col-xs-3\">\n<div class=\"field facts_type\">Start<\/div>\n<\/div>\n<div class=\"col-xs-3\">\n<div class=\"field facts_value\">Man\/El<\/div>\n<\/div>\n<\/div>\n<\/div>\n<div class=\"field facts\">\n<div class=\"row\">\n<div class=\"col-xs-3\">\n<div class=\"field facts_type\">Vikt<\/div>\n<\/div>\n<div class=\"col-xs-3\">\n<div class=\"field facts_value\">45 Kg.<\/div>\n<\/div>\n<\/div>\n<\/div>\n<div class=\"field facts\">\n<div class=\"row\">\n<div class=\"col-xs-3\">\n<div class=\"field facts_type\">Motortyp<\/div>\n<\/div>\n<div class=\"col-xs-3\">\n<div class=\"field facts_value\">4-takt<\/div>\n<\/div>\n<\/div>\n<\/div>","protected":false},"featured_media":3524,"comment_status":"open","ping_status":"closed","template":"","meta":{"site-sidebar-layout":"default","site-content-layout":"default","ast-global-header-display":"","ast-main-header-display":"","ast-hfb-above-header-display":"","ast-hfb-below-header-display":"","ast-hfb-mobile-header-display":"","site-post-title":"","ast-breadcrumbs-content":"","ast-featured-img":"","footer-sml-layout":"","theme-transparent-header-meta":"default","adv-header-id-meta":"","stick-header-meta":"","header-above-stick-meta":"","header-main-stick-meta":"","header-below-stick-meta":""},"product_cat":[72,38],"product_tag":[71,39],"class_list":["post-3610","product","type-product","status-publish","has-post-thumbnail","hentry","product_cat-2hp","product_cat-mercury","product_tag-2hp","product_tag-nya-motorer"],"_links":{"self":[{"href":"https:\/\/lerkilsbatvarv.se\/en\/wp-json\/wp\/v2\/product\/3610","targetHints":{"allow":["GET"]}}],"collection":[{"href":"https:\/\/lerkilsbatvarv.se\/en\/wp-json\/wp\/v2\/product"}],"about":[{"href":"https:\/\/lerkilsbatvarv.se\/en\/wp-json\/wp\/v2\/types\/product"}],"replies":[{"embeddable":true,"href":"https:\/\/lerkilsbatvarv.se\/en\/wp-json\/wp\/v2\/comments?post=3610"}],"version-history":[{"count":2,"href":"https:\/\/lerkilsbatvarv.se\/en\/wp-json\/wp\/v2\/product\/3610\/revisions"}],"predecessor-version":[{"id":3689,"href":"https:\/\/lerkilsbatvarv.se\/en\/wp-json\/wp\/v2\/product\/3610\/revisions\/3689"}],"wp:featuredmedia":[{"embeddable":true,"href":"https:\/\/lerkilsbatvarv.se\/en\/wp-json\/wp\/v2\/media\/3524"}],"wp:attachment":[{"href":"https:\/\/lerkilsbatvarv.se\/en\/wp-json\/wp\/v2\/media?parent=3610"}],"wp:term":[{"taxonomy":"product_cat","embeddable":true,"href":"https:\/\/lerkilsbatvarv.se\/en\/wp-json\/wp\/v2\/product_cat?post=3610"},{"taxonomy":"product_tag","embeddable":true,"href":"https:\/\/lerkilsbatvarv.se\/en\/wp-json\/wp\/v2\/product_tag?post=3610"}],"curies":[{"name":"wp","href":"https:\/\/api.w.org\/{rel}","templated":true}]}}