{"id":3620,"date":"2021-02-26T20:16:54","date_gmt":"2021-02-26T20:16:54","guid":{"rendered":"https:\/\/lerkilsbatvarv.se\/?post_type=product&#038;p=3620"},"modified":"2021-02-27T09:12:37","modified_gmt":"2021-02-27T09:12:37","slug":"mercury-f-50-efi-ct","status":"publish","type":"product","link":"https:\/\/lerkilsbatvarv.se\/en\/product\/mercury-f-50-efi-ct\/","title":{"rendered":"Mercury F 50 EFI \/ CT"},"content":{"rendered":"<h2>Mercury F 50 EFI \/ CT<\/h2>\n<div class=\"row\">\n<div class=\"col-xs-4\">\n<div class=\"field body\">\n<p>Specifikationer &#8211; 50 hk EFI<\/p>\n<p>Hk\/kW &#8211; 50 \/ 37<br \/>\nMotortyp &#8211; Rak 4-cylindrig<br \/>\nSlagvolym (kubiktum\/kubikcentimeter) &#8211; 60.8 \/ 995<br \/>\nVarvtal vid full gas &#8211; 5500-6000<br \/>\nBr\u00e4nsleinduktionssystem &#8211; 2 ventiler per cylinder, enkel \u00f6verliggande kamaxel (SOHC)<br \/>\nV\u00e4xelstr\u00f6msgenerator ampere\/Watt &#8211; 18 ampere\/226 watt<br \/>\nRekommenderat br\u00e4nsle &#8211; Blyfri 90 RON minimum<br \/>\nRekommenderad olja &#8211; Mercury FourStroke-olja 25W40<br \/>\nVarningssystem f\u00f6r motorskydd &#8211; -SmartCraft motorskydd<br \/>\nKompatibel med SmartCraft digital teknologi &#8211; Ja<br \/>\nStartar &#8211; Elektrisk (Turn-Key)<br \/>\nStyrning &#8211; Fj\u00e4rr, Kompatibel med stor rorkult, Rorkultspaket<br \/>\nAxell\u00e4ngd &#8211; 508 mm<br \/>\nUtv\u00e4xlingsf\u00f6rh\u00e5llande &#8211; 1.83:1 or 2.33:1 (CT model)<br \/>\nTorrvikt *L\u00e4ttaste modellen p\u00e5 marknaden &#8211; 112 kg<br \/>\nCARB-stj\u00e4rnbetyg &#8211; 3<br \/>\nCylinderdiameter och slagl\u00e4ngd &#8211; 2.56 x 2.95&#8243; \/ 65 x 75 mm<br \/>\nT\u00e4ndning &#8211; ECM 07 Digital Inductive (CT model) &#8211; ECM 70<br \/>\nBr\u00e4nslesystem &#8211; EFI (Electronic Fuel Injection = elektrisk br\u00e4nsleinsprutning)<br \/>\nKylsystem &#8211; Vattenkyld med termostat<br \/>\nV\u00e4xelspak &#8211; F-N-R<br \/>\nVal av v\u00e4xelhus &#8211; BigFoot, Standard<br \/>\nTrimvinkelsystem &#8211; Power trim<br \/>\nAvgassystem &#8211; Genom propeller<br \/>\nTrimvinkell\u00e4geni grunt vatten (grader) &#8211; 20<br \/>\nSeparat br\u00e4nsletank (valfri) &#8211; Ja<br \/>\nF\u00e4rg &#8211; Phantom Black<br \/>\nSm\u00f6rjningssystem &#8211; V\u00e5t beh\u00e5llare<\/p>\n<\/div>\n<\/div>\n<\/div>","protected":false},"excerpt":{"rendered":"<h3 class=\"field-label\">Fakta<\/h3>\n<div class=\"field facts\">\n<div class=\"row\">\n<div class=\"col-xs-3\">\n<div class=\"field facts_type\">Hk<\/div>\n<\/div>\n<div class=\"col-xs-3\">\n<div class=\"field facts_value\">50 Hk.<\/div>\n<\/div>\n<\/div>\n<\/div>\n<div class=\"field facts\">\n<div class=\"row\">\n<div class=\"col-xs-3\">\n<div class=\"field facts_type\">Start<\/div>\n<\/div>\n<div class=\"col-xs-3\">\n<div class=\"field facts_value\">El<\/div>\n<\/div>\n<\/div>\n<\/div>\n<div class=\"field facts\">\n<div class=\"row\">\n<div class=\"col-xs-3\">\n<div class=\"field facts_type\">Vikt<\/div>\n<\/div>\n<div class=\"col-xs-3\">\n<div class=\"field facts_value\">112 Kg.<\/div>\n<\/div>\n<\/div>\n<\/div>\n<div class=\"field facts\">\n<div class=\"row\">\n<div class=\"col-xs-3\">\n<div class=\"field facts_type\">Motortyp<\/div>\n<\/div>\n<div class=\"col-xs-3\">\n<div class=\"field facts_value\">EFI 4-takt<\/div>\n<\/div>\n<\/div>\n<\/div>","protected":false},"featured_media":3513,"comment_status":"open","ping_status":"closed","template":"","meta":{"site-sidebar-layout":"default","site-content-layout":"default","ast-global-header-display":"","ast-main-header-display":"","ast-hfb-above-header-display":"","ast-hfb-below-header-display":"","ast-hfb-mobile-header-display":"","site-post-title":"","ast-breadcrumbs-content":"","ast-featured-img":"","footer-sml-layout":"","theme-transparent-header-meta":"default","adv-header-id-meta":"","stick-header-meta":"","header-above-stick-meta":"","header-main-stick-meta":"","header-below-stick-meta":""},"product_cat":[65,38],"product_tag":[66,39],"class_list":["post-3620","product","type-product","status-publish","has-post-thumbnail","hentry","product_cat-50hp","product_cat-mercury","product_tag-50hp","product_tag-nya-motorer"],"_links":{"self":[{"href":"https:\/\/lerkilsbatvarv.se\/en\/wp-json\/wp\/v2\/product\/3620","targetHints":{"allow":["GET"]}}],"collection":[{"href":"https:\/\/lerkilsbatvarv.se\/en\/wp-json\/wp\/v2\/product"}],"about":[{"href":"https:\/\/lerkilsbatvarv.se\/en\/wp-json\/wp\/v2\/types\/product"}],"replies":[{"embeddable":true,"href":"https:\/\/lerkilsbatvarv.se\/en\/wp-json\/wp\/v2\/comments?post=3620"}],"version-history":[{"count":2,"href":"https:\/\/lerkilsbatvarv.se\/en\/wp-json\/wp\/v2\/product\/3620\/revisions"}],"predecessor-version":[{"id":3684,"href":"https:\/\/lerkilsbatvarv.se\/en\/wp-json\/wp\/v2\/product\/3620\/revisions\/3684"}],"wp:featuredmedia":[{"embeddable":true,"href":"https:\/\/lerkilsbatvarv.se\/en\/wp-json\/wp\/v2\/media\/3513"}],"wp:attachment":[{"href":"https:\/\/lerkilsbatvarv.se\/en\/wp-json\/wp\/v2\/media?parent=3620"}],"wp:term":[{"taxonomy":"product_cat","embeddable":true,"href":"https:\/\/lerkilsbatvarv.se\/en\/wp-json\/wp\/v2\/product_cat?post=3620"},{"taxonomy":"product_tag","embeddable":true,"href":"https:\/\/lerkilsbatvarv.se\/en\/wp-json\/wp\/v2\/product_tag?post=3620"}],"curies":[{"name":"wp","href":"https:\/\/api.w.org\/{rel}","templated":true}]}}