{"id":3624,"date":"2021-02-26T20:17:35","date_gmt":"2021-02-26T20:17:35","guid":{"rendered":"https:\/\/lerkilsbatvarv.se\/?post_type=product&#038;p=3624"},"modified":"2021-02-27T09:12:08","modified_gmt":"2021-02-27T09:12:08","slug":"mercury-f-80-efi","status":"publish","type":"product","link":"https:\/\/lerkilsbatvarv.se\/en\/product\/mercury-f-80-efi\/","title":{"rendered":"Mercury F 80 EFI"},"content":{"rendered":"<h2>Mercury F 80 EFI<\/h2>\n<div class=\"row\">\n<div class=\"col-xs-4\">\n<div class=\"field body\">\n<p>Specifikationer &#8211; 80 hk<\/p>\n<p>Hk\/kW &#8211; 80 \/ 59.2<br \/>\nMotortyp &#8211; Enkel \u00f6verliggande kamaxel (SOHC) med 8 ventiler, Rak 4-cylindrig<br \/>\nSlagvolym (l) &#8211; 2.1<br \/>\nVarvtal vid full gas &#8211; 4500-5500<br \/>\nLuftinsug &#8211; Prestandatrimmat spiralinsugningsgrenr\u00f6r<br \/>\nBr\u00e4nsleinduktionssystem &#8211; Datorstyrd elektronisk br\u00e4nsleinsprutning (EFI) med multiportfunktion<br \/>\nV\u00e4xelstr\u00f6msgenerator ampere\/Watt &#8211; 35 ampere\/441 watt med vattenkyld sp\u00e4nningsregulator<br \/>\nRekommenderat br\u00e4nsle &#8211; Blyfri 90 RON minimum<br \/>\nRekommenderad olja &#8211; Mercury FourStroke-olja 10W-30<br \/>\nVarningssystem f\u00f6r motorskydd &#8211; SmartCraft motorskydd<br \/>\nKompatibel med SmartCraft digital teknologi &#8211; Ja<br \/>\nStartar &#8211; Elektrisk Smart Start<br \/>\nKontroller &#8211; Mekanisk gas &amp;amp; v\u00e4xel<br \/>\nStyrning &#8211; Hydraulisk servostyrning, Kompatibel med stor rorkult, Mekanisk utformning med dubbla kablar<br \/>\nAxell\u00e4ngd &#8211; 508 mm<br \/>\nUtv\u00e4xlingsf\u00f6rh\u00e5llande &#8211; 2.07:1<br \/>\nTorrvikt *L\u00e4ttaste modellen p\u00e5 marknaden &#8211; 163 kg<br \/>\nCARB-stj\u00e4rnbetyg &#8211; 3<br \/>\nCylinderdiameter och slagl\u00e4ngd &#8211; 3.5 x 3.2&#8243; \/ 90 x 81 mm<br \/>\nT\u00e4ndning &#8211; SmartCraft ECM 70 digitalt induktiv<br \/>\nBr\u00e4nslesystem &#8211; EFI (Electronic Fuel Injection = elektrisk br\u00e4nsleinsprutning)<br \/>\nKylsystem &#8211; Vattenkyld med termostat<br \/>\nV\u00e4xelspak &#8211; F-N-R<br \/>\nVal av v\u00e4xelhus &#8211; Standard<br \/>\nTrimvinkelsystem &#8211; Power trim, \u201dPower Tilt\u201d<br \/>\nAvgassystem &#8211; Genom propeller<br \/>\nTrimvinkell\u00e4geni grunt vatten (grader) &#8211; 20<br \/>\nF\u00e4rg &#8211; Phantom Black<br \/>\nSm\u00f6rjningssystem &#8211; V\u00e5t beh\u00e5llare<br \/>\nOljekapacitet &#8211; 5.5 qts \/ 5.2 l<br \/>\nMaximalt trimvinkelomf\u00e5ng &#8211; 22\u00b0 (-6\u00b0 till 16\u00b0)<br \/>\nMaximal lutning &#8211; 70\u00b0 (-6\u00b0 till 64\u00b0)<\/p>\n<\/div>\n<\/div>\n<\/div>","protected":false},"excerpt":{"rendered":"<h3 class=\"field-label\">Fakta<\/h3>\n<div class=\"field facts\">\n<div class=\"row\">\n<div class=\"col-xs-3\">\n<div class=\"field facts_type\">Hk<\/div>\n<\/div>\n<div class=\"col-xs-3\">\n<div class=\"field facts_value\">80 Hk.<\/div>\n<\/div>\n<\/div>\n<\/div>\n<div class=\"field facts\">\n<div class=\"row\">\n<div class=\"col-xs-3\">\n<div class=\"field facts_type\">Start<\/div>\n<\/div>\n<div class=\"col-xs-3\">\n<div class=\"field facts_value\">El<\/div>\n<\/div>\n<\/div>\n<\/div>\n<div class=\"field facts\">\n<div class=\"row\">\n<div class=\"col-xs-3\">\n<div class=\"field facts_type\">Vikt<\/div>\n<\/div>\n<div class=\"col-xs-3\">\n<div class=\"field facts_value\">163 Kg.<\/div>\n<\/div>\n<\/div>\n<\/div>\n<div class=\"field facts\">\n<div class=\"row\">\n<div class=\"col-xs-3\">\n<div class=\"field facts_type\">Motortyp<\/div>\n<\/div>\n<div class=\"col-xs-3\">\n<div class=\"field facts_value\">EFI 4-takt<\/div>\n<\/div>\n<\/div>\n<\/div>","protected":false},"featured_media":3540,"comment_status":"open","ping_status":"closed","template":"","meta":{"site-sidebar-layout":"default","site-content-layout":"default","ast-global-header-display":"","ast-main-header-display":"","ast-hfb-above-header-display":"","ast-hfb-below-header-display":"","ast-hfb-mobile-header-display":"","site-post-title":"","ast-breadcrumbs-content":"","ast-featured-img":"","footer-sml-layout":"","theme-transparent-header-meta":"default","adv-header-id-meta":"","stick-header-meta":"","header-above-stick-meta":"","header-main-stick-meta":"","header-below-stick-meta":""},"product_cat":[65,38],"product_tag":[66,39],"class_list":["post-3624","product","type-product","status-publish","has-post-thumbnail","hentry","product_cat-50hp","product_cat-mercury","product_tag-50hp","product_tag-nya-motorer"],"_links":{"self":[{"href":"https:\/\/lerkilsbatvarv.se\/en\/wp-json\/wp\/v2\/product\/3624","targetHints":{"allow":["GET"]}}],"collection":[{"href":"https:\/\/lerkilsbatvarv.se\/en\/wp-json\/wp\/v2\/product"}],"about":[{"href":"https:\/\/lerkilsbatvarv.se\/en\/wp-json\/wp\/v2\/types\/product"}],"replies":[{"embeddable":true,"href":"https:\/\/lerkilsbatvarv.se\/en\/wp-json\/wp\/v2\/comments?post=3624"}],"version-history":[{"count":2,"href":"https:\/\/lerkilsbatvarv.se\/en\/wp-json\/wp\/v2\/product\/3624\/revisions"}],"predecessor-version":[{"id":3682,"href":"https:\/\/lerkilsbatvarv.se\/en\/wp-json\/wp\/v2\/product\/3624\/revisions\/3682"}],"wp:featuredmedia":[{"embeddable":true,"href":"https:\/\/lerkilsbatvarv.se\/en\/wp-json\/wp\/v2\/media\/3540"}],"wp:attachment":[{"href":"https:\/\/lerkilsbatvarv.se\/en\/wp-json\/wp\/v2\/media?parent=3624"}],"wp:term":[{"taxonomy":"product_cat","embeddable":true,"href":"https:\/\/lerkilsbatvarv.se\/en\/wp-json\/wp\/v2\/product_cat?post=3624"},{"taxonomy":"product_tag","embeddable":true,"href":"https:\/\/lerkilsbatvarv.se\/en\/wp-json\/wp\/v2\/product_tag?post=3624"}],"curies":[{"name":"wp","href":"https:\/\/api.w.org\/{rel}","templated":true}]}}