{"id":3636,"date":"2021-02-26T20:19:31","date_gmt":"2021-02-26T20:19:31","guid":{"rendered":"https:\/\/lerkilsbatvarv.se\/?post_type=product&#038;p=3636"},"modified":"2021-02-27T09:10:52","modified_gmt":"2021-02-27T09:10:52","slug":"mercury-f-175-l-xl-dts","status":"publish","type":"product","link":"https:\/\/lerkilsbatvarv.se\/en\/product\/mercury-f-175-l-xl-dts\/","title":{"rendered":"Mercury F 175 L \/ XL DTS"},"content":{"rendered":"<h2>Mercury F 175 L \/ XL DTS<\/h2>\n<div class=\"row\">\n<div class=\"col-xs-4\">\n<div class=\"field body\">\n<p>Specifikationer &#8211; 150<\/p>\n<p>Hk\/kW &#8211; 150 \/ 110<br \/>\nMotortyp &#8211; Enkel \u00f6verliggande kamaxel (SOHC) med 8 ventiler, Rak 4-cylindrig<br \/>\nSlagvolym (kubiktum\/kubikcentimeter) &#8211; 183<br \/>\nSlagvolym (l) -3.0<br \/>\nVarvtal vid full gas &#8211; 5200-6000<br \/>\nLuftinsug &#8211; Prestandatrimmat spiralinsugningsgrenr\u00f6r<br \/>\nBr\u00e4nsleinduktionssystem &#8211; Datorstyrd elektronisk br\u00e4nsleinsprutning (EFI) med multiportfunktion<br \/>\nRekommenderat br\u00e4nsle &#8211; Minst blyfri 87-oktanig bensin (R+M\/2) eller max. 90 RON 10 % etanol<br \/>\nRekommenderad olja &#8211; NMMA Certified FCW SAE 10W-30<br \/>\nVarningssystem f\u00f6r motorskydd &#8211; SmartCraft motorskydd<br \/>\nKompatibel med SmartCraft digital teknologi &#8211; Ja<br \/>\nStartar &#8211; Elektrisk (Turn-Key)<br \/>\nKontroller &#8211; Mekanisk gas &amp;amp; v\u00e4xel<br \/>\nStyrning &#8211; Hydraulisk servostyrning, Mekanisk utformning med dubbla kablar<br \/>\nAxell\u00e4ngd &#8211; 508 mm, 635 mm<br \/>\nUtv\u00e4xlingsf\u00f6rh\u00e5llande &#8211; 2.08:1<br \/>\nTorrvikt *L\u00e4ttaste modellen p\u00e5 marknaden &#8211; 456\/207<br \/>\nCARB-stj\u00e4rnbetyg &#8211; 3<br \/>\nCylinderdiameter och slagl\u00e4ngd &#8211; 4.0&#8243; x 3.6&#8243; \/ 102mm x 92mm<br \/>\nT\u00e4ndning &#8211; SmartCraft ECM 07 Digital Inductive<br \/>\nKylsystem &#8211; Vattenkyld med termostat<br \/>\nV\u00e4xelspak &#8211; F-N-R<br \/>\nTrimvinkelsystem -Power trim, \u201dPower Tilt\u201d<br \/>\nAvgassystem &#8211; Genom propeller<br \/>\nOljekapacitet &#8211; 6.3 qts \/ 6.0L<\/p>\n<\/div>\n<\/div>\n<\/div>","protected":false},"excerpt":{"rendered":"<h3 class=\"field-label\">Fakta<\/h3>\n<div class=\"field facts\">\n<div class=\"row\">\n<div class=\"col-xs-3\">\n<div class=\"field facts_type\">Hk<\/div>\n<\/div>\n<div class=\"col-xs-3\">\n<div class=\"field facts_value\">175 Hk.<\/div>\n<\/div>\n<\/div>\n<\/div>\n<div class=\"field facts\">\n<div class=\"row\">\n<div class=\"col-xs-3\">\n<div class=\"field facts_type\">Start<\/div>\n<\/div>\n<div class=\"col-xs-3\">\n<div class=\"field facts_value\">El<\/div>\n<\/div>\n<\/div>\n<\/div>\n<div class=\"field facts\">\n<div class=\"row\">\n<div class=\"col-xs-3\">\n<div class=\"field facts_type\">Vikt<\/div>\n<\/div>\n<div class=\"col-xs-3\">\n<div class=\"field facts_value\">216 Kg.<\/div>\n<\/div>\n<\/div>\n<\/div>\n<div class=\"field facts\">\n<div class=\"row\">\n<div class=\"col-xs-3\">\n<div class=\"field facts_type\">Motortyp<\/div>\n<\/div>\n<div class=\"col-xs-3\">\n<div class=\"field facts_value\">4-takt<\/div>\n<\/div>\n<\/div>\n<\/div>","protected":false},"featured_media":3491,"comment_status":"open","ping_status":"closed","template":"","meta":{"site-sidebar-layout":"default","site-content-layout":"default","ast-global-header-display":"","ast-main-header-display":"","ast-hfb-above-header-display":"","ast-hfb-below-header-display":"","ast-hfb-mobile-header-display":"","site-post-title":"","ast-breadcrumbs-content":"","ast-featured-img":"","footer-sml-layout":"","theme-transparent-header-meta":"default","adv-header-id-meta":"","stick-header-meta":"","header-above-stick-meta":"","header-main-stick-meta":"","header-below-stick-meta":""},"product_cat":[63,38],"product_tag":[64,39],"class_list":["post-3636","product","type-product","status-publish","has-post-thumbnail","hentry","product_cat-100hp","product_cat-mercury","product_tag-100hp","product_tag-nya-motorer"],"_links":{"self":[{"href":"https:\/\/lerkilsbatvarv.se\/en\/wp-json\/wp\/v2\/product\/3636","targetHints":{"allow":["GET"]}}],"collection":[{"href":"https:\/\/lerkilsbatvarv.se\/en\/wp-json\/wp\/v2\/product"}],"about":[{"href":"https:\/\/lerkilsbatvarv.se\/en\/wp-json\/wp\/v2\/types\/product"}],"replies":[{"embeddable":true,"href":"https:\/\/lerkilsbatvarv.se\/en\/wp-json\/wp\/v2\/comments?post=3636"}],"version-history":[{"count":2,"href":"https:\/\/lerkilsbatvarv.se\/en\/wp-json\/wp\/v2\/product\/3636\/revisions"}],"predecessor-version":[{"id":3674,"href":"https:\/\/lerkilsbatvarv.se\/en\/wp-json\/wp\/v2\/product\/3636\/revisions\/3674"}],"wp:featuredmedia":[{"embeddable":true,"href":"https:\/\/lerkilsbatvarv.se\/en\/wp-json\/wp\/v2\/media\/3491"}],"wp:attachment":[{"href":"https:\/\/lerkilsbatvarv.se\/en\/wp-json\/wp\/v2\/media?parent=3636"}],"wp:term":[{"taxonomy":"product_cat","embeddable":true,"href":"https:\/\/lerkilsbatvarv.se\/en\/wp-json\/wp\/v2\/product_cat?post=3636"},{"taxonomy":"product_tag","embeddable":true,"href":"https:\/\/lerkilsbatvarv.se\/en\/wp-json\/wp\/v2\/product_tag?post=3636"}],"curies":[{"name":"wp","href":"https:\/\/api.w.org\/{rel}","templated":true}]}}