{"id":3638,"date":"2021-02-26T20:19:48","date_gmt":"2021-02-26T20:19:48","guid":{"rendered":"https:\/\/lerkilsbatvarv.se\/?post_type=product&#038;p=3638"},"modified":"2021-02-27T09:10:38","modified_gmt":"2021-02-27T09:10:38","slug":"mercury-175-pro-xs-l-xl","status":"publish","type":"product","link":"https:\/\/lerkilsbatvarv.se\/en\/product\/mercury-175-pro-xs-l-xl\/","title":{"rendered":"Mercury 175 Pro XS L \/ XL"},"content":{"rendered":"<h2>Mercury 175 Pro XS L \/ XL<\/h2>\n<div class=\"row\">\n<div class=\"col-xs-4\">\n<div class=\"field body\">\n<p>Specifikationer &#8211; 175<\/p>\n<p>Hk\/kW &#8211; 175 \/ 130Motortyp &#8211; V6MidSection &#8211; Conventional MidSectionSlagvolym (kubiktum\/kubikcentimeter) &#8211; 209Slagvolym (l) &#8211; 3.4Cylinderkonfiguration &#8211; V-6 [64 degree] with Dual Overhead Cam [DOHC] and 24-valvesVarvtal vid full gas &#8211; 5400-6000Luftinsug &#8211; Performance-Tuned Long-Runner Intake ManifoldBr\u00e4nsleinduktionssystem &#8211; Electronic Fuel Injection (EFI) Computer Controlled with Advanced Range OptimizationV\u00e4xelstr\u00f6msgenerator ampere\/Watt &#8211; 85-amp (1071 Watt) with Idle ChargeRekommenderat br\u00e4nsle &#8211; Minst blyfri 87-oktanig bensin (R+M\/2) eller max. 90 RON 10 % etanolRekommenderad olja &#8211; NMMA Certified FCW SAE 10W-30Varningssystem f\u00f6r motorskydd &#8211; SmartCraft motorskyddKompatibel med SmartCraft digital teknologi &#8211; JaStartar &#8211; Electric Start with SmartStart ProtectionKontroller &#8211; Fj\u00e4rrmekaniskStyrning &#8211; Big Tiller (optional) , Hydraulic (standard) , Power (optionalAxell\u00e4ngd &#8211; 508 mm, 635 mmUtv\u00e4xlingsf\u00f6rh\u00e5llande &#8211; 1.85:1Torrvikt *L\u00e4ttaste modellen p\u00e5 marknaden &#8211; 470 lbs \/ 213 kgsCARB-stj\u00e4rnbetyg &#8211; 3Cylinderdiameter och slagl\u00e4ngd &#8211; 3.6 in x 3.4 in \/ 92 mm x 86 mmT\u00e4ndning &#8211; -SmartCraft PCM 112 digital induktivKylsystem &#8211; Vattenkyld med termostatV\u00e4xelspak &#8211; F-N-RVal av v\u00e4xelhus &#8211; 4,8&#8243;Trimvinkelsystem &#8211; Power trim and tiltAvgassystem &#8211; Genom propellerF\u00e4rg &#8211; Phantom BlackSm\u00f6rjningssystem &#8211; Integrerad v\u00e5tsmpOljekapacitet &#8211; 7.0 Quarts \/ 6.6 LitersMaximalt trimvinkelomf\u00e5ng &#8211; 20\u00b0 (-6\u00b0 to 14\u00b0)Maximal lutning &#8211; 73\u00b0 (-6\u00b0 till 67\u00b0)<\/p>\n<\/div>\n<\/div>\n<\/div>","protected":false},"excerpt":{"rendered":"<h3 class=\"field-label\">Fakta<\/h3>\n<div class=\"field facts\">\n<div class=\"row\">\n<div class=\"col-xs-3\">\n<div class=\"field facts_type\">Hk<\/div>\n<\/div>\n<div class=\"col-xs-3\">\n<div class=\"field facts_value\">175 Hk<\/div>\n<\/div>\n<\/div>\n<\/div>\n<div class=\"field facts\">\n<div class=\"row\">\n<div class=\"col-xs-3\">\n<div class=\"field facts_type\">Start<\/div>\n<\/div>\n<div class=\"col-xs-3\">\n<div class=\"field facts_value\">El<\/div>\n<\/div>\n<\/div>\n<\/div>\n<div class=\"field facts\">\n<div class=\"row\">\n<div class=\"col-xs-3\">\n<div class=\"field facts_type\">Vikt:<\/div>\n<\/div>\n<div class=\"col-xs-3\">\n<div class=\"field facts_value\">213 Kg<\/div>\n<\/div>\n<\/div>\n<\/div>\n<div class=\"field facts\">\n<div class=\"row\">\n<div class=\"col-xs-3\">\n<div class=\"field facts_type\">Motortyp<\/div>\n<\/div>\n<div class=\"col-xs-3\">\n<div class=\"field facts_value\">4-takt<\/div>\n<\/div>\n<\/div>\n<\/div>","protected":false},"featured_media":3493,"comment_status":"open","ping_status":"closed","template":"","meta":{"site-sidebar-layout":"default","site-content-layout":"default","ast-global-header-display":"","ast-main-header-display":"","ast-hfb-above-header-display":"","ast-hfb-below-header-display":"","ast-hfb-mobile-header-display":"","site-post-title":"","ast-breadcrumbs-content":"","ast-featured-img":"","footer-sml-layout":"","theme-transparent-header-meta":"default","adv-header-id-meta":"","stick-header-meta":"","header-above-stick-meta":"","header-main-stick-meta":"","header-below-stick-meta":""},"product_cat":[63,38],"product_tag":[64,39],"class_list":["post-3638","product","type-product","status-publish","has-post-thumbnail","hentry","product_cat-100hp","product_cat-mercury","product_tag-100hp","product_tag-nya-motorer"],"_links":{"self":[{"href":"https:\/\/lerkilsbatvarv.se\/en\/wp-json\/wp\/v2\/product\/3638","targetHints":{"allow":["GET"]}}],"collection":[{"href":"https:\/\/lerkilsbatvarv.se\/en\/wp-json\/wp\/v2\/product"}],"about":[{"href":"https:\/\/lerkilsbatvarv.se\/en\/wp-json\/wp\/v2\/types\/product"}],"replies":[{"embeddable":true,"href":"https:\/\/lerkilsbatvarv.se\/en\/wp-json\/wp\/v2\/comments?post=3638"}],"version-history":[{"count":2,"href":"https:\/\/lerkilsbatvarv.se\/en\/wp-json\/wp\/v2\/product\/3638\/revisions"}],"predecessor-version":[{"id":3673,"href":"https:\/\/lerkilsbatvarv.se\/en\/wp-json\/wp\/v2\/product\/3638\/revisions\/3673"}],"wp:featuredmedia":[{"embeddable":true,"href":"https:\/\/lerkilsbatvarv.se\/en\/wp-json\/wp\/v2\/media\/3493"}],"wp:attachment":[{"href":"https:\/\/lerkilsbatvarv.se\/en\/wp-json\/wp\/v2\/media?parent=3638"}],"wp:term":[{"taxonomy":"product_cat","embeddable":true,"href":"https:\/\/lerkilsbatvarv.se\/en\/wp-json\/wp\/v2\/product_cat?post=3638"},{"taxonomy":"product_tag","embeddable":true,"href":"https:\/\/lerkilsbatvarv.se\/en\/wp-json\/wp\/v2\/product_tag?post=3638"}],"curies":[{"name":"wp","href":"https:\/\/api.w.org\/{rel}","templated":true}]}}