{"id":3648,"date":"2021-02-26T20:21:36","date_gmt":"2021-02-26T20:21:36","guid":{"rendered":"https:\/\/lerkilsbatvarv.se\/?post_type=product&#038;p=3648"},"modified":"2021-02-27T09:09:30","modified_gmt":"2021-02-27T09:09:30","slug":"mercury-250-pros-xs-tm-dts","status":"publish","type":"product","link":"https:\/\/lerkilsbatvarv.se\/en\/product\/mercury-250-pros-xs-tm-dts\/","title":{"rendered":"Mercury 250 Pros XS TM \/ DTS"},"content":{"rendered":"<h2>Mercury 250 Pros XS TM \/ DTS<\/h2>\n<div class=\"row\">\n<div class=\"col-xs-4\">\n<div class=\"field body\">\n<p>Specifikationer &#8211; 250<\/p>\n<p>Hk\/kW &#8211; 250 \/ 186Motortyp &#8211; V8MidSection &#8211; Conventional MidSectionSlagvolym (kubiktum\/kubikcentimeter) &#8211; 279 CIDSlagvolym (l) &#8211; 4.6LCylinderkonfiguration &#8211; V-8 [64 degree] with Dual Overhead Cam [DOHC] and 32-valvesVarvtal vid full gas &#8211; 5600-6200Luftinsug &#8211; Performance-Tuned Long-Runner Intake ManifoldBr\u00e4nsleinduktionssystem &#8211; Electronic Fuel Injection (EFI) Computer Controlled with Advanced Range OptimizationV\u00e4xelstr\u00f6msgenerator ampere\/Watt &#8211; 85-amp (1071 Watt) with Idle ChargeRekommenderat br\u00e4nsle &#8211; Minst blyfri 87-oktanig bensin (R+M\/2) eller max. 90 RON 10 % etanolRekommenderad olja &#8211; NMMA Certified FCW SAE 10W-30Varningssystem f\u00f6r motorskydd &#8211; SmartCraft motorskyddKompatibel med SmartCraft digital teknologi &#8211; JaStartar &#8211; Electric Start with SmartStart ProtectionKontroller &#8211; Remote Mechanical or Digital Throttle &amp; Shift (DTS)Styrning &#8211; Big Tiller (optional), Hydraulic (standard), Power (optional)Axell\u00e4ngd &#8211; 508 mm, 635 mmUtv\u00e4xlingsf\u00f6rh\u00e5llande &#8211; 1.75:1Torrvikt *L\u00e4ttaste modellen p\u00e5 marknaden &#8211; 505 lbs \/ 229 kgsCARB-stj\u00e4rnbetyg &#8211; 3Cylinderdiameter och slagl\u00e4ngd &#8211; 3.6 in x 3.4 in \/ 92 mm x 86 mmT\u00e4ndning &#8211; SmartCraft PCM 112 digital induktivKylsystem &#8211; Vattenkyld med termostatV\u00e4xelspak &#8211; F-N-RVal av v\u00e4xelhus &#8211; 20&#8243;: Torque Master, 25&#8243;: 5.44&#8243;Trimvinkelsystem &#8211; Power trim and tiltAvgassystem &#8211; Genom propellerF\u00e4rg &#8211; Phantom BlackSm\u00f6rjningssystem &#8211; Integrerad v\u00e5tsumpOljekapacitet &#8211; 7.0 Quarts \/ 6.6 LitersMaximalt trimvinkelomf\u00e5ng &#8211; 20\u00b0 (-6\u00b0 to 14\u00b0)Maximal lutning &#8211; 73\u00b0 (-6\u00b0 till 67\u00b0)<\/p>\n<\/div>\n<\/div>\n<\/div>","protected":false},"excerpt":{"rendered":"<h3 class=\"field-label\">Fakta<\/h3>\n<div class=\"field facts\">\n<div class=\"row\">\n<div class=\"col-xs-3\">\n<div class=\"field facts_type\">Hk<\/div>\n<\/div>\n<div class=\"col-xs-3\">\n<div class=\"field facts_value\">250 Hk<\/div>\n<\/div>\n<\/div>\n<\/div>\n<div class=\"field facts\">\n<div class=\"row\">\n<div class=\"col-xs-3\">\n<div class=\"field facts_type\">Start<\/div>\n<\/div>\n<div class=\"col-xs-3\">\n<div class=\"field facts_value\">El<\/div>\n<\/div>\n<\/div>\n<\/div>\n<div class=\"field facts\">\n<div class=\"row\">\n<div class=\"col-xs-3\">\n<div class=\"field facts_type\">Vikt<\/div>\n<\/div>\n<div class=\"col-xs-3\">\n<div class=\"field facts_value\">238 Kg<\/div>\n<\/div>\n<\/div>\n<\/div>\n<div class=\"field facts\">\n<div class=\"row\">\n<div class=\"col-xs-3\">\n<div class=\"field facts_type\">Motortyp<\/div>\n<\/div>\n<div class=\"col-xs-3\">\n<div class=\"field facts_value\">4-takt<\/div>\n<\/div>\n<\/div>\n<\/div>","protected":false},"featured_media":3577,"comment_status":"open","ping_status":"closed","template":"","meta":{"site-sidebar-layout":"default","site-content-layout":"default","ast-global-header-display":"","ast-main-header-display":"","ast-hfb-above-header-display":"","ast-hfb-below-header-display":"","ast-hfb-mobile-header-display":"","site-post-title":"","ast-breadcrumbs-content":"","ast-featured-img":"","footer-sml-layout":"","theme-transparent-header-meta":"default","adv-header-id-meta":"","stick-header-meta":"","header-above-stick-meta":"","header-main-stick-meta":"","header-below-stick-meta":""},"product_cat":[61,38],"product_tag":[62,39],"class_list":["post-3648","product","type-product","status-publish","has-post-thumbnail","hentry","product_cat-200hp","product_cat-mercury","product_tag-200hp","product_tag-nya-motorer"],"_links":{"self":[{"href":"https:\/\/lerkilsbatvarv.se\/en\/wp-json\/wp\/v2\/product\/3648","targetHints":{"allow":["GET"]}}],"collection":[{"href":"https:\/\/lerkilsbatvarv.se\/en\/wp-json\/wp\/v2\/product"}],"about":[{"href":"https:\/\/lerkilsbatvarv.se\/en\/wp-json\/wp\/v2\/types\/product"}],"replies":[{"embeddable":true,"href":"https:\/\/lerkilsbatvarv.se\/en\/wp-json\/wp\/v2\/comments?post=3648"}],"version-history":[{"count":3,"href":"https:\/\/lerkilsbatvarv.se\/en\/wp-json\/wp\/v2\/product\/3648\/revisions"}],"predecessor-version":[{"id":3667,"href":"https:\/\/lerkilsbatvarv.se\/en\/wp-json\/wp\/v2\/product\/3648\/revisions\/3667"}],"wp:featuredmedia":[{"embeddable":true,"href":"https:\/\/lerkilsbatvarv.se\/en\/wp-json\/wp\/v2\/media\/3577"}],"wp:attachment":[{"href":"https:\/\/lerkilsbatvarv.se\/en\/wp-json\/wp\/v2\/media?parent=3648"}],"wp:term":[{"taxonomy":"product_cat","embeddable":true,"href":"https:\/\/lerkilsbatvarv.se\/en\/wp-json\/wp\/v2\/product_cat?post=3648"},{"taxonomy":"product_tag","embeddable":true,"href":"https:\/\/lerkilsbatvarv.se\/en\/wp-json\/wp\/v2\/product_tag?post=3648"}],"curies":[{"name":"wp","href":"https:\/\/api.w.org\/{rel}","templated":true}]}}