{"id":3654,"date":"2021-02-26T20:22:32","date_gmt":"2021-02-26T20:22:32","guid":{"rendered":"https:\/\/lerkilsbatvarv.se\/?post_type=product&#038;p=3654"},"modified":"2021-02-27T09:08:34","modified_gmt":"2021-02-27T09:08:34","slug":"mercury-f-350-verado","status":"publish","type":"product","link":"https:\/\/lerkilsbatvarv.se\/en\/product\/mercury-f-350-verado\/","title":{"rendered":"Mercury F 350 Verado"},"content":{"rendered":"<h2>Mercury F 350 Verado<\/h2>\n<div class=\"row\">\n<div class=\"col-xs-4\">\n<div class=\"field body\">\n<p>Specifikationer &#8211; 350 hk<\/p>\n<p>Hk\/kW &#8211; 350 \/ 257<br \/>\nMotortyp &#8211; Rak 6-cylindrig<br \/>\nSlagvolym (l) &#8211; 2.6<br \/>\nVarvtal vid full gas &#8211; 5800-6400<br \/>\nLuftinsug &#8211; Kompressor med luftkylning och elektrisk tryck\u00f6kningskontroll<br \/>\nBr\u00e4nsleinduktionssystem &#8211; Sekventiell elektronisk br\u00e4nsleinsprutning (EFI) med multiportfunktion<br \/>\nV\u00e4xelstr\u00f6msgenerator ampere\/Watt &#8211; 70 ampere\/882 watt (remdriven)<br \/>\nRekommenderat br\u00e4nsle &#8211; 91 oktan f\u00f6r h\u00f6gklassig prestanda vid alla till\u00e4mpningar (kompatibel med 89 oktan)<br \/>\nRekommenderad olja &#8211; Mercury FourStroke-olja 25W40<br \/>\nVarningssystem f\u00f6r motorskydd &#8211; SmartCraft motorskydd<br \/>\nKompatibel med SmartCraft digital teknologi &#8211; Ja<br \/>\nStartar &#8211; Elektrisk Smart Start<br \/>\nKontroller &#8211; SmartCraft digital<br \/>\nStyrning &#8211; Elektrohydraulisk servostyrning<br \/>\nAxell\u00e4ngd &#8211; 508 mm, 635 mm, 762 mm<br \/>\nUtv\u00e4xlingsf\u00f6rh\u00e5llande &#8211; 1.75:1<br \/>\nTorrvikt *L\u00e4ttaste modellen p\u00e5 marknaden &#8211; 668 lbs \/ 303 kg<br \/>\nCARB-stj\u00e4rnbetyg &#8211; 2<br \/>\nVal av v\u00e4xelhus &#8211; 5,44&#8243;<br \/>\nTrimvinkelsystem &#8211; Powertrim och tilt med SmartCrafts programmerbara tilt<br \/>\nMotrotation &#8211; Tillg\u00e4nglig<br \/>\nF\u00e4rg &#8211; Cold Fusion White, Phantom Black, Warm Fusion White<\/p>\n<\/div>\n<\/div>\n<\/div>","protected":false},"excerpt":{"rendered":"<h3 class=\"field-label\">Fakta<\/h3>\n<div class=\"field facts\">\n<div class=\"row\">\n<div class=\"col-xs-3\">\n<div class=\"field facts_type\">Hk<\/div>\n<\/div>\n<div class=\"col-xs-3\">\n<div class=\"field facts_value\">350 Hk.<\/div>\n<\/div>\n<\/div>\n<\/div>\n<div class=\"field facts\">\n<div class=\"row\">\n<div class=\"col-xs-3\">\n<div class=\"field facts_type\">Start<\/div>\n<\/div>\n<div class=\"col-xs-3\">\n<div class=\"field facts_value\">El<\/div>\n<\/div>\n<\/div>\n<\/div>\n<div class=\"field facts\">\n<div class=\"row\">\n<div class=\"col-xs-3\">\n<div class=\"field facts_type\">Vikt<\/div>\n<\/div>\n<div class=\"col-xs-3\">\n<div class=\"field facts_value\">303 Kg.<\/div>\n<\/div>\n<\/div>\n<\/div>\n<div class=\"field facts\">\n<div class=\"row\">\n<div class=\"col-xs-3\">\n<div class=\"field facts_type\">Motortyp<\/div>\n<\/div>\n<div class=\"col-xs-3\">\n<div class=\"field facts_value\">4-Takt<\/div>\n<\/div>\n<\/div>\n<\/div>","protected":false},"featured_media":3569,"comment_status":"open","ping_status":"closed","template":"","meta":{"site-sidebar-layout":"default","site-content-layout":"default","ast-global-header-display":"","ast-main-header-display":"","ast-hfb-above-header-display":"","ast-hfb-below-header-display":"","ast-hfb-mobile-header-display":"","site-post-title":"","ast-breadcrumbs-content":"","ast-featured-img":"","footer-sml-layout":"","theme-transparent-header-meta":"default","adv-header-id-meta":"","stick-header-meta":"","header-above-stick-meta":"","header-main-stick-meta":"","header-below-stick-meta":""},"product_cat":[59,38],"product_tag":[60,39],"class_list":["post-3654","product","type-product","status-publish","has-post-thumbnail","hentry","product_cat-300hp","product_cat-mercury","product_tag-300hp","product_tag-nya-motorer"],"_links":{"self":[{"href":"https:\/\/lerkilsbatvarv.se\/en\/wp-json\/wp\/v2\/product\/3654","targetHints":{"allow":["GET"]}}],"collection":[{"href":"https:\/\/lerkilsbatvarv.se\/en\/wp-json\/wp\/v2\/product"}],"about":[{"href":"https:\/\/lerkilsbatvarv.se\/en\/wp-json\/wp\/v2\/types\/product"}],"replies":[{"embeddable":true,"href":"https:\/\/lerkilsbatvarv.se\/en\/wp-json\/wp\/v2\/comments?post=3654"}],"version-history":[{"count":3,"href":"https:\/\/lerkilsbatvarv.se\/en\/wp-json\/wp\/v2\/product\/3654\/revisions"}],"predecessor-version":[{"id":3662,"href":"https:\/\/lerkilsbatvarv.se\/en\/wp-json\/wp\/v2\/product\/3654\/revisions\/3662"}],"wp:featuredmedia":[{"embeddable":true,"href":"https:\/\/lerkilsbatvarv.se\/en\/wp-json\/wp\/v2\/media\/3569"}],"wp:attachment":[{"href":"https:\/\/lerkilsbatvarv.se\/en\/wp-json\/wp\/v2\/media?parent=3654"}],"wp:term":[{"taxonomy":"product_cat","embeddable":true,"href":"https:\/\/lerkilsbatvarv.se\/en\/wp-json\/wp\/v2\/product_cat?post=3654"},{"taxonomy":"product_tag","embeddable":true,"href":"https:\/\/lerkilsbatvarv.se\/en\/wp-json\/wp\/v2\/product_tag?post=3654"}],"curies":[{"name":"wp","href":"https:\/\/api.w.org\/{rel}","templated":true}]}}