{"id":3691,"date":"2021-02-27T07:14:02","date_gmt":"2021-02-27T07:14:02","guid":{"rendered":"https:\/\/lerkilsbatvarv.se\/?post_type=product&#038;p=3691"},"modified":"2021-02-27T07:17:36","modified_gmt":"2021-02-27T07:17:36","slug":"suzuki-df-2-5","status":"publish","type":"product","link":"https:\/\/lerkilsbatvarv.se\/en\/product\/suzuki-df-2-5\/","title":{"rendered":"Suzuki DF 2.5"},"content":{"rendered":"<p>DF2.5 med sin ing\u00e5ngsvikt p\u00e5 endast 13 kg, \u00e4r helt klart den l\u00e4ttaste encylindriga 4-taktsmotorn Suzuki n\u00e5gonsin har konstruerat. Den \u00e4r \u00e4ven den l\u00e4ttaste p\u00e5 marknanden av de motorer som har ett vattenkylsystem.<\/p>\n<p>Det elektroniska t\u00e4ndsystemet ger en precis t\u00e4ndning och den l\u00e4ttdragna startmekanismen g\u00f6r DF2.5 mycket enkel att starta. Med en slagvolym p\u00e5 68 cm\u00b3 \u00e4r DF2.5 perfekt till de flesta sm\u00e5b\u00e5tar och jollar.<\/p>\n<p>Stort handtag<br \/>\nDF2.5 \u00e4r l\u00e4tt att ta med sig. Den l\u00e5ga vikten samt det stora b\u00e4rhandtaget \u00e4r tv\u00e5 saker som bidrar till det.<br \/>\nHandtaget hj\u00e4lper dig ocks\u00e5 n\u00e4r du vill f\u00e4lla upp motorn.<\/p>\n<p>Sv\u00e4ngbar 360\u00b0<br \/>\nKombinationen av twist-gashandtaget och m\u00f6jligheten att sv\u00e4nga motorn i 360\u00b0 \u00e4r en stor f\u00f6rdel i tr\u00e5nga passager eller n\u00e4r du beh\u00f6ver backa. Motorn g\u00e5r tyst tack vare 4-takt samt \u00e4r uth\u00e5llig och p\u00e5litlig tack vare vattenkylningen.<\/p>\n<p>Fakta:<br \/>\nDF2.5 TEKNIK<\/p>\n<p>Riggl\u00e4ngd mm S 381<br \/>\nStartsystem Manuellt<br \/>\nVikt i kg 13<br \/>\nMotortyp OHV<br \/>\nBr\u00e4nslesystem F\u00f6rgasare<br \/>\nAntal cylindrar 1<br \/>\nSlagvolym cm\u00b3 68<br \/>\nBorrning x slag mm 48 x 38<br \/>\nMaxeffekt kW 1.8<br \/>\nRek. fullgasvarvtal rpm 5250-5750<br \/>\nMan\u00f6vrering Rorkult<br \/>\nChoke Manuell<br \/>\nOljevolym 0,3 liter<br \/>\nBr\u00e4nsletank Inbyggd 1 liter<br \/>\nT\u00e4ndsystem Brytarl\u00f6s elektronisk<br \/>\nUpph\u00e4ngning Bussningar<br \/>\nUtv\u00e4xling 2,15:1<br \/>\nV\u00e4xell\u00e4gen F-N<br \/>\nAvgasutsl\u00e4pp \u00d6ver propeller<br \/>\nRek. propeller 4-1\/2&#8243; &#8211; 5-3\/8&#8243;<\/p>\n<p>&nbsp;<\/p>","protected":false},"excerpt":{"rendered":"<div class=\"field body\">\n<p><span style=\"font-size: 1.5em; font-weight: bold;\">Fakta<\/span><\/p>\n<\/div>\n<div class=\"field facts\">\n<div class=\"row\">\n<div class=\"col-xs-3\">\n<div class=\"field facts_type\">Hk<\/div>\n<\/div>\n<div class=\"col-xs-3\">\n<div class=\"field facts_value\">2.5 Hk.<\/div>\n<\/div>\n<\/div>\n<\/div>\n<div class=\"field facts\">\n<div class=\"row\">\n<div class=\"col-xs-3\">\n<div class=\"field facts_type\">Start<\/div>\n<\/div>\n<div class=\"col-xs-3\">\n<div class=\"field facts_value\">Man<\/div>\n<\/div>\n<\/div>\n<\/div>\n<div class=\"field facts\">\n<div class=\"row\">\n<div class=\"col-xs-3\">\n<div class=\"field facts_type\">Vikt<\/div>\n<\/div>\n<div class=\"col-xs-3\">\n<div class=\"field facts_value\">13 Kg.<\/div>\n<\/div>\n<\/div>\n<\/div>\n<div class=\"field facts\">\n<div class=\"row\">\n<div class=\"col-xs-3\">\n<div class=\"field facts_type\">Motortyp<\/div>\n<\/div>\n<div class=\"col-xs-3\">\n<div class=\"field facts_value\">4-takt<\/div>\n<\/div>\n<\/div>\n<\/div>","protected":false},"featured_media":3694,"comment_status":"open","ping_status":"closed","template":"","meta":{"site-sidebar-layout":"default","site-content-layout":"default","ast-global-header-display":"","ast-main-header-display":"","ast-hfb-above-header-display":"","ast-hfb-below-header-display":"","ast-hfb-mobile-header-display":"","site-post-title":"","ast-breadcrumbs-content":"","ast-featured-img":"","footer-sml-layout":"","theme-transparent-header-meta":"default","adv-header-id-meta":"","stick-header-meta":"","header-above-stick-meta":"","header-main-stick-meta":"","header-below-stick-meta":""},"product_cat":[72,40],"product_tag":[71,39],"class_list":["post-3691","product","type-product","status-publish","has-post-thumbnail","hentry","product_cat-2hp","product_cat-suzuki","product_tag-2hp","product_tag-nya-motorer"],"_links":{"self":[{"href":"https:\/\/lerkilsbatvarv.se\/en\/wp-json\/wp\/v2\/product\/3691","targetHints":{"allow":["GET"]}}],"collection":[{"href":"https:\/\/lerkilsbatvarv.se\/en\/wp-json\/wp\/v2\/product"}],"about":[{"href":"https:\/\/lerkilsbatvarv.se\/en\/wp-json\/wp\/v2\/types\/product"}],"replies":[{"embeddable":true,"href":"https:\/\/lerkilsbatvarv.se\/en\/wp-json\/wp\/v2\/comments?post=3691"}],"version-history":[{"count":2,"href":"https:\/\/lerkilsbatvarv.se\/en\/wp-json\/wp\/v2\/product\/3691\/revisions"}],"predecessor-version":[{"id":3693,"href":"https:\/\/lerkilsbatvarv.se\/en\/wp-json\/wp\/v2\/product\/3691\/revisions\/3693"}],"wp:featuredmedia":[{"embeddable":true,"href":"https:\/\/lerkilsbatvarv.se\/en\/wp-json\/wp\/v2\/media\/3694"}],"wp:attachment":[{"href":"https:\/\/lerkilsbatvarv.se\/en\/wp-json\/wp\/v2\/media?parent=3691"}],"wp:term":[{"taxonomy":"product_cat","embeddable":true,"href":"https:\/\/lerkilsbatvarv.se\/en\/wp-json\/wp\/v2\/product_cat?post=3691"},{"taxonomy":"product_tag","embeddable":true,"href":"https:\/\/lerkilsbatvarv.se\/en\/wp-json\/wp\/v2\/product_tag?post=3691"}],"curies":[{"name":"wp","href":"https:\/\/api.w.org\/{rel}","templated":true}]}}