{"id":3702,"date":"2021-02-27T07:24:16","date_gmt":"2021-02-27T07:24:16","guid":{"rendered":"https:\/\/lerkilsbatvarv.se\/?post_type=product&#038;p=3702"},"modified":"2021-03-06T19:37:21","modified_gmt":"2021-03-06T19:37:21","slug":"suzuki-df-6a","status":"publish","type":"product","link":"https:\/\/lerkilsbatvarv.se\/en\/product\/suzuki-df-6a\/","title":{"rendered":"Suzuki DF 6A"},"content":{"rendered":"<h2>Suzuki DF 6A<\/h2>\n<div class=\"row\">\n<div class=\"col-xs-4\">\n<div class=\"field body\">\n<p>DF6A<\/p>\n<p>V\u00e5ra sm\u00e5motorer \u00e4r mycket uppskattade p\u00e5 marknaden. Med hj\u00e4lp av det stora b\u00e4rhandtaget \u00e4r motorerna enkla att b\u00e4ra med sig.<br \/>\nEftersom dessa \u00e4r 4-taktare \u00e4r br\u00e4nsleekonomin betydligt b\u00e4ttre j\u00e4mf\u00f6rt med liknande 2-taktare.<br \/>\nMycket teknik i litet skal<br \/>\nDF6A \u00e4r en encylindrig motor med toppventil. Cylindervolymen \u00e4r p\u00e5 hela 138 cm\u00b3 och levererar ett f\u00f6rv\u00e5nandsv\u00e4rt h\u00f6gt vridmoment och ger en j\u00e4mn och bra acceleration.<br \/>\nEn digital t\u00e4ndning som b\u00e5de reglerar t\u00e4ndningsst\u00e4llningen och inneh\u00e5ller en inbyggd varvtalsbegr\u00e4nsare g\u00f6r start och k\u00f6rning enklare.<br \/>\nV\u00e4xlarna som finns \u00e4r fram, neutral samt back.<br \/>\nGashandtaget p\u00e5 motorn \u00e4r konstruerat s\u00e5 att du f\u00e5r en bekv\u00e4m k\u00f6rst\u00e4llning och kan sv\u00e4nga motorn 180\u00b0 vilket ger en f\u00f6rn\u00e4mlig man\u00f6vrerbarhet.<\/p>\n<p>DF6 TEKNIK<\/p>\n<p>Riggl\u00e4ngd mm S 381, L 508<br \/>\nStartsystem Manuellt<br \/>\nVikt i kg S 25, L 26<br \/>\nMotortyp OHV<br \/>\nBr\u00e4nslesystem F\u00f6rgasare<br \/>\nAntal cylindrar 1<br \/>\nSlagvolym cm\u00b3 138<br \/>\nBorrning x slag mm 62 x 46<br \/>\nMaxeffekt kW 4.4<br \/>\nRek. fullgasvarvtal rpm 4750-5750<br \/>\nMan\u00f6vrering Rorkult<br \/>\nChoke Manuell<br \/>\nOljevolym 0,7 liter<br \/>\nBr\u00e4nsletank Inbyggd 1,5 liter<br \/>\nT\u00e4ndsystem Digital CDI<br \/>\n12V, 6A (tillval)<br \/>\nUpph\u00e4ngning Bussningar<br \/>\nUtv\u00e4xling 12:23 (1,92)<br \/>\nV\u00e4xell\u00e4gen F-N-R<br \/>\nAvgasutsl\u00e4pp \u00d6ver propeller<br \/>\nRek. propeller 6&#8243;-7&#8243;<\/p>\n<\/div>\n<\/div>\n<\/div>","protected":false},"excerpt":{"rendered":"<h3 class=\"field-label\">Fakta<\/h3>\n<div class=\"field facts\">\n<div class=\"row\">\n<div class=\"col-xs-3\">\n<div class=\"field facts_type\">Hk<\/div>\n<\/div>\n<div class=\"col-xs-3\">\n<div class=\"field facts_value\">6 Hk.<\/div>\n<\/div>\n<\/div>\n<\/div>\n<div class=\"field facts\">\n<div class=\"row\">\n<div class=\"col-xs-3\">\n<div class=\"field facts_type\">Start<\/div>\n<\/div>\n<div class=\"col-xs-3\">\n<div class=\"field facts_value\">Man<\/div>\n<\/div>\n<\/div>\n<\/div>\n<div class=\"field facts\">\n<div class=\"row\">\n<div class=\"col-xs-3\">\n<div class=\"field facts_type\">Vikt<\/div>\n<\/div>\n<div class=\"col-xs-3\">\n<div class=\"field facts_value\">25 Kg.<\/div>\n<\/div>\n<\/div>\n<\/div>\n<div class=\"field facts\">\n<div class=\"row\">\n<div class=\"col-xs-3\">\n<div class=\"field facts_type\">Motortyp<\/div>\n<\/div>\n<div class=\"col-xs-3\">\n<div class=\"field facts_value\">4-takt<\/div>\n<\/div>\n<\/div>\n<\/div>","protected":false},"featured_media":3703,"comment_status":"open","ping_status":"closed","template":"","meta":{"site-sidebar-layout":"default","site-content-layout":"default","ast-global-header-display":"","ast-main-header-display":"","ast-hfb-above-header-display":"","ast-hfb-below-header-display":"","ast-hfb-mobile-header-display":"","site-post-title":"","ast-breadcrumbs-content":"","ast-featured-img":"","footer-sml-layout":"","theme-transparent-header-meta":"default","adv-header-id-meta":"","stick-header-meta":"","header-above-stick-meta":"","header-main-stick-meta":"","header-below-stick-meta":""},"product_cat":[72,40],"product_tag":[71,39],"class_list":["post-3702","product","type-product","status-publish","has-post-thumbnail","hentry","product_cat-2hp","product_cat-suzuki","product_tag-2hp","product_tag-nya-motorer"],"_links":{"self":[{"href":"https:\/\/lerkilsbatvarv.se\/en\/wp-json\/wp\/v2\/product\/3702","targetHints":{"allow":["GET"]}}],"collection":[{"href":"https:\/\/lerkilsbatvarv.se\/en\/wp-json\/wp\/v2\/product"}],"about":[{"href":"https:\/\/lerkilsbatvarv.se\/en\/wp-json\/wp\/v2\/types\/product"}],"replies":[{"embeddable":true,"href":"https:\/\/lerkilsbatvarv.se\/en\/wp-json\/wp\/v2\/comments?post=3702"}],"version-history":[{"count":1,"href":"https:\/\/lerkilsbatvarv.se\/en\/wp-json\/wp\/v2\/product\/3702\/revisions"}],"predecessor-version":[{"id":3704,"href":"https:\/\/lerkilsbatvarv.se\/en\/wp-json\/wp\/v2\/product\/3702\/revisions\/3704"}],"wp:featuredmedia":[{"embeddable":true,"href":"https:\/\/lerkilsbatvarv.se\/en\/wp-json\/wp\/v2\/media\/3703"}],"wp:attachment":[{"href":"https:\/\/lerkilsbatvarv.se\/en\/wp-json\/wp\/v2\/media?parent=3702"}],"wp:term":[{"taxonomy":"product_cat","embeddable":true,"href":"https:\/\/lerkilsbatvarv.se\/en\/wp-json\/wp\/v2\/product_cat?post=3702"},{"taxonomy":"product_tag","embeddable":true,"href":"https:\/\/lerkilsbatvarv.se\/en\/wp-json\/wp\/v2\/product_tag?post=3702"}],"curies":[{"name":"wp","href":"https:\/\/api.w.org\/{rel}","templated":true}]}}