{"id":3714,"date":"2021-02-27T07:30:33","date_gmt":"2021-02-27T07:30:33","guid":{"rendered":"https:\/\/lerkilsbatvarv.se\/?post_type=product&#038;p=3714"},"modified":"2021-03-05T08:04:58","modified_gmt":"2021-03-05T08:04:58","slug":"suzuki-df-20a","status":"publish","type":"product","link":"https:\/\/lerkilsbatvarv.se\/en\/product\/suzuki-df-20a\/","title":{"rendered":"Suzuki DF 20A"},"content":{"rendered":"<h2>Suzuki DF 20A<\/h2>\n<div class=\"row\">\n<div class=\"col-xs-4\">\n<div class=\"field body\">\n<p>DF20A<\/p>\n<p>Om du f\u00e5r lust att snabbt sticka iv\u00e4g s\u00e5 ska du kunna g\u00f6ra det och med Suzukis nya utombordare g\u00e5r det alldeles utm\u00e4rkt!<br \/>\nState-of-the-art designen g\u00f6r att Suzukis nya DF20A \u00e4r en av de mest tekniskt avancerade b\u00e4rbara utombordare som finns.<br \/>\nDF20A \u00e4r en ny modell som \u00e4r en milj\u00f6medveten och br\u00e4nslesn\u00e5l utombordare.<br \/>\nDF20As nya br\u00e4nslekomponenter \u00e4r b\u00e5de mindre och l\u00e4ttare \u00e4n de som anv\u00e4nts i tidigare system.<br \/>\nDet g\u00f6r att DF20A v\u00e4ger mindre \u00e4n n\u00e5gon annan fyrtaktare i 14.7kW klassen.<br \/>\nSlutligen har Suzukis bepr\u00f6vade lean-burn teknik gjort att dessa utombordare blivit k\u00e4nda f\u00f6r sin energisn\u00e5lhet, samtidigt som de minskar p\u00e5 utsl\u00e4ppen!<br \/>\nMotorerna \u00e4r otroligt tystg\u00e5ende tack vare en trestegs utj\u00e4mningskammare och avgasutsl\u00e4pp genom propellernavet.<\/p>\n<p>DF9.9B\/15\/20A TEKNIK<\/p>\n<p>Riggl\u00e4ngd mm S 381, L 508<br \/>\nStartsystem Manuellt \/ Elstart<br \/>\nVikt i kg Manuell: S 44, L 45. El: S 48, L 49<br \/>\nMotortyp 4-takt<br \/>\nBr\u00e4nslesystem Insprutning<br \/>\nAntal cylindrar 2<br \/>\nSlagvolym cm\u00b3 327<br \/>\nBorrning x slag mm 60,4 x 57<br \/>\nMaxeffekt kW DF9.9B 7.3, DF15A 11.0, DF20A 14.7<br \/>\nRek. fullgasvarvtal rpm DF9.9B 4700-5700, DF15A 5300-6300, DF20A 5000-6000<br \/>\nMan\u00f6vrering Rorkult<br \/>\nChoke Automatisk<br \/>\nOljevolym 1 liter<br \/>\nBr\u00e4nsletank 12 liter<br \/>\nT\u00e4ndsystem Digital CDI<br \/>\nGenerator<br \/>\nManuell:12V, 6A. Elstart: 12V 12A<br \/>\nUpph\u00e4ngning Gummiupph\u00e4ngning<br \/>\nTriml\u00e4gen Manuellt trim tilt\/ powertilt<br \/>\nUtv\u00e4xling 2.08:1<br \/>\nV\u00e4xell\u00e4gen F-N-R<br \/>\nAvgasutsl\u00e4pp Genom propeller<br \/>\nRek. propeller 7-12&#8243;<\/p>\n<\/div>\n<\/div>\n<\/div>","protected":false},"excerpt":{"rendered":"<h3 class=\"field-label\">Fakta<\/h3>\n<div class=\"field facts\">\n<div class=\"row\">\n<div class=\"col-xs-3\">\n<div class=\"field facts_type\">Hk<\/div>\n<\/div>\n<div class=\"col-xs-3\">\n<div class=\"field facts_value\">20 Hk.<\/div>\n<\/div>\n<\/div>\n<\/div>\n<div class=\"field facts\">\n<div class=\"row\">\n<div class=\"col-xs-3\">\n<div class=\"field facts_type\">Start<\/div>\n<\/div>\n<div class=\"col-xs-3\">\n<div class=\"field facts_value\">El\/Man<\/div>\n<\/div>\n<\/div>\n<\/div>\n<div class=\"field facts\">\n<div class=\"row\">\n<div class=\"col-xs-3\">\n<div class=\"field facts_type\">Vikt<\/div>\n<\/div>\n<div class=\"col-xs-3\">\n<div class=\"field facts_value\">44 Kg.<\/div>\n<\/div>\n<\/div>\n<\/div>\n<div class=\"field facts\">\n<div class=\"row\">\n<div class=\"col-xs-3\">\n<div class=\"field facts_type\">Motortyp<\/div>\n<\/div>\n<div class=\"col-xs-3\">\n<div class=\"field facts_value\">4-takt<\/div>\n<\/div>\n<\/div>\n<\/div>","protected":false},"featured_media":3715,"comment_status":"open","ping_status":"closed","template":"","meta":{"site-sidebar-layout":"default","site-content-layout":"default","ast-global-header-display":"","ast-main-header-display":"","ast-hfb-above-header-display":"","ast-hfb-below-header-display":"","ast-hfb-mobile-header-display":"","site-post-title":"","ast-breadcrumbs-content":"","ast-featured-img":"","footer-sml-layout":"","theme-transparent-header-meta":"default","adv-header-id-meta":"","stick-header-meta":"","header-above-stick-meta":"","header-main-stick-meta":"","header-below-stick-meta":""},"product_cat":[72,40],"product_tag":[71,39],"class_list":["post-3714","product","type-product","status-publish","has-post-thumbnail","hentry","product_cat-2hp","product_cat-suzuki","product_tag-2hp","product_tag-nya-motorer"],"_links":{"self":[{"href":"https:\/\/lerkilsbatvarv.se\/en\/wp-json\/wp\/v2\/product\/3714","targetHints":{"allow":["GET"]}}],"collection":[{"href":"https:\/\/lerkilsbatvarv.se\/en\/wp-json\/wp\/v2\/product"}],"about":[{"href":"https:\/\/lerkilsbatvarv.se\/en\/wp-json\/wp\/v2\/types\/product"}],"replies":[{"embeddable":true,"href":"https:\/\/lerkilsbatvarv.se\/en\/wp-json\/wp\/v2\/comments?post=3714"}],"version-history":[{"count":1,"href":"https:\/\/lerkilsbatvarv.se\/en\/wp-json\/wp\/v2\/product\/3714\/revisions"}],"predecessor-version":[{"id":3716,"href":"https:\/\/lerkilsbatvarv.se\/en\/wp-json\/wp\/v2\/product\/3714\/revisions\/3716"}],"wp:featuredmedia":[{"embeddable":true,"href":"https:\/\/lerkilsbatvarv.se\/en\/wp-json\/wp\/v2\/media\/3715"}],"wp:attachment":[{"href":"https:\/\/lerkilsbatvarv.se\/en\/wp-json\/wp\/v2\/media?parent=3714"}],"wp:term":[{"taxonomy":"product_cat","embeddable":true,"href":"https:\/\/lerkilsbatvarv.se\/en\/wp-json\/wp\/v2\/product_cat?post=3714"},{"taxonomy":"product_tag","embeddable":true,"href":"https:\/\/lerkilsbatvarv.se\/en\/wp-json\/wp\/v2\/product_tag?post=3714"}],"curies":[{"name":"wp","href":"https:\/\/api.w.org\/{rel}","templated":true}]}}