{"id":3717,"date":"2021-02-27T07:31:52","date_gmt":"2021-02-27T07:31:52","guid":{"rendered":"https:\/\/lerkilsbatvarv.se\/?post_type=product&#038;p=3717"},"modified":"2021-02-27T07:38:46","modified_gmt":"2021-02-27T07:38:46","slug":"suzuki-df-25a","status":"publish","type":"product","link":"https:\/\/lerkilsbatvarv.se\/en\/product\/suzuki-df-25a\/","title":{"rendered":"Suzuki DF 25A"},"content":{"rendered":"<h2>Suzuki DF 25A<\/h2>\n<div class=\"row\">\n<div class=\"col-xs-4\">\n<div class=\"field body\">\n<p>DF25A<\/p>\n<p>\u201dB\u00e4st i branschen\u201d-utm\u00e4rkelser och vinnande teknik g\u00f6r v\u00e5ra motorer till det b\u00e4sta.<br \/>\nV\u00e4rldsledande teknik som \u00e4r enkel att hantera och anv\u00e4nda. Ett bevis p\u00e5 att \u00e4ven om motorerna \u00e4r sm\u00e5 s\u00e5 t\u00e4nker Suzukis ingenj\u00f6rer alltid stort!<br \/>\nDF25A drar \u00e4ven till sig stor uppm\u00e4rksmhet tack vare sin l\u00e5ga vikt, med manuell start och kort rigg v\u00e4ger motorn endast 63 kilo!<\/p>\n<p>DF25 AS\/AL TEKNIK<\/p>\n<p>Riggl\u00e4ngd mm S 381, L 508<br \/>\nStartsystem Manuell<br \/>\nVikt i kg S 62kg, L 63kg<br \/>\nMotortyp OHV, 4 vent<br \/>\nBr\u00e4nslesystem Elektronisk br\u00e4nsleinsprutning<br \/>\nAntal cylindrar 3<br \/>\nSlagvolym cm\u00b3 490<br \/>\nBorrning x slag mm 60.4 x 57.0<br \/>\nMaxeffekt kW 22<br \/>\nRek. fullgasvarvtal rpm 5000-6000<br \/>\nMan\u00f6vrering Rorkult<br \/>\nChoke Automatisk<br \/>\nOljevolym 1,5 liter<br \/>\nBr\u00e4nsletank 25 liter<br \/>\nT\u00e4ndsystem Digital CDI<br \/>\nGenerator<br \/>\n12V, 6A<br \/>\nUpph\u00e4ngning S\u00e4kerhetsf\u00e4ste<br \/>\nTriml\u00e4gen Manuell trim och tilt<br \/>\nUtv\u00e4xling 2,09:1<br \/>\nV\u00e4xell\u00e4gen F-N-R<br \/>\nAvgasutsl\u00e4pp Genom propeller<br \/>\nRek. propeller 9&#8243;-15&#8243;<\/p>\n<\/div>\n<\/div>\n<\/div>","protected":false},"excerpt":{"rendered":"<h3 class=\"field-label\">Fakta<\/h3>\n<div class=\"field facts\">\n<div class=\"row\">\n<div class=\"col-xs-3\">\n<div class=\"field facts_type\">Hk<\/div>\n<\/div>\n<div class=\"col-xs-3\">\n<div class=\"field facts_value\">25 Hk.<\/div>\n<\/div>\n<\/div>\n<\/div>\n<div class=\"field facts\">\n<div class=\"row\">\n<div class=\"col-xs-3\">\n<div class=\"field facts_type\">Start<\/div>\n<\/div>\n<div class=\"col-xs-3\">\n<div class=\"field facts_value\">EL\/Man<\/div>\n<\/div>\n<\/div>\n<\/div>\n<div class=\"field facts\">\n<div class=\"row\">\n<div class=\"col-xs-3\">\n<div class=\"field facts_type\">Vikt<\/div>\n<\/div>\n<div class=\"col-xs-3\">\n<div class=\"field facts_value\">62 Kg.<\/div>\n<\/div>\n<\/div>\n<\/div>\n<div class=\"field facts\">\n<div class=\"row\">\n<div class=\"col-xs-3\">\n<div class=\"field facts_type\">Motortyp<\/div>\n<\/div>\n<div class=\"col-xs-3\">\n<div class=\"field facts_value\">4-takt<\/div>\n<\/div>\n<\/div>\n<\/div>","protected":false},"featured_media":3730,"comment_status":"open","ping_status":"closed","template":"","meta":{"site-sidebar-layout":"default","site-content-layout":"default","ast-global-header-display":"","ast-main-header-display":"","ast-hfb-above-header-display":"","ast-hfb-below-header-display":"","ast-hfb-mobile-header-display":"","site-post-title":"","ast-breadcrumbs-content":"","ast-featured-img":"","footer-sml-layout":"","theme-transparent-header-meta":"default","adv-header-id-meta":"","stick-header-meta":"","header-above-stick-meta":"","header-main-stick-meta":"","header-below-stick-meta":""},"product_cat":[67,40],"product_tag":[68,39],"class_list":["post-3717","product","type-product","status-publish","has-post-thumbnail","hentry","product_cat-25hp","product_cat-suzuki","product_tag-25hp","product_tag-nya-motorer"],"_links":{"self":[{"href":"https:\/\/lerkilsbatvarv.se\/en\/wp-json\/wp\/v2\/product\/3717","targetHints":{"allow":["GET"]}}],"collection":[{"href":"https:\/\/lerkilsbatvarv.se\/en\/wp-json\/wp\/v2\/product"}],"about":[{"href":"https:\/\/lerkilsbatvarv.se\/en\/wp-json\/wp\/v2\/types\/product"}],"replies":[{"embeddable":true,"href":"https:\/\/lerkilsbatvarv.se\/en\/wp-json\/wp\/v2\/comments?post=3717"}],"version-history":[{"count":1,"href":"https:\/\/lerkilsbatvarv.se\/en\/wp-json\/wp\/v2\/product\/3717\/revisions"}],"predecessor-version":[{"id":3718,"href":"https:\/\/lerkilsbatvarv.se\/en\/wp-json\/wp\/v2\/product\/3717\/revisions\/3718"}],"wp:featuredmedia":[{"embeddable":true,"href":"https:\/\/lerkilsbatvarv.se\/en\/wp-json\/wp\/v2\/media\/3730"}],"wp:attachment":[{"href":"https:\/\/lerkilsbatvarv.se\/en\/wp-json\/wp\/v2\/media?parent=3717"}],"wp:term":[{"taxonomy":"product_cat","embeddable":true,"href":"https:\/\/lerkilsbatvarv.se\/en\/wp-json\/wp\/v2\/product_cat?post=3717"},{"taxonomy":"product_tag","embeddable":true,"href":"https:\/\/lerkilsbatvarv.se\/en\/wp-json\/wp\/v2\/product_tag?post=3717"}],"curies":[{"name":"wp","href":"https:\/\/api.w.org\/{rel}","templated":true}]}}