{"id":3722,"date":"2021-02-27T07:34:59","date_gmt":"2021-02-27T07:34:59","guid":{"rendered":"https:\/\/lerkilsbatvarv.se\/?post_type=product&#038;p=3722"},"modified":"2021-02-27T07:36:14","modified_gmt":"2021-02-27T07:36:14","slug":"suzuki-df-40a","status":"publish","type":"product","link":"https:\/\/lerkilsbatvarv.se\/en\/product\/suzuki-df-40a\/","title":{"rendered":"Suzuki DF 40A"},"content":{"rendered":"<h2>Suzuki DF 40A<\/h2>\n<div class=\"row\">\n<div class=\"col-xs-4\">\n<div class=\"field body\">\n<p>DF40A<\/p>\n<p>Kompakta och l\u00e4tta utombordare konstruerade f\u00f6r att leverera h\u00f6g prestanda och br\u00e4nsleeffektiv k\u00f6rning.<br \/>\nSj\u00e4lvjusterande kamaxelkedja<br \/>\nAlla modeller fr\u00e5n DF40A har en underh\u00e5llsfri kamaxelkedja. Det \u00e4r en enkel och effektiv design d\u00e4r kedjan l\u00f6per i ett oljebad som h\u00e5ller den smord.<br \/>\nDen \u00e4r utrustad med en automatisk sp\u00e4nnare som h\u00e5ller den vid r\u00e4tt sp\u00e4nning f\u00f6r en underh\u00e5llsfri drift.<\/p>\n<p>DF40 TEKNIK<\/p>\n<p>Riggl\u00e4ngd mm L 508<br \/>\nStartsystem Elektriskt<br \/>\nVikt i kg L 104<br \/>\nMotortyp DOHC, 12 vent<br \/>\nBr\u00e4nslesystem Multi Point Elektronisk Br\u00e4nsleinsprutning \/ Lean Burn<br \/>\nAntal cylindrar 3<br \/>\nSlagvolym cm\u00b3 941<br \/>\nBorrning x slag mm 72,5 x 76<br \/>\nMaxeffekt kW 29.4<br \/>\nRek. fullgasvarvtal rpm 5000-6000<br \/>\nMan\u00f6vrering Reglagebox<br \/>\nChoke &#8211;<br \/>\nOljevolym 2,7 liter<br \/>\nBr\u00e4nsletank &#8211;<br \/>\nT\u00e4ndsystem Heltransistorerat<br \/>\nGenerator<br \/>\n12V, 19A<br \/>\nUpph\u00e4ngning Gummiupph\u00e4ngning<br \/>\nTriml\u00e4gen Power trim och tilt<br \/>\nUtv\u00e4xling 11:25 (2,27)<br \/>\nV\u00e4xell\u00e4gen F-N-R<br \/>\nAvgasutsl\u00e4pp Genom propeller<br \/>\nRek. propeller 9&#8243;-17&#8243;<\/p>\n<\/div>\n<\/div>\n<\/div>","protected":false},"excerpt":{"rendered":"<h3 class=\"field-label\">Fakta<\/h3>\n<div class=\"field facts\">\n<div class=\"row\">\n<div class=\"col-xs-3\">\n<div class=\"field facts_type\">Hk<\/div>\n<\/div>\n<div class=\"col-xs-3\">\n<div class=\"field facts_value\">40 Hk.<\/div>\n<\/div>\n<\/div>\n<\/div>\n<div class=\"field facts\">\n<div class=\"row\">\n<div class=\"col-xs-3\">\n<div class=\"field facts_type\">Start<\/div>\n<\/div>\n<div class=\"col-xs-3\">\n<div class=\"field facts_value\">El<\/div>\n<\/div>\n<\/div>\n<\/div>\n<div class=\"field facts\">\n<div class=\"row\">\n<div class=\"col-xs-3\">\n<div class=\"field facts_type\">Vikt<\/div>\n<\/div>\n<div class=\"col-xs-3\">\n<div class=\"field facts_value\">104 Kg.<\/div>\n<\/div>\n<\/div>\n<\/div>\n<div class=\"field facts\">\n<div class=\"row\">\n<div class=\"col-xs-3\">\n<div class=\"field facts_type\">Motortyp<\/div>\n<\/div>\n<div class=\"col-xs-3\">\n<div class=\"field facts_value\">4-takt<\/div>\n<\/div>\n<\/div>\n<\/div>","protected":false},"featured_media":3723,"comment_status":"open","ping_status":"closed","template":"","meta":{"site-sidebar-layout":"default","site-content-layout":"default","ast-global-header-display":"","ast-main-header-display":"","ast-hfb-above-header-display":"","ast-hfb-below-header-display":"","ast-hfb-mobile-header-display":"","site-post-title":"","ast-breadcrumbs-content":"","ast-featured-img":"","footer-sml-layout":"","theme-transparent-header-meta":"default","adv-header-id-meta":"","stick-header-meta":"","header-above-stick-meta":"","header-main-stick-meta":"","header-below-stick-meta":""},"product_cat":[67,40],"product_tag":[68,39],"class_list":["post-3722","product","type-product","status-publish","has-post-thumbnail","hentry","product_cat-25hp","product_cat-suzuki","product_tag-25hp","product_tag-nya-motorer"],"_links":{"self":[{"href":"https:\/\/lerkilsbatvarv.se\/en\/wp-json\/wp\/v2\/product\/3722","targetHints":{"allow":["GET"]}}],"collection":[{"href":"https:\/\/lerkilsbatvarv.se\/en\/wp-json\/wp\/v2\/product"}],"about":[{"href":"https:\/\/lerkilsbatvarv.se\/en\/wp-json\/wp\/v2\/types\/product"}],"replies":[{"embeddable":true,"href":"https:\/\/lerkilsbatvarv.se\/en\/wp-json\/wp\/v2\/comments?post=3722"}],"version-history":[{"count":2,"href":"https:\/\/lerkilsbatvarv.se\/en\/wp-json\/wp\/v2\/product\/3722\/revisions"}],"predecessor-version":[{"id":3725,"href":"https:\/\/lerkilsbatvarv.se\/en\/wp-json\/wp\/v2\/product\/3722\/revisions\/3725"}],"wp:featuredmedia":[{"embeddable":true,"href":"https:\/\/lerkilsbatvarv.se\/en\/wp-json\/wp\/v2\/media\/3723"}],"wp:attachment":[{"href":"https:\/\/lerkilsbatvarv.se\/en\/wp-json\/wp\/v2\/media?parent=3722"}],"wp:term":[{"taxonomy":"product_cat","embeddable":true,"href":"https:\/\/lerkilsbatvarv.se\/en\/wp-json\/wp\/v2\/product_cat?post=3722"},{"taxonomy":"product_tag","embeddable":true,"href":"https:\/\/lerkilsbatvarv.se\/en\/wp-json\/wp\/v2\/product_tag?post=3722"}],"curies":[{"name":"wp","href":"https:\/\/api.w.org\/{rel}","templated":true}]}}