{"id":3726,"date":"2021-02-27T07:38:02","date_gmt":"2021-02-27T07:38:02","guid":{"rendered":"https:\/\/lerkilsbatvarv.se\/?post_type=product&#038;p=3726"},"modified":"2021-02-27T07:38:02","modified_gmt":"2021-02-27T07:38:02","slug":"suzuki-df-50a","status":"publish","type":"product","link":"https:\/\/lerkilsbatvarv.se\/en\/product\/suzuki-df-50a\/","title":{"rendered":"Suzuki DF 50A"},"content":{"rendered":"<h2>Suzuki DF 50A<\/h2>\n<div class=\"row\">\n<div class=\"col-xs-4\">\n<div class=\"field body\">\n<p>DF50A<\/p>\n<p>DF50A har en underh\u00e5llsfri kamaxelkedja. Det \u00e4r en enkel och effektiv design d\u00e4r kedjan l\u00f6per i ett oljebad som h\u00e5ller den smord.<br \/>\nDen \u00e4r utrustad med en automatisk sp\u00e4nnare som h\u00e5ller den vid r\u00e4tt sp\u00e4nning f\u00f6r en underh\u00e5llsfri drift.<br \/>\nSj\u00e4lvjusterande kamaxelkedja<br \/>\nDF50A \u00e4r enast\u00e5ende som de enda motorn i sin klass med sj\u00e4lvjusterande kamaxelkedja.<br \/>\nKedjan ligger i oljebad och f\u00f6rfogar \u00f6ver en automatisk hydraulisk sp\u00e4nnare som ser till att den alltid \u00e4r korrekt inst\u00e4lld och d\u00e4rmed underh\u00e5llsfri i drift.<br \/>\nLean Burn kontrollsystem<br \/>\nF\u00f6r att dra s\u00e5 stor nytta som m\u00f6jligt ur varje droppe br\u00e4nsle utvecklade Suzukis ingenj\u00f6rer det s\u00e5 kallade LeanBurn systemet som l\u00e5ter motorn arbeta med en magrare eller en tunnare br\u00e4nsleblandning.<br \/>\nSystemet kontrollerar luft\/br\u00e4nsle blandningen genom att f\u00f6ruts\u00e4ga br\u00e4nslebehovet med ledning av driftf\u00f6rh\u00e5llanden.<br \/>\nSystemet ger f\u00f6rdel \u00f6ver ett brett arbetsomr\u00e5de med tydliga besparingar fr\u00e5n l\u00e5gvarv till marschfart.<br \/>\nSuzuki Easy Start snabbstartsystem<br \/>\nMed Suzukis Easy Start System vrider du bara nyckeln och sl\u00e4pper. Startmotorn tar hand om resten och f\u00f6rblir i g\u00e5ng tills utombordsmotorn startar.<br \/>\nMjukare och b\u00e4ttre start med Easy Start System ger dig b\u00e4ttre f\u00f6rbr\u00e4nning och br\u00e4nsleekonomi.<br \/>\nDessutom har den en ny kraftfull 19A generator och Suzukis anti corrosionsystem<\/p>\n<p>DF50 TEKNIK<\/p>\n<p>Riggl\u00e4ngd mm L 508<br \/>\nStartsystem Elektriskt<br \/>\nVikt i kg L 104<br \/>\nMotortyp DOHC, 12 vent<br \/>\nBr\u00e4nslesystem Multi Point Elektronisk Br\u00e4nsleinsprutning \/ Lean Burn<br \/>\nAntal cylindrar 3<br \/>\nSlagvolym cm\u00b3 941<br \/>\nBorrning x slag mm 72,5 x 76<br \/>\nMaxeffekt kW 36.8<br \/>\nRek. fullgasvarvtal rpm 5300-6300<br \/>\nMan\u00f6vrering Reglagebox<br \/>\nChoke &#8211;<br \/>\nOljevolym 2,7 liter<br \/>\nBr\u00e4nsletank &#8211;<br \/>\nT\u00e4ndsystem Heltransistorerat<br \/>\nGenerator<br \/>\n12V, 19A<br \/>\nUpph\u00e4ngning Gummiupph\u00e4ngning<br \/>\nTriml\u00e4gen Power trim och tilt<br \/>\nUtv\u00e4xling 11:25 (2,27:1)<br \/>\nV\u00e4xell\u00e4gen F-N-R<br \/>\nAvgasutsl\u00e4pp Genom propeller<br \/>\nRek. propeller 9&#8243;-17&#8243;<\/p>\n<\/div>\n<\/div>\n<\/div>","protected":false},"excerpt":{"rendered":"<h3 class=\"field-label\">Fakta<\/h3>\n<div class=\"field facts\">\n<div class=\"row\">\n<div class=\"col-xs-3\">\n<div class=\"field facts_type\">Hk<\/div>\n<\/div>\n<div class=\"col-xs-3\">\n<div class=\"field facts_value\">50 Hk.<\/div>\n<\/div>\n<\/div>\n<\/div>\n<div class=\"field facts\">\n<div class=\"row\">\n<div class=\"col-xs-3\">\n<div class=\"field facts_type\">Start<\/div>\n<\/div>\n<div class=\"col-xs-3\">\n<div class=\"field facts_value\">El<\/div>\n<\/div>\n<\/div>\n<\/div>\n<div class=\"field facts\">\n<div class=\"row\">\n<div class=\"col-xs-3\">\n<div class=\"field facts_type\">Vikt<\/div>\n<\/div>\n<div class=\"col-xs-3\">\n<div class=\"field facts_value\">104 Kg.<\/div>\n<\/div>\n<\/div>\n<\/div>\n<div class=\"field facts\">\n<div class=\"row\">\n<div class=\"col-xs-3\">\n<div class=\"field facts_type\">Motortyp<\/div>\n<\/div>\n<div class=\"col-xs-3\">\n<div class=\"field facts_value\">4-takt<\/div>\n<\/div>\n<\/div>\n<\/div>","protected":false},"featured_media":3728,"comment_status":"open","ping_status":"closed","template":"","meta":{"site-sidebar-layout":"default","site-content-layout":"default","ast-global-header-display":"","ast-main-header-display":"","ast-hfb-above-header-display":"","ast-hfb-below-header-display":"","ast-hfb-mobile-header-display":"","site-post-title":"","ast-breadcrumbs-content":"","ast-featured-img":"","footer-sml-layout":"","theme-transparent-header-meta":"default","adv-header-id-meta":"","stick-header-meta":"","header-above-stick-meta":"","header-main-stick-meta":"","header-below-stick-meta":""},"product_cat":[65,40],"product_tag":[66,39],"class_list":["post-3726","product","type-product","status-publish","has-post-thumbnail","hentry","product_cat-50hp","product_cat-suzuki","product_tag-50hp","product_tag-nya-motorer"],"_links":{"self":[{"href":"https:\/\/lerkilsbatvarv.se\/en\/wp-json\/wp\/v2\/product\/3726","targetHints":{"allow":["GET"]}}],"collection":[{"href":"https:\/\/lerkilsbatvarv.se\/en\/wp-json\/wp\/v2\/product"}],"about":[{"href":"https:\/\/lerkilsbatvarv.se\/en\/wp-json\/wp\/v2\/types\/product"}],"replies":[{"embeddable":true,"href":"https:\/\/lerkilsbatvarv.se\/en\/wp-json\/wp\/v2\/comments?post=3726"}],"version-history":[{"count":1,"href":"https:\/\/lerkilsbatvarv.se\/en\/wp-json\/wp\/v2\/product\/3726\/revisions"}],"predecessor-version":[{"id":3729,"href":"https:\/\/lerkilsbatvarv.se\/en\/wp-json\/wp\/v2\/product\/3726\/revisions\/3729"}],"wp:featuredmedia":[{"embeddable":true,"href":"https:\/\/lerkilsbatvarv.se\/en\/wp-json\/wp\/v2\/media\/3728"}],"wp:attachment":[{"href":"https:\/\/lerkilsbatvarv.se\/en\/wp-json\/wp\/v2\/media?parent=3726"}],"wp:term":[{"taxonomy":"product_cat","embeddable":true,"href":"https:\/\/lerkilsbatvarv.se\/en\/wp-json\/wp\/v2\/product_cat?post=3726"},{"taxonomy":"product_tag","embeddable":true,"href":"https:\/\/lerkilsbatvarv.se\/en\/wp-json\/wp\/v2\/product_tag?post=3726"}],"curies":[{"name":"wp","href":"https:\/\/api.w.org\/{rel}","templated":true}]}}