{"id":3731,"date":"2021-02-27T07:47:36","date_gmt":"2021-02-27T07:47:36","guid":{"rendered":"https:\/\/lerkilsbatvarv.se\/?post_type=product&#038;p=3731"},"modified":"2021-02-27T07:47:36","modified_gmt":"2021-02-27T07:47:36","slug":"suzuki-df-60a","status":"publish","type":"product","link":"https:\/\/lerkilsbatvarv.se\/en\/product\/suzuki-df-60a\/","title":{"rendered":"Suzuki DF 60A"},"content":{"rendered":"<h2>Suzuki DF 60A<\/h2>\n<div class=\"row\">\n<div class=\"col-xs-4\">\n<div class=\"field body\">\n<p>DF60A<\/p>\n<p>Motorn anv\u00e4nder Suzukis \u201dLean Burn\u201dteknologi f\u00f6r magrare br\u00e4nsleblandning, vilket medf\u00f6r stora f\u00f6rdelar n\u00e4r det g\u00e4ller ren br\u00e4nsleekonomi och prestanda.<br \/>\nTillsammans med den kompakta konstruktionen \u00e4r DF60A idealisk f\u00f6r m\u00e5nga olika b\u00e5ttyper<\/p>\n<p>Kompakt<br \/>\nSuzukis ingenj\u00f6rer \u00e4r k\u00e4nda f\u00f6r att ha konstruerat n\u00e5gra av de mest kompakta fyrtaktarna i sina respektive klasser.<br \/>\nMed DF90, DF80, DF70 och nya DF60 b\u00f6rjade de om och designade varje del och varje komponent fr\u00e5n b\u00f6rjan.<br \/>\nD\u00e4rmed drog de nytta av den kunskap och de tekniska framsteg som har tillkommit under det sista \u00e5rtiondet och skapade \u00e4nd\u00e5 l\u00e4ttare, \u00e4n mer kompakta utombordare.<\/p>\n<p>Lean Burn kontrollsystem<br \/>\nF\u00f6r att dra s\u00e5 mycket nytta som m\u00f6jligt av varje droppe br\u00e4nsle utvecklade Suzukis ingenj\u00f6rer det s\u00e5 kallade LeanBurn systemet, som l\u00e5ter motorn arbeta med en magrare eller en tunnare br\u00e4nsleblandning.<br \/>\nSystemet kontrollerar luft\/br\u00e4nsle blandningen genom att f\u00f6ruts\u00e4ga br\u00e4nslebehovet med ledning av driftf\u00f6rh\u00e5llanden.<br \/>\nSystemet ger f\u00f6rdel \u00f6ver ett brett arbetsomr\u00e5de med tydliga besparingar fr\u00e5n l\u00e5gvarv till marschfart.<\/p>\n<p>Tiltbegr\u00e4nsare<br \/>\nDF60 \u00e4r utrustade med ett system som begr\u00e4nsar riggvinkeln och f\u00f6rhindrar att b\u00e5ten skadas vid upptippning av motorn. Systemet omfattar en riggvinkelsensor som \u00e4r tiltbegr\u00e4nsare<br \/>\noch trims\u00e4ndare i ett. Den anv\u00e4nder sig av en begr\u00e4nsare som konstant k\u00e4nner av motorns riggvinkel. Det g\u00f6r att motorn kan anv\u00e4ndas p\u00e5 n\u00e4stan vilken b\u00e5ttyp som helst.<\/p>\n<p>Suzuki Easy Start snabbstartsystem<br \/>\nMed Suzukis Easy Start System, snabbstarten som finns med p\u00e5 DF60, vrider du bara nyckeln och sl\u00e4pper.<br \/>\nStartmotorn tar hand om resten och f\u00f6rblir i g\u00e5ng tills utombordsmotorn startar.<br \/>\nMjukare och b\u00e4ttre start med Easy Start System ger dig b\u00e4ttre f\u00f6rbr\u00e4nning och br\u00e4nsleekonomi.<\/p>\n<p>Mekaniskt effektiv design<br \/>\nSuzukis ingenj\u00f6rer har tagit fram konstruktioner f\u00f6r att begr\u00e4nsa mekaniska f\u00f6rluster som en v\u00e4g till f\u00f6rb\u00e4ttrad effekt i DF60.<br \/>\nEn speciellt utvecklad oljepump ger st\u00f6rre mekanisk effektivitet, vilket till\u00e5ter oljan att flyta genom sm\u00f6rjningssystemet med mindre motst\u00e5nd.<br \/>\nDetta i samband med f\u00f6rminskad mekanisk f\u00f6rlust i andra delar av motorn medverkar till b\u00e4ttre br\u00e4nsleekonomi.<\/p>\n<p>Sj\u00e4lvjusterande kamaxelkedja<br \/>\nSuzukis sj\u00e4lvjusterande kamaxelkedja finns med p\u00e5 DF60, som d\u00e4rmed blir den f\u00f6rsta motorn i 44,1 kW (60 hk) klassen som uppvisar denna underh\u00e5llsfria funktion.<br \/>\nKedjan ligger i oljebad och f\u00f6rfogar \u00f6ver en automatisk hydraulisk sp\u00e4nnare som ser till att den alltid \u00e4r korrekt inst\u00e4lld och d\u00e4rmed underh\u00e5llsfri i drift.<\/p>\n<p>DF60 TEKNIK<\/p>\n<p>Riggl\u00e4ngd mm L 508<br \/>\nStartsystem Elektriskt<br \/>\nVikt i kg 104<br \/>\nMotortyp DOHC 12 ventiler<br \/>\nBr\u00e4nslesystem Multi Point Elektronisk Br\u00e4nsleinsprutning \/Lean Burn<br \/>\nAntal cylindrar 3<br \/>\nSlagvolym cm\u00b3 941<br \/>\nBorrning x slag mm 72,5 x 76<br \/>\nMaxeffekt kW 44.1<br \/>\nRek. fullgasvarvtal rpm 5300-6300<br \/>\nMan\u00f6vrering Fj\u00e4rrstyrd<br \/>\nChoke &#8211;<br \/>\nOljevolym 2,7 L<br \/>\nBr\u00e4nsletank &#8211;<br \/>\nT\u00e4ndsystem Heltransistorerat<br \/>\nGenerator<br \/>\n12V, 19A<br \/>\nUpph\u00e4ngning Gummiupph\u00e4ngning<br \/>\nTriml\u00e4gen Power trim och tilt<br \/>\nUtv\u00e4xling 2.27:1<br \/>\nV\u00e4xell\u00e4gen F-N-R<br \/>\nAvgasutsl\u00e4pp Genom propeller<br \/>\nRek. propeller 9&#8243;-17&#8243;<\/p>\n<\/div>\n<\/div>\n<\/div>","protected":false},"excerpt":{"rendered":"<h3 class=\"field-label\">Fakta<\/h3>\n<div class=\"field facts\">\n<div class=\"row\">\n<div class=\"col-xs-3\">\n<div class=\"field facts_type\">Hk<\/div>\n<\/div>\n<div class=\"col-xs-3\">\n<div class=\"field facts_value\">60 Hk.<\/div>\n<\/div>\n<\/div>\n<\/div>\n<div class=\"field facts\">\n<div class=\"row\">\n<div class=\"col-xs-3\">\n<div class=\"field facts_type\">Start<\/div>\n<\/div>\n<div class=\"col-xs-3\">\n<div class=\"field facts_value\">El<\/div>\n<\/div>\n<\/div>\n<\/div>\n<div class=\"field facts\">\n<div class=\"row\">\n<div class=\"col-xs-3\">\n<div class=\"field facts_type\">Vikt<\/div>\n<\/div>\n<div class=\"col-xs-3\">\n<div class=\"field facts_value\">104 Kg.<\/div>\n<\/div>\n<\/div>\n<\/div>\n<div class=\"field facts\">\n<div class=\"row\">\n<div class=\"col-xs-3\">\n<div class=\"field facts_type\">Motortyp<\/div>\n<\/div>\n<div class=\"col-xs-3\">\n<div class=\"field facts_value\">4-takt<\/div>\n<\/div>\n<\/div>\n<\/div>","protected":false},"featured_media":3732,"comment_status":"open","ping_status":"closed","template":"","meta":{"site-sidebar-layout":"default","site-content-layout":"default","ast-global-header-display":"","ast-main-header-display":"","ast-hfb-above-header-display":"","ast-hfb-below-header-display":"","ast-hfb-mobile-header-display":"","site-post-title":"","ast-breadcrumbs-content":"","ast-featured-img":"","footer-sml-layout":"","theme-transparent-header-meta":"default","adv-header-id-meta":"","stick-header-meta":"","header-above-stick-meta":"","header-main-stick-meta":"","header-below-stick-meta":""},"product_cat":[65,40],"product_tag":[66,39],"class_list":["post-3731","product","type-product","status-publish","has-post-thumbnail","hentry","product_cat-50hp","product_cat-suzuki","product_tag-50hp","product_tag-nya-motorer"],"_links":{"self":[{"href":"https:\/\/lerkilsbatvarv.se\/en\/wp-json\/wp\/v2\/product\/3731","targetHints":{"allow":["GET"]}}],"collection":[{"href":"https:\/\/lerkilsbatvarv.se\/en\/wp-json\/wp\/v2\/product"}],"about":[{"href":"https:\/\/lerkilsbatvarv.se\/en\/wp-json\/wp\/v2\/types\/product"}],"replies":[{"embeddable":true,"href":"https:\/\/lerkilsbatvarv.se\/en\/wp-json\/wp\/v2\/comments?post=3731"}],"version-history":[{"count":1,"href":"https:\/\/lerkilsbatvarv.se\/en\/wp-json\/wp\/v2\/product\/3731\/revisions"}],"predecessor-version":[{"id":3733,"href":"https:\/\/lerkilsbatvarv.se\/en\/wp-json\/wp\/v2\/product\/3731\/revisions\/3733"}],"wp:featuredmedia":[{"embeddable":true,"href":"https:\/\/lerkilsbatvarv.se\/en\/wp-json\/wp\/v2\/media\/3732"}],"wp:attachment":[{"href":"https:\/\/lerkilsbatvarv.se\/en\/wp-json\/wp\/v2\/media?parent=3731"}],"wp:term":[{"taxonomy":"product_cat","embeddable":true,"href":"https:\/\/lerkilsbatvarv.se\/en\/wp-json\/wp\/v2\/product_cat?post=3731"},{"taxonomy":"product_tag","embeddable":true,"href":"https:\/\/lerkilsbatvarv.se\/en\/wp-json\/wp\/v2\/product_tag?post=3731"}],"curies":[{"name":"wp","href":"https:\/\/api.w.org\/{rel}","templated":true}]}}