{"id":3740,"date":"2021-02-27T07:52:36","date_gmt":"2021-02-27T07:52:36","guid":{"rendered":"https:\/\/lerkilsbatvarv.se\/?post_type=product&#038;p=3740"},"modified":"2021-03-05T07:53:00","modified_gmt":"2021-03-05T07:53:00","slug":"suzuki-df-90a","status":"publish","type":"product","link":"https:\/\/lerkilsbatvarv.se\/en\/product\/suzuki-df-90a\/","title":{"rendered":"Suzuki DF 90A"},"content":{"rendered":"<h2>Suzuki DF 90A<\/h2>\n<div class=\"row\">\n<div class=\"col-xs-4\">\n<div class=\"field body\">\n<p>DF90A<\/p>\n<p>90A \u00e4r motorn som g\u00e5r att anv\u00e4nda till de flesta b\u00e5tar. Vare sig det r\u00f6r sig om fiske, utflykter, vattensporter eller ren transport.<br \/>\nDF90A \u00e4r utrustad med ett system som begr\u00e4nsar upptippningsvinkel och f\u00f6rhindrar att b\u00e5ten skadas genom tilt p\u00e5 motorn.<br \/>\nDen anv\u00e4nder sig av en begr\u00e4nsare av kontinuerlig typ, vilket g\u00f6r att motorn kan anv\u00e4ndas p\u00e5 n\u00e4stan vilken b\u00e5t typ som helst.<br \/>\nMotorn \u00e4r utrustad med Suzuki Keyless Start System som fungerar som ett integrerat st\u00f6ldskydd \u2013 Suzuki Security System.<br \/>\nEn kodad nyckeldosa kommunicerar med en enhet i b\u00e5ten och m\u00f6jligg\u00f6r en nyckelfri start av motorn.<\/p>\n<p>DF70\/80\/90 TEKNIK<\/p>\n<p>Riggl\u00e4ngd mm L 510<br \/>\nStartsystem Elektriskt<br \/>\nVikt i kg 155<br \/>\nMotortyp DOHC, 16 vent<br \/>\nBr\u00e4nslesystem Sekventiell Multi Point Elektronisk Br\u00e4nsleinsprutning \/ Lean Burn<br \/>\nAntal cylindrar 4<br \/>\nSlagvolym cm\u00b3 1502<br \/>\nBorrning x slag mm 75 x 85<br \/>\nMaxeffekt kW DF70: 51,5 DF80: 58,8 DF90: 66,2<br \/>\nRek. fullgasvarvtal rpm DF70\/80: 5000-6000 DF90: 5300-6300<br \/>\nMan\u00f6vrering Reglagebox<br \/>\nChoke &#8211;<br \/>\nOljevolym 4 liter<br \/>\nBr\u00e4nsletank &#8211;<br \/>\nT\u00e4ndsystem Heltransistorerat<br \/>\nGenerator<br \/>\n12V, 27A<br \/>\nUpph\u00e4ngning Gummiupph\u00e4ngning<br \/>\nTriml\u00e4gen Power trim och tilt<br \/>\nUtv\u00e4xling 2,59:1<br \/>\nV\u00e4xell\u00e4gen F-N-R<br \/>\nAvgasutsl\u00e4pp Genom propeller<br \/>\nRek. propeller 13&#8243;-23&#8243;<\/p>\n<\/div>\n<\/div>\n<\/div>","protected":false},"excerpt":{"rendered":"<h3 class=\"field-label\">Fakta<\/h3>\n<div class=\"field facts\">\n<div class=\"row\">\n<div class=\"col-xs-3\">\n<div class=\"field facts_type\">Hk<\/div>\n<\/div>\n<div class=\"col-xs-3\">\n<div class=\"field facts_value\">90 Hk.<\/div>\n<\/div>\n<\/div>\n<\/div>\n<div class=\"field facts\">\n<div class=\"row\">\n<div class=\"col-xs-3\">\n<div class=\"field facts_type\">Start<\/div>\n<\/div>\n<div class=\"col-xs-3\">\n<div class=\"field facts_value\">El<\/div>\n<\/div>\n<\/div>\n<\/div>\n<div class=\"field facts\">\n<div class=\"row\">\n<div class=\"col-xs-3\">\n<div class=\"field facts_type\">Vikt<\/div>\n<\/div>\n<div class=\"col-xs-3\">\n<div class=\"field facts_value\">155 Kg.<\/div>\n<\/div>\n<\/div>\n<\/div>\n<div class=\"field facts\">\n<div class=\"row\">\n<div class=\"col-xs-3\">\n<div class=\"field facts_type\">Motortyp<\/div>\n<\/div>\n<div class=\"col-xs-3\">\n<div class=\"field facts_value\">4-takt<\/div>\n<\/div>\n<\/div>\n<\/div>","protected":false},"featured_media":3741,"comment_status":"open","ping_status":"closed","template":"","meta":{"site-sidebar-layout":"default","site-content-layout":"default","ast-global-header-display":"","ast-main-header-display":"","ast-hfb-above-header-display":"","ast-hfb-below-header-display":"","ast-hfb-mobile-header-display":"","site-post-title":"","ast-breadcrumbs-content":"","ast-featured-img":"","footer-sml-layout":"","theme-transparent-header-meta":"default","adv-header-id-meta":"","stick-header-meta":"","header-above-stick-meta":"","header-main-stick-meta":"","header-below-stick-meta":""},"product_cat":[65,40],"product_tag":[66,39],"class_list":["post-3740","product","type-product","status-publish","has-post-thumbnail","hentry","product_cat-50hp","product_cat-suzuki","product_tag-50hp","product_tag-nya-motorer"],"_links":{"self":[{"href":"https:\/\/lerkilsbatvarv.se\/en\/wp-json\/wp\/v2\/product\/3740","targetHints":{"allow":["GET"]}}],"collection":[{"href":"https:\/\/lerkilsbatvarv.se\/en\/wp-json\/wp\/v2\/product"}],"about":[{"href":"https:\/\/lerkilsbatvarv.se\/en\/wp-json\/wp\/v2\/types\/product"}],"replies":[{"embeddable":true,"href":"https:\/\/lerkilsbatvarv.se\/en\/wp-json\/wp\/v2\/comments?post=3740"}],"version-history":[{"count":1,"href":"https:\/\/lerkilsbatvarv.se\/en\/wp-json\/wp\/v2\/product\/3740\/revisions"}],"predecessor-version":[{"id":3742,"href":"https:\/\/lerkilsbatvarv.se\/en\/wp-json\/wp\/v2\/product\/3740\/revisions\/3742"}],"wp:featuredmedia":[{"embeddable":true,"href":"https:\/\/lerkilsbatvarv.se\/en\/wp-json\/wp\/v2\/media\/3741"}],"wp:attachment":[{"href":"https:\/\/lerkilsbatvarv.se\/en\/wp-json\/wp\/v2\/media?parent=3740"}],"wp:term":[{"taxonomy":"product_cat","embeddable":true,"href":"https:\/\/lerkilsbatvarv.se\/en\/wp-json\/wp\/v2\/product_cat?post=3740"},{"taxonomy":"product_tag","embeddable":true,"href":"https:\/\/lerkilsbatvarv.se\/en\/wp-json\/wp\/v2\/product_tag?post=3740"}],"curies":[{"name":"wp","href":"https:\/\/api.w.org\/{rel}","templated":true}]}}