{"id":3749,"date":"2021-02-27T11:13:43","date_gmt":"2021-02-27T11:13:43","guid":{"rendered":"https:\/\/lerkilsbatvarv.se\/?post_type=product&#038;p=3749"},"modified":"2021-02-27T11:34:17","modified_gmt":"2021-02-27T11:34:17","slug":"suzuki-df-140bg","status":"publish","type":"product","link":"https:\/\/lerkilsbatvarv.se\/en\/product\/suzuki-df-140bg\/","title":{"rendered":"Suzuki DF 140BG"},"content":{"rendered":"<h2>Suzuki DF 140BG<\/h2>\n<div class=\"row\">\n<div class=\"col-xs-4\">\n<div class=\"field body\">\n<p>DF140BG<\/p>\n<p>Suzuki lanserar tv\u00e5 helt nya modeller till s\u00e4songen 2021: DF115BG och DF140BG, b\u00e5da \u00e4r 4-takts utombordare. Detta \u00e4r de f\u00f6rsta utombordarna i sin klass med elektronisk styrning av gas och v\u00e4xel, s\u00e5 kallad \u201dfly by wire\u201d, som bland annat medf\u00f6r mer exakt styrning av gas och v\u00e4xel och \u00f6kar k\u00f6rupplevelsen. Suzuki kallar det SPC, Suzuki Precision Control.<br \/>\nSPC medf\u00f6r mjuk och exakt v\u00e4xling och styrning av gasen, vilket ocks\u00e5 leder till \u00f6kad prestanda och l\u00e4gre br\u00e4nslef\u00f6rbrukning. Suzuki har l\u00e5ng erfarenhet av elektronisk styrning eftersom f\u00f6retaget lanserade det f\u00f6r manga \u00e5r sedan p\u00e5 st\u00f6rsta modellerna.<\/p>\n<p>SPC \u00e4r dock inte den enda nyheten p\u00e5 de h\u00e4r motorerna. Tillverkaren har \u00e4ven uppdaterat sj\u00e4lva motorn. Suzuki har h\u00f6jt kompressionen till 10.6:1 i denna 2,0 liters fyrcylindriga motor, n\u00e5got som ger h\u00f6gre toppfart och b\u00e4ttre acceleration. Dessutom har br\u00e4nslef\u00f6rbrukningen s\u00e4nkts med ca 5\u20137% i marschfartsomr\u00e5det j\u00e4mf\u00f6rt med nuvarande DF115A och DF140A.<\/p>\n<p>Nya DF115BG och DF140BG har \u00e4ven f\u00e5tt en helt ny generator p\u00e5 hela 40A samt med \u00f6kad laddningsf\u00f6rm\u00e5ga p\u00e5 tomg\u00e5ng och l\u00e5ga varvtal, vilket \u00e4r mycket bra f\u00f6r dagens str\u00f6mslukande fiskeb\u00e5tar som spenderar l\u00e5ng tid i trollingfart.<\/p>\n<p>\u00c4ven om mycket \u00e4r nytt under k\u00e5pan s\u00e5 finns de \u00e4ven nyheter som \u00e4r synliga f\u00f6r \u00f6gat. Motork\u00e5pan har en helt ny, modern, design som passar v\u00e4l till m\u00e5nga olika b\u00e5ttyper. Nya DF115BG och DF140BG finns med antingen L-rigg (20\u201d) samt med XL-rigg (25\u201d).<\/p>\n<p>115 hk och 140 hk \u00e4r en effektklass som passar v\u00e4ldigt m\u00e5nga b\u00e5tar i Sverige. B\u00e5da motorerna kommer att finnas b\u00e5de i svart f\u00e4rg och \u00e4ven i en helt ny vit f\u00e4rg, Super Cool White. K\u00e5pan har \u00e4ven f\u00e5tt ett helt nytt luftintag\/insugssystem som inneh\u00e5ller en f\u00f6rb\u00e4ttrad vattenseparator och en helt ny resonanskammare som s\u00e4nker insugsljudet till nya l\u00e5ga niv\u00e5er \u00f6ver hela varvtalsomr\u00e5det.<\/p>\n<p>F\u00f6r att underl\u00e4tta service s\u00e5 beh\u00f6ver endast motork\u00e5pan avl\u00e4gsnas. Motorn har \u00e4ven f\u00e5tt en spillkrage vid oljefiltret, vilket g\u00f6r att olja inte spills ut p\u00e5 marken eller i vattnet. Motorn har \u00e4ven en sensor som varnar f\u00f6r eventuellt vatten i br\u00e4nslet.<\/p>\n<p>DF140BG \u00e4r modellen f\u00f6r dig som vill ha h\u00f6g prestanda i kombination med l\u00e5g vikt.<br \/>\n140BG har en ny avancerad br\u00e4nsletillf\u00f6rsel, s\u00e5 kallad Lean Burn Fuel System, som ger dig imponerande br\u00e4nsleekonomi utan att offra prestanda!<br \/>\nF\u00f6r b\u00e4sta prestanda har modellen dubbla \u00f6verliggande kamaxlar (DOHC), fyra ventiler per cylinder, ett avst\u00e4mt och vattenkylt insugningsr\u00f6r samt ett avgassystem av typen 4-2-1.<br \/>\nAvgassystemet, som \u00e4r v\u00e4l utprovat i t\u00e4vlingssammanhang, ger b\u00e4ttre prestanda och h\u00f6gre vridmoment.<br \/>\nSt\u00f6rre propellrar<br \/>\nF\u00f6r \u00f6kad kraft har vi den elektroniska br\u00e4nsleinsprutningen och ett rej\u00e4lt luftintag.<br \/>\nSlutv\u00e4xelns utv\u00e4xling p\u00e5 hela 2,38:1 g\u00f6r att modellen kan driva en st\u00f6rre propeller som ger dig en perfekt kombination av acceleration och hastighet.<br \/>\nDetta g\u00f6r att du kan f\u00f6rflytta dig snabbt, dra p\u00e5 i mellanregistret och komma upp i en rej\u00e4l toppfart.<br \/>\nBalanserad<br \/>\nKonstruktionen med framskjuten vevaxel och tv\u00e5stegs kamaxeldrivning g\u00f6r DF140 till en kompakt och optimalt balanserad motor p\u00e5 akterspegeln.<\/p>\n<p>DF140 TEKNIK<\/p>\n<p>Riggl\u00e4ngd mm L 508, X 635<br \/>\nStartsystem Elektriskt<br \/>\nVikt i kg L 186, X 191<br \/>\nMotortyp DOHC, 16 vent<br \/>\nBr\u00e4nslesystem Multi Point Elektronisk Br\u00e4nsleinsprutning<br \/>\nAntal cylindrar 4<br \/>\nSlagvolym cm\u00b3 2044<br \/>\nBorrning x slag mm 86 x 88<br \/>\nMaxeffekt kW 103<br \/>\nRek. fullgasvarvtal rpm 5600-6200<br \/>\nMan\u00f6vrering Reglagebox<br \/>\nChoke &#8211;<br \/>\nOljevolym 5,5 liter<br \/>\nBr\u00e4nsletank &#8211;<br \/>\nT\u00e4ndsystem Heltransistorerat<br \/>\nGenerator<br \/>\n12V, 40A<br \/>\nUpph\u00e4ngning Gummiupph\u00e4ngning<br \/>\nTriml\u00e4gen Power trim och tilt<br \/>\nUtv\u00e4xling 2,59:1<br \/>\nV\u00e4xell\u00e4gen F-N-R<br \/>\nAvgasutsl\u00e4pp Genom propeller<br \/>\nRek. propeller 15&#8243;-23&#8243;<\/p>\n<\/div>\n<\/div>\n<\/div>","protected":false},"excerpt":{"rendered":"<h3 class=\"field-label\">Fakta<\/h3>\n<div class=\"field facts\">\n<div class=\"row\">\n<div class=\"col-xs-3\">\n<div class=\"field facts_type\">Hk<\/div>\n<\/div>\n<div class=\"col-xs-3\">\n<div class=\"field facts_value\">140 Hk.<\/div>\n<\/div>\n<\/div>\n<\/div>\n<div class=\"field facts\">\n<div class=\"row\">\n<div class=\"col-xs-3\">\n<div class=\"field facts_type\">Start<\/div>\n<\/div>\n<div class=\"col-xs-3\">\n<div class=\"field facts_value\">El<\/div>\n<\/div>\n<\/div>\n<\/div>\n<div class=\"field facts\">\n<div class=\"row\">\n<div class=\"col-xs-3\">\n<div class=\"field facts_type\">Vikt<\/div>\n<\/div>\n<div class=\"col-xs-3\">\n<div class=\"field facts_value\">186 Kg.<\/div>\n<\/div>\n<\/div>\n<\/div>\n<div class=\"field facts\">\n<div class=\"row\">\n<div class=\"col-xs-3\">\n<div class=\"field facts_type\">Motortyp<\/div>\n<\/div>\n<div class=\"col-xs-3\">\n<div class=\"field facts_value\">4-takt<\/div>\n<\/div>\n<\/div>\n<\/div>","protected":false},"featured_media":3173,"comment_status":"open","ping_status":"closed","template":"","meta":{"site-sidebar-layout":"default","site-content-layout":"default","ast-global-header-display":"","ast-main-header-display":"","ast-hfb-above-header-display":"","ast-hfb-below-header-display":"","ast-hfb-mobile-header-display":"","site-post-title":"","ast-breadcrumbs-content":"","ast-featured-img":"","footer-sml-layout":"","theme-transparent-header-meta":"default","adv-header-id-meta":"","stick-header-meta":"","header-above-stick-meta":"","header-main-stick-meta":"","header-below-stick-meta":""},"product_cat":[63,40],"product_tag":[64,39],"class_list":["post-3749","product","type-product","status-publish","has-post-thumbnail","hentry","product_cat-100hp","product_cat-suzuki","product_tag-100hp","product_tag-nya-motorer"],"_links":{"self":[{"href":"https:\/\/lerkilsbatvarv.se\/en\/wp-json\/wp\/v2\/product\/3749","targetHints":{"allow":["GET"]}}],"collection":[{"href":"https:\/\/lerkilsbatvarv.se\/en\/wp-json\/wp\/v2\/product"}],"about":[{"href":"https:\/\/lerkilsbatvarv.se\/en\/wp-json\/wp\/v2\/types\/product"}],"replies":[{"embeddable":true,"href":"https:\/\/lerkilsbatvarv.se\/en\/wp-json\/wp\/v2\/comments?post=3749"}],"version-history":[{"count":3,"href":"https:\/\/lerkilsbatvarv.se\/en\/wp-json\/wp\/v2\/product\/3749\/revisions"}],"predecessor-version":[{"id":3778,"href":"https:\/\/lerkilsbatvarv.se\/en\/wp-json\/wp\/v2\/product\/3749\/revisions\/3778"}],"wp:featuredmedia":[{"embeddable":true,"href":"https:\/\/lerkilsbatvarv.se\/en\/wp-json\/wp\/v2\/media\/3173"}],"wp:attachment":[{"href":"https:\/\/lerkilsbatvarv.se\/en\/wp-json\/wp\/v2\/media?parent=3749"}],"wp:term":[{"taxonomy":"product_cat","embeddable":true,"href":"https:\/\/lerkilsbatvarv.se\/en\/wp-json\/wp\/v2\/product_cat?post=3749"},{"taxonomy":"product_tag","embeddable":true,"href":"https:\/\/lerkilsbatvarv.se\/en\/wp-json\/wp\/v2\/product_tag?post=3749"}],"curies":[{"name":"wp","href":"https:\/\/api.w.org\/{rel}","templated":true}]}}